{"id":13508,"date":"2024-07-03T13:27:39","date_gmt":"2024-07-03T11:27:39","guid":{"rendered":"https:\/\/marrakechbudgettours.com\/tour\/shared-2-days-desert-tour-to-zagora-from-marrakech\/"},"modified":"2025-05-16T11:55:41","modified_gmt":"2025-05-16T09:55:41","slug":"excursion-2-dias-desierto-zagora","status":"publish","type":"product","link":"https:\/\/www.marrakechbudgettours.com\/es\/tour\/excursion-2-dias-desierto-zagora\/","title":{"rendered":"Excursi\u00f3n de 2 d\u00edas al desierto de Zagora desde Marrakech"},"content":{"rendered":"<h3 class=\"\" data-start=\"135\" data-end=\"256\">\u00a1Sum\u00e9rgete en el coraz\u00f3n de Marruecos con nuestro tour compartido de 2 d\u00edas al desierto desde Marrakech hasta Zagora!<\/h3>\n<p class=\"\" data-start=\"258\" data-end=\"820\">Esta aventura est\u00e1 repleta de paisajes impresionantes y experiencias \u00fanicas, perfecta para quienes desean explorar la magia del desierto. Ya sea que viajes solo, en pareja o en grupo, este tour compartido de Marrakech a Zagora promete paisajes inolvidables, paseos en camello y una noche m\u00e1gica bajo las estrellas. \u00danete a esta excursi\u00f3n desde Marrakech al desierto de Zagora y descubre los tesoros escondidos del sur marroqu\u00ed. Los tours por el desierto de Marruecos ofrecen una combinaci\u00f3n inigualable de cultura y aventura, creando recuerdos para toda la vida.<\/p>\n<div class=\"tour-content-before\">\n<ul>\n<li>Cruza las monta\u00f1as del Alto Atlas y el puerto de Tizi Ntichka.<\/li>\n<li><i class=\"gdlr-core-icon-list-icon fa5r fa5-dot-circle\"><\/i>Visita el pueblo bereber de Ait Ben Haddou, famoso por su Kasbah declarada Patrimonio de la Humanidad<\/li>\n<li><i class=\"gdlr-core-icon-list-icon fa5r fa5-dot-circle\"><\/i>Recorre el Valle del Draa con sus pueblos fortificados, palmerales y r\u00edos rodeados de oasis.<\/li>\n<li><i class=\"gdlr-core-icon-list-icon fa5r fa5-dot-circle\"><\/i>Monta en camello mientras contemplas el atardecer en el desierto de Zagora.<\/li>\n<li><i class=\"gdlr-core-icon-list-icon fa5r fa5-dot-circle\"><\/i>Duerme bajo las estrellas en un campamento tradicional bereber en el desierto.<\/li>\n<li><i class=\"gdlr-core-icon-list-icon fa5r fa5-dot-circle\"><\/i>Visita Ouarzazate y los Estudios de Cine Atlas.<\/li>\n<\/ul>\n<\/div>\n<p>&nbsp;<\/p>\n<hr \/>\n<p>&nbsp;<\/p>\n<div class=\"tour-content-what-included\">\n<h4 id=\"whats-included\">Qu\u00e9 incluye<\/h4>\n<ul style=\"column-count: 2;\">\n<li><i class=\"tk tk-check\" aria-hidden=\"true\"><\/i>Transporte de ida y vuelta en veh\u00edculo con aire acondicionado<\/li>\n<li><i class=\"tk tk-check\" aria-hidden=\"true\"><\/i>Recogida en tu hotel o riad en Marrakech<\/li>\n<li><i class=\"tk tk-check\" aria-hidden=\"true\"><\/i>Experiencia de paseo en camello<\/li>\n<li><i class=\"tk tk-check\" aria-hidden=\"true\"><\/i>Noche en campamento en el desierto del Sahara<\/li>\n<li><i class=\"tk tk-check\" aria-hidden=\"true\"><\/i>Comidas: 1 desayuno y 1 cena<\/li>\n<li><i class=\"tk tk-check\" aria-hidden=\"true\"><\/i>Conductor y gu\u00eda de habla inglesa durante todo el recorrido<\/li>\n<li><i class=\"tk tk-times\"><\/i>Entradas a los sitios visitados<\/li>\n<li><i class=\"tk tk-times\"><\/i>Propinas (opcional)<\/li>\n<li><i class=\"tk tk-times\"><\/i>Almuerzo (no incluido)<\/li>\n<\/ul>\n<\/div>\n<p>&nbsp;<\/p>\n<hr \/>\n<p>&nbsp;<\/p>\n<div class=\"tour-content-add-information\">\n<div class=\"tour-content-add-information\">\n<h4 id=\"additional-info\">Informaci\u00f3n adicional<\/h4>\n<ul style=\"column-count: 2;\">\n<li>La confirmaci\u00f3n se recibe en el momento de la reserva<\/li>\n<li>No accesible para personas en silla de ruedas<\/li>\n<li>Se requiere un m\u00ednimo de 2 personas por reserva<\/li>\n<li>No recomendado para personas con problemas de espalda<\/li>\n<li>No recomendado para mujeres embarazadas<\/li>\n<li>La mayor\u00eda de los viajeros pueden participar<\/li>\n<li>Llevar calzado c\u00f3modo para caminar, protector solar y sombrero<\/li>\n<li>Se recomienda ropa abrigada para las noches en el desierto<\/li>\n<\/ul>\n<\/div>\n<p>&nbsp;<\/p>\n<hr \/>\n<p>&nbsp;<\/p>\n<div class=\"tour-content-cancell-policy\">\n<h4 id=\"cancelation-policy\">Punto de encuentro y recogida<\/h4>\n<ul style=\"column-count: 2;\">\n<li><strong>Punto de encuentro:<\/strong> Recogida desde tu hotel en el centro de Marrakech el d\u00eda del tour (o el punto m\u00e1s cercano accesible en coche a tu riad).<\/li>\n<li><strong>Instrucciones:<\/strong> Por favor, estate listo en el vest\u00edbulo del hotel 10 minutos antes de la hora prevista de recogida.<\/li>\n<\/ul>\n<\/div>\n<div class=\"tour-content-cancell-policy\"><\/div>\n<\/div>\n","protected":false},"excerpt":{"rendered":"<p>\u00a1Sum\u00e9rgete en el coraz\u00f3n de Marruecos con nuestro tour compartido de 2 d\u00edas al desierto desde Marrakech hasta Zagora!<br \/>\nEsta aventura est\u00e1 repleta de paisajes impresionantes y experiencias \u00fanicas, perfecta <\/p>\n","protected":false},"featured_media":10913,"comment_status":"open","ping_status":"closed","template":"","meta":[],"product_cat":[328,358,356,327],"product_tag":[360],"_links":{"self":[{"href":"https:\/\/www.marrakechbudgettours.com\/es\/wp-json\/wp\/v2\/product\/13508"}],"collection":[{"href":"https:\/\/www.marrakechbudgettours.com\/es\/wp-json\/wp\/v2\/product"}],"about":[{"href":"https:\/\/www.marrakechbudgettours.com\/es\/wp-json\/wp\/v2\/types\/product"}],"replies":[{"embeddable":true,"href":"https:\/\/www.marrakechbudgettours.com\/es\/wp-json\/wp\/v2\/comments?post=13508"}],"wp:featuredmedia":[{"embeddable":true,"href":"https:\/\/www.marrakechbudgettours.com\/es\/wp-json\/wp\/v2\/media\/10913"}],"wp:attachment":[{"href":"https:\/\/www.marrakechbudgettours.com\/es\/wp-json\/wp\/v2\/media?parent=13508"}],"wp:term":[{"taxonomy":"product_cat","embeddable":true,"href":"https:\/\/www.marrakechbudgettours.com\/es\/wp-json\/wp\/v2\/product_cat?post=13508"},{"taxonomy":"product_tag","embeddable":true,"href":"https:\/\/www.marrakechbudgettours.com\/es\/wp-json\/wp\/v2\/product_tag?post=13508"}],"curies":[{"name":"wp","href":"https:\/\/api.w.org\/{rel}","templated":true}]}}