{"id":13538,"date":"2024-07-07T11:59:31","date_gmt":"2024-07-07T09:59:31","guid":{"rendered":"https:\/\/marrakechbudgettours.com\/tour\/marrakech-to-fes-3-days-shared-merzouga-desert-tour\/"},"modified":"2025-05-21T12:10:33","modified_gmt":"2025-05-21T10:10:33","slug":"excursion-al-desierto-desde-marrakech-a-fez","status":"publish","type":"product","link":"https:\/\/www.marrakechbudgettours.com\/es\/tour\/excursion-al-desierto-desde-marrakech-a-fez\/","title":{"rendered":"EXCURSI\u00d3N DE 3 D\u00cdAS AL DESIERTO DESDE MARRAKECH A FEZ"},"content":{"rendered":"<p>Emb\u00e1rcate en el emocionante <strong>Excursi\u00f3n De 3 D\u00edas Al Desierto Desde Marrakech A Fez<\/strong>, una experiencia como ninguna otra. Recorre los impresionantes paisajes del Sahara, monta en camello sobre vastas dunas de arena y pasa la noche en campamentos tradicionales bereberes. Este tour es perfecto para los amantes de la aventura, entusiastas de la cultura y quienes desean explorar la belleza natural de Marruecos. El <strong>tour por el desierto de Marrakech a Fez<\/strong> ofrece un viaje lleno de experiencias \u00fanicas y momentos inolvidables. \u00danete a nuestro <strong>tour compartido por el desierto de 3 d\u00edas de Marrakech a Fez<\/strong> y sum\u00e9rgete en la rica cultura y paisajes impresionantes de Marruecos. El <strong>tour de 3 d\u00edas al desierto del Sahara hacia Merzouga desde Marrakech<\/strong> promete ser una aventura inolvidable.<\/p>\n<div class=\"tour-content-before\">\n<ul>\n<li>Cruza las Monta\u00f1as del Alto Atlas: Viaja por el pintoresco paso de Tizi N&#8217;tichka y visita la hist\u00f3rica Kasbah Ait Ben Haddou.<\/li>\n<li><i class=\"gdlr-core-icon-list-icon fa5r fa5-dot-circle\"><\/i>Ve el Valle de las Rosas: Admira los coloridos paisajes y pueblos tradicionales de camino a los ca\u00f1ones del Dades.<\/li>\n<li><i class=\"gdlr-core-icon-list-icon fa5r fa5-dot-circle\"><\/i>Visita los Ca\u00f1ones de Todra: Explora las imponentes formaciones rocosas tras un paseo junto al arroyo del oasis de Tinghir.<\/li>\n<li><i class=\"gdlr-core-icon-list-icon fa5r fa5-dot-circle\"><\/i>Paseo en camello en Merzouga: Disfruta de un paseo en camello al atardecer sobre las dunas y acampa bajo las estrellas en el Sahara.<\/li>\n<li><i class=\"gdlr-core-icon-list-icon fa5r fa5-dot-circle\"><\/i>Descubre el Atlas Medio: Viaja por las monta\u00f1as del Atlas Medio y los bosques de cedros en tu camino de Merzouga a Fez.<\/li>\n<\/ul>\n<\/div>\n<p>&nbsp;<\/p>\n<hr \/>\n<p>&nbsp;<\/p>\n<div class=\"tour-content-what-included\">\n<div class=\"tour-content-what-included\">\n<h4 id=\"whats-included\">\u00bfQu\u00e9 est\u00e1 incluido?<\/h4>\n<ul style=\"column-count: 2;\">\n<li><i class=\"tk tk-check\" aria-hidden=\"true\"><\/i>Transporte ida y vuelta en veh\u00edculo con aire acondicionado<\/li>\n<li><i class=\"tk tk-check\" aria-hidden=\"true\"><\/i>Servicio de recogida desde tu hotel o riad<\/li>\n<li><i class=\"tk tk-check\" aria-hidden=\"true\"><\/i>Experiencia de paseo en camello<\/li>\n<li><i class=\"tk tk-check\" aria-hidden=\"true\"><\/i>Alojamiento en un campamento tradicional del desierto del Sahara<\/li>\n<li><i class=\"tk tk-check\" aria-hidden=\"true\"><\/i>Comidas: 2 desayunos, 2 cenas<\/li>\n<li><i class=\"tk tk-check\" aria-hidden=\"true\"><\/i>Conductor de habla inglesa<\/li>\n<li><i class=\"tk tk-times\"><\/i>Entradas a atracciones<\/li>\n<li><i class=\"tk tk-times\"><\/i>Propinas (opcional)<\/li>\n<li><i class=\"tk tk-times\"><\/i>Almuerzos<\/li>\n<\/ul>\n<\/div>\n<\/div>\n<p>&nbsp;<\/p>\n<hr \/>\n<p>&nbsp;<\/p>\n<div class=\"tour-content-add-information\">\n<div class=\"tour-content-add-information\">\n<h4 id=\"additional-info\">Informaci\u00f3n adicional<\/h4>\n<ul style=\"column-count: 2;\">\n<li>La confirmaci\u00f3n se recibir\u00e1 al momento de la reserva<\/li>\n<li>No accesible para sillas de ruedas<\/li>\n<li>Se requiere un m\u00ednimo de 2 personas por reserva<\/li>\n<li>No recomendado para viajeros con problemas de espalda<\/li>\n<li>No recomendado para mujeres embarazadas<\/li>\n<li>La mayor\u00eda de los viajeros pueden participar<\/li>\n<li>Llevar calzado c\u00f3modo para caminar, protector solar y sombrero<\/li>\n<li>Se recomienda ropa de abrigo para las noches en el desierto<\/li>\n<\/ul>\n<\/div>\n<p>&nbsp;<\/p>\n<\/div>\n<hr \/>\n<p>&nbsp;<\/p>\n<div class=\"tour-content-cancell-policy\">\n<div class=\"tour-content-cancell-policy\">\n<h4 id=\"cancelation-policy\">Punto de encuentro y recogida<\/h4>\n<ul style=\"column-count: 2;\">\n<li><strong>Punto de encuentro:<\/strong> Recogida desde tu hotel en el centro de Marrakech el d\u00eda del tour (o el punto m\u00e1s cercano accesible en coche a tu riad).<\/li>\n<li><strong>Instrucciones:<\/strong> Estar listo en el lobby del hotel 10 minutos antes de la hora de recogida programada.<\/li>\n<\/ul>\n<\/div>\n<div class=\"tour-content-cancell-policy\"><\/div>\n<\/div>\n","protected":false},"excerpt":{"rendered":"<p>Emb\u00e1rcate en el emocionante Excursi\u00f3n De 3 D\u00edas Al Desierto Desde Marrakech A Fez, una experiencia como ninguna otra. Recorre los impresionantes paisajes del Sahara, monta en camello sobre vastas <\/p>\n","protected":false},"featured_media":10963,"comment_status":"open","ping_status":"closed","template":"","meta":[],"product_cat":[341,328,356,342,350,327],"product_tag":[360],"_links":{"self":[{"href":"https:\/\/www.marrakechbudgettours.com\/es\/wp-json\/wp\/v2\/product\/13538"}],"collection":[{"href":"https:\/\/www.marrakechbudgettours.com\/es\/wp-json\/wp\/v2\/product"}],"about":[{"href":"https:\/\/www.marrakechbudgettours.com\/es\/wp-json\/wp\/v2\/types\/product"}],"replies":[{"embeddable":true,"href":"https:\/\/www.marrakechbudgettours.com\/es\/wp-json\/wp\/v2\/comments?post=13538"}],"wp:featuredmedia":[{"embeddable":true,"href":"https:\/\/www.marrakechbudgettours.com\/es\/wp-json\/wp\/v2\/media\/10963"}],"wp:attachment":[{"href":"https:\/\/www.marrakechbudgettours.com\/es\/wp-json\/wp\/v2\/media?parent=13538"}],"wp:term":[{"taxonomy":"product_cat","embeddable":true,"href":"https:\/\/www.marrakechbudgettours.com\/es\/wp-json\/wp\/v2\/product_cat?post=13538"},{"taxonomy":"product_tag","embeddable":true,"href":"https:\/\/www.marrakechbudgettours.com\/es\/wp-json\/wp\/v2\/product_tag?post=13538"}],"curies":[{"name":"wp","href":"https:\/\/api.w.org\/{rel}","templated":true}]}}