{"id":13540,"date":"2024-07-15T11:38:18","date_gmt":"2024-07-15T09:38:18","guid":{"rendered":"https:\/\/marrakechbudgettours.com\/tour\/private-2-days-desert-tour-to-zagora-from-marrakech\/"},"modified":"2025-05-23T11:47:37","modified_gmt":"2025-05-23T09:47:37","slug":"excursion-privada-2-dias-desierto-zagora-marrakech","status":"publish","type":"product","link":"https:\/\/www.marrakechbudgettours.com\/es\/tour\/excursion-privada-2-dias-desierto-zagora-marrakech\/","title":{"rendered":"EXCURSI\u00d3N PRIVADA DE 2 D\u00cdAS AL DESIERTO DE ZAGORA DESDE MARRAKECH"},"content":{"rendered":"<p>Sum\u00e9rgete en una aventura extraordinaria con nuestra <strong>Excursi\u00f3n privada de 2 d\u00edas al desierto de Zagora desde Marrakech<\/strong>. Este <strong>tour privado de Marrakech a Zagora<\/strong> te llevar\u00e1 a trav\u00e9s de impresionantes paisajes des\u00e9rticos y la rica cultura bereber. Ideal para aventureros, parejas y familias, esta <strong>excursi\u00f3n al desierto de Marrakech a Zagora<\/strong> promete experiencias inolvidables. Contempla la belleza cautivadora del desierto marroqu\u00ed, con paseos en camello y noches bajo cielos estrellados. Este tour es la escapada perfecta del bullicio de la ciudad, ofreciendo una mezcla \u00fanica de tranquilidad y aventura.<\/p>\n<div class=\"tour-content-before\">\n<ul>\n<li>Viaje a trav\u00e9s de las Monta\u00f1as del Alto Atlas y el paso Tizi Ntichka.<\/li>\n<li><i class=\"gdlr-core-icon-list-icon fa5r fa5-dot-circle\"><\/i>Visita al pueblo bereber de Ait Ben Haddou, famoso por su kasbah patrimonio mundial.<\/li>\n<li><i class=\"gdlr-core-icon-list-icon fa5r fa5-dot-circle\"><\/i>Viaje por el Valle del Draa con sus pueblos fortificados, r\u00edos bordeados de palmeras y oasis.<\/li>\n<li><i class=\"gdlr-core-icon-list-icon fa5r fa5-dot-circle\"><\/i>Paseo en camello al atardecer en el desierto de Zagora.<\/li>\n<li><i class=\"gdlr-core-icon-list-icon fa5r fa5-dot-circle\"><\/i>Pernocta bajo las estrellas en tu campamento bereber en el desierto.<\/li>\n<li><i class=\"gdlr-core-icon-list-icon fa5r fa5-dot-circle\"><\/i>Visita a Ouarzazate y los estudios de cine Atlas.<\/li>\n<\/ul>\n<p>&nbsp;<\/p>\n<\/div>\n<hr \/>\n<p>&nbsp;<\/p>\n<div class=\"tour-content-what-included\">\n<h4 id=\"whats-included\">\u00bfQu\u00e9 est\u00e1 incluido?<\/h4>\n<ul style=\"column-count: 2;\">\n<li><i class=\"tk tk-check\" aria-hidden=\"true\"><\/i>Transporte de ida y vuelta en veh\u00edculo con aire acondicionado<\/li>\n<li><i class=\"tk tk-check\" aria-hidden=\"true\"><\/i>Servicio de recogida en tu hotel o Riad<\/li>\n<li><i class=\"tk tk-check\" aria-hidden=\"true\"><\/i>Experiencia de paseo en camello<\/li>\n<li><i class=\"tk tk-check\" aria-hidden=\"true\"><\/i>Pernocta en un campamento en el desierto del Sahara<\/li>\n<li><i class=\"tk tk-check\" aria-hidden=\"true\"><\/i>Comidas: 1 desayuno, 1 cena<\/li>\n<li><i class=\"tk tk-check\" aria-hidden=\"true\"><\/i>Conductor y gu\u00eda de habla inglesa durante el tour<\/li>\n<li><i class=\"tk tk-times\"><\/i>Entradas a atracciones<\/li>\n<li><i class=\"tk tk-times\"><\/i>Propinas (opcionales)<\/li>\n<li><i class=\"tk tk-times\"><\/i>Almuerzo<\/li>\n<\/ul>\n<\/div>\n<p>&nbsp;<\/p>\n<hr \/>\n<p>&nbsp;<\/p>\n<div class=\"tour-content-add-information\">\n<h4 id=\"additional-info\">Informaci\u00f3n adicional<\/h4>\n<ul style=\"column-count: 2;\">\n<li>La confirmaci\u00f3n se recibir\u00e1 en el momento de la reserva<\/li>\n<li>No accesible en silla de ruedas<\/li>\n<li>Se requiere un m\u00ednimo de 2 personas por reserva<\/li>\n<li>No recomendado para viajeros con problemas de espalda<\/li>\n<li>No recomendado para mujeres embarazadas<\/li>\n<li>La mayor\u00eda de los viajeros pueden participar<\/li>\n<li>Este es un tour privado. Solo tu grupo participar\u00e1<\/li>\n<li>Llevar calzado c\u00f3modo, protector solar y sombrero<\/li>\n<li>Se recomienda ropa abrigada para las noches en el desierto<\/li>\n<\/ul>\n<\/div>\n<p>&nbsp;<\/p>\n<hr \/>\n<p>&nbsp;<\/p>\n<div class=\"tour-content-cancell-policy\">\n<h4 id=\"cancelation-policy\">Punto de encuentro y recogida<\/h4>\n<ul style=\"column-count: 2;\">\n<li><strong>Punto de encuentro:<\/strong> Recogida en tu hotel del centro de Marrakech el d\u00eda del tour (o el punto accesible m\u00e1s cercano a tu riad).<\/li>\n<li><strong>Instrucciones:<\/strong> Est\u00e1 listo en el vest\u00edbulo del hotel 10 minutos antes de la hora programada de recogida.<\/li>\n<\/ul>\n<\/div>\n<div class=\"tour-content-cancell-policy\"><\/div>\n<p>&nbsp;<\/p>\n","protected":false},"excerpt":{"rendered":"<p>Sum\u00e9rgete en una aventura extraordinaria con nuestra Excursi\u00f3n privada de 2 d\u00edas al desierto de Zagora desde Marrakech. Este tour privado de Marrakech a Zagora te llevar\u00e1 a trav\u00e9s de <\/p>\n","protected":false},"featured_media":12512,"comment_status":"open","ping_status":"closed","template":"","meta":[],"product_cat":[328,370,327],"product_tag":[],"_links":{"self":[{"href":"https:\/\/www.marrakechbudgettours.com\/es\/wp-json\/wp\/v2\/product\/13540"}],"collection":[{"href":"https:\/\/www.marrakechbudgettours.com\/es\/wp-json\/wp\/v2\/product"}],"about":[{"href":"https:\/\/www.marrakechbudgettours.com\/es\/wp-json\/wp\/v2\/types\/product"}],"replies":[{"embeddable":true,"href":"https:\/\/www.marrakechbudgettours.com\/es\/wp-json\/wp\/v2\/comments?post=13540"}],"wp:featuredmedia":[{"embeddable":true,"href":"https:\/\/www.marrakechbudgettours.com\/es\/wp-json\/wp\/v2\/media\/12512"}],"wp:attachment":[{"href":"https:\/\/www.marrakechbudgettours.com\/es\/wp-json\/wp\/v2\/media?parent=13540"}],"wp:term":[{"taxonomy":"product_cat","embeddable":true,"href":"https:\/\/www.marrakechbudgettours.com\/es\/wp-json\/wp\/v2\/product_cat?post=13540"},{"taxonomy":"product_tag","embeddable":true,"href":"https:\/\/www.marrakechbudgettours.com\/es\/wp-json\/wp\/v2\/product_tag?post=13540"}],"curies":[{"name":"wp","href":"https:\/\/api.w.org\/{rel}","templated":true}]}}