{"id":13542,"date":"2024-07-08T11:25:55","date_gmt":"2024-07-08T09:25:55","guid":{"rendered":"https:\/\/marrakechbudgettours.com\/tour\/3-days-private-tour-from-marrakech-to-sahara-desert-merzouga\/"},"modified":"2025-05-23T12:22:52","modified_gmt":"2025-05-23T10:22:52","slug":"excursion-privada-3-dias-desierto-merzouga-desde-marrakech","status":"publish","type":"product","link":"https:\/\/www.marrakechbudgettours.com\/es\/tour\/excursion-privada-3-dias-desierto-merzouga-desde-marrakech\/","title":{"rendered":"EXCURSI\u00d3N PRIVADA DE 3 D\u00cdAS AL DESIERTO MERZOUGA DESDE MARRAKECH"},"content":{"rendered":"<p>Emb\u00e1rcate en un cautivador <a href=\"https:\/\/marrakechbudgettours.com\"><strong>Excursi\u00f3n Privada De 3 D\u00edas Al Desierto Merzouga Desde Marrakech<\/strong><\/a>, adentr\u00e1ndote en el coraz\u00f3n del desierto marroqu\u00ed. Este tour ofrece una incre\u00edble combinaci\u00f3n de aventura y experiencias culturales, perfecto para familias, parejas y viajeros solos. Los puntos destacados incluyen <strong>paseos en camello<\/strong>, noches en campamentos bereberes tradicionales, visitas a la hist\u00f3rica <strong>Kasbah A\u00eft Benhaddou<\/strong> y paisajes impresionantes de las <strong>monta\u00f1as del Alto Atlas<\/strong>. Vive la magia del Desierto del Sahara con atardeceres y amaneceres inolvidables, enriqueciendo tu viaje a Marruecos con recuerdos que durar\u00e1n toda la vida.<\/p>\n<div class=\"tour-content-before\">\n<ul>\n<li>El desayuno y la cena est\u00e1n incluidos en el precio del tour<\/li>\n<li>Duerme en un campamento bereber en un oasis del desierto<\/li>\n<li>Todos los alojamientos est\u00e1n incluidos<\/li>\n<li>Visita la Kasbah A\u00eft Ben Haddou, Patrimonio de la Humanidad por la UNESCO<\/li>\n<li>Conduce por las monta\u00f1as del Alto Atlas<\/li>\n<li>Visita Ouarzazate, el Hollywood de Marruecos, con los estudios cinematogr\u00e1ficos m\u00e1s grandes del pa\u00eds<\/li>\n<li>Disfruta de un paseo en camello al atardecer hacia el campamento en el desierto de Merzouga<\/li>\n<li>Realiza un paseo en camello temprano por la ma\u00f1ana<\/li>\n<li>Pasa una noche en el Valle del Dades<\/li>\n<li>Visita las Gargantas del Todra<\/li>\n<\/ul>\n<\/div>\n<p>&nbsp;<\/p>\n<hr \/>\n<p>&nbsp;<\/p>\n<div class=\"tour-content-what-included\">\n<h4 id=\"whats-included\">Qu\u00e9 est\u00e1 incluido<\/h4>\n<ul style=\"column-count: 2;\">\n<li><i class=\"tk tk-check\" aria-hidden=\"true\"><\/i>Transporte de ida y vuelta en veh\u00edculo con aire acondicionado<\/li>\n<li><i class=\"tk tk-check\" aria-hidden=\"true\"><\/i>Servicio de recogida en tu hotel o Riad<\/li>\n<li><i class=\"tk tk-check\" aria-hidden=\"true\"><\/i>Experiencia de paseo en camello<\/li>\n<li><i class=\"tk tk-check\" aria-hidden=\"true\"><\/i>Alojamiento en un campamento tradicional del desierto del Sahara<\/li>\n<li><i class=\"tk tk-check\" aria-hidden=\"true\"><\/i>Comidas: 2 desayunos, 2 cenas<\/li>\n<li><i class=\"tk tk-check\" aria-hidden=\"true\"><\/i>Conductor y gu\u00eda de habla inglesa durante el tour<\/li>\n<li><i class=\"tk tk-times\"><\/i>Entradas a las atracciones<\/li>\n<li><i class=\"tk tk-times\"><\/i>Propinas (opcionales)<\/li>\n<li><i class=\"tk tk-times\"><\/i>Almuerzos<\/li>\n<\/ul>\n<\/div>\n<p>&nbsp;<\/p>\n<hr \/>\n<p>&nbsp;<\/p>\n<div class=\"tour-content-add-information\">\n<h4 id=\"additional-info\">Informaci\u00f3n adicional<\/h4>\n<ul style=\"column-count: 2;\">\n<li>La confirmaci\u00f3n se recibe al momento de la reserva<\/li>\n<li>No accesible en silla de ruedas<\/li>\n<li>Se requiere un m\u00ednimo de 2 personas por reserva<\/li>\n<li>No recomendado para personas con problemas de espalda<\/li>\n<li>No recomendado para mujeres embarazadas<\/li>\n<li>La mayor\u00eda de los viajeros pueden participar<\/li>\n<li>Este es un tour\/actividad privado. Solo participar\u00e1 tu grupo<\/li>\n<li>Traer calzado c\u00f3modo, protector solar y sombrero<\/li>\n<li>Se recomienda ropa abrigada para las noches en el desierto<\/li>\n<\/ul>\n<\/div>\n<p>&nbsp;<\/p>\n<hr \/>\n<p>&nbsp;<\/p>\n<div class=\"tour-content-cancell-policy\">\n<h4 id=\"cancelation-policy\">Punto de encuentro y recogida<\/h4>\n<ul style=\"column-count: 2;\">\n<li><strong>Punto de encuentro:<\/strong> Recogida desde tu hotel en el centro de Marrakech el d\u00eda del tour (o el punto accesible m\u00e1s cercano en coche a tu riad).<\/li>\n<li><strong>Instrucciones:<\/strong> Por favor, espera en el vest\u00edbulo del hotel 10 minutos antes de la hora programada de recogida.<\/li>\n<\/ul>\n<\/div>\n<div class=\"tour-content-cancell-policy\"><\/div>\n<p>&nbsp;<\/p>\n","protected":false},"excerpt":{"rendered":"<p>Emb\u00e1rcate en un cautivador Excursi\u00f3n Privada De 3 D\u00edas Al Desierto Merzouga Desde Marrakech, adentr\u00e1ndote en el coraz\u00f3n del desierto marroqu\u00ed. Este tour ofrece una incre\u00edble combinaci\u00f3n de aventura y <\/p>\n","protected":false},"featured_media":11071,"comment_status":"open","ping_status":"closed","template":"","meta":[],"product_cat":[328,370,327],"product_tag":[],"_links":{"self":[{"href":"https:\/\/www.marrakechbudgettours.com\/es\/wp-json\/wp\/v2\/product\/13542"}],"collection":[{"href":"https:\/\/www.marrakechbudgettours.com\/es\/wp-json\/wp\/v2\/product"}],"about":[{"href":"https:\/\/www.marrakechbudgettours.com\/es\/wp-json\/wp\/v2\/types\/product"}],"replies":[{"embeddable":true,"href":"https:\/\/www.marrakechbudgettours.com\/es\/wp-json\/wp\/v2\/comments?post=13542"}],"wp:featuredmedia":[{"embeddable":true,"href":"https:\/\/www.marrakechbudgettours.com\/es\/wp-json\/wp\/v2\/media\/11071"}],"wp:attachment":[{"href":"https:\/\/www.marrakechbudgettours.com\/es\/wp-json\/wp\/v2\/media?parent=13542"}],"wp:term":[{"taxonomy":"product_cat","embeddable":true,"href":"https:\/\/www.marrakechbudgettours.com\/es\/wp-json\/wp\/v2\/product_cat?post=13542"},{"taxonomy":"product_tag","embeddable":true,"href":"https:\/\/www.marrakechbudgettours.com\/es\/wp-json\/wp\/v2\/product_tag?post=13542"}],"curies":[{"name":"wp","href":"https:\/\/api.w.org\/{rel}","templated":true}]}}