{"id":13548,"date":"2024-07-14T11:21:11","date_gmt":"2024-07-14T09:21:11","guid":{"rendered":"https:\/\/marrakechbudgettours.com\/tour\/private-3-days-desert-tour-from-fes-to-marrakech\/"},"modified":"2025-05-23T12:55:34","modified_gmt":"2025-05-23T10:55:34","slug":"tour-privado3-dias-deserto-merzouga-desde-fez","status":"publish","type":"product","link":"https:\/\/www.marrakechbudgettours.com\/es\/tour\/tour-privado3-dias-deserto-merzouga-desde-fez\/","title":{"rendered":"TOUR PRIVADO DE 3 D\u00cdAS DESERTO MERZOUGA DESDE FEZ A MARRAKECH"},"content":{"rendered":"<p>Experimenta el mejor <a href=\"https:\/\/marrakechbudgettours.com\/\"><strong>Tour Privado De 3 D\u00edas Deserto Merzouga Desde Fez A Marrakech<\/strong><\/a> que promete aventura e inmersi\u00f3n cultural. Este <a href=\"https:\/\/marrakechbudgettours.com\/es\/producto\/tour-privado3-dias-deserto-merzouga-desde-fez\/\"><strong>tour privado por el desierto Fez &#8211; Marrakech<\/strong><\/a> te llevar\u00e1 en un viaje como ning\u00fan otro, con paseo en camello, noches bajo las estrellas en campamentos bereberes y visitas a kasbahs hist\u00f3ricas. Ideal para familias, parejas y exploradores solitarios, la aventura <strong>Tour de 3 d\u00edas desde Fez al desierto y Marrakech<\/strong> ofrece paisajes impresionantes y recuerdos inolvidables. \u00a1El rico patrimonio y el impresionante paisaje de Marruecos te esperan!<\/p>\n<div class=\"tour-content-before\">\n<ul>\n<li>Conducci\u00f3n a trav\u00e9s de las monta\u00f1as del Medio Atlas<\/li>\n<li>Observaci\u00f3n de monos de Berber\u00eda en el bosque de cedros del Medio Atlas<\/li>\n<li>Excursi\u00f3n en camello por el desierto del Sahara<\/li>\n<li>Ver la puesta y salida del sol sobre las dunas de Erg Chebbi<\/li>\n<li>Pase una noche memorable en un campamento de lujo en el desierto<\/li>\n<li>Paseo por el desfiladero de Todra en Tinghir<\/li>\n<li>Exploraci\u00f3n del Sitio Patrimonio de la Humanidad de la UNESCO de Ait Ben Haddou<\/li>\n<li>Conducci\u00f3n a trav\u00e9s de las monta\u00f1as del Alto Atlas y su paso Tizi n\u2019Tichka disfrutando de hermosas vistas<\/li>\n<\/ul>\n<\/div>\n<p>&nbsp;<\/p>\n<hr \/>\n<p>&nbsp;<\/p>\n<div class=\"tour-content-what-included\">\n<h4 id=\"whats-included\">Qu\u00e9 Est\u00e1 Incluido<\/h4>\n<ul style=\"column-count: 2;\">\n<li><i class=\"tk tk-check\" aria-hidden=\"true\"><\/i>Transporte de ida y vuelta en veh\u00edculo con aire acondicionado<\/li>\n<li><i class=\"tk tk-check\" aria-hidden=\"true\"><\/i>Servicio de recogida en tu hotel o Riad.<\/li>\n<li><i class=\"tk tk-check\" aria-hidden=\"true\"><\/i>Experiencia de paseo en camello<\/li>\n<li><i class=\"tk tk-check\" aria-hidden=\"true\"><\/i>Estancia nocturna en un campamento tradicional del desierto del Sahara<\/li>\n<li><i class=\"tk tk-check\" aria-hidden=\"true\"><\/i>Comidas: 2 desayunos, 2 cenas<\/li>\n<li><i class=\"tk tk-check\" aria-hidden=\"true\"><\/i>Conductor y gu\u00eda de habla inglesa durante el tour.<\/li>\n<li><i class=\"tk tk-times\"><\/i>Entradas a las atracciones<\/li>\n<li><i class=\"tk tk-times\"><\/i>Propinas (opcionales)<\/li>\n<li><i class=\"tk tk-times\"><\/i>Almuerzo<\/li>\n<\/ul>\n<\/div>\n<p>&nbsp;<\/p>\n<hr \/>\n<p>&nbsp;<\/p>\n<div class=\"tour-content-add-information\">\n<h4 id=\"additional-info\">Informaci\u00f3n Adicional<\/h4>\n<ul style=\"column-count: 2;\">\n<li>La confirmaci\u00f3n se recibe en el momento de la reserva<\/li>\n<li>No accesible para sillas de ruedas<\/li>\n<li>Se requiere un m\u00ednimo de 02 personas por reserva<\/li>\n<li>No recomendado para viajeros con problemas de espalda<\/li>\n<li>No recomendado para mujeres embarazadas<\/li>\n<li>La mayor\u00eda de los viajeros pueden participar<\/li>\n<li>Esta es una actividad\/tour privado. Solo participar\u00e1 tu grupo<\/li>\n<li>Trae calzado c\u00f3modo, protector solar y un sombrero<\/li>\n<li>Se recomienda ropa abrigada para las noches en el desierto<\/li>\n<\/ul>\n<\/div>\n<p>&nbsp;<\/p>\n<hr \/>\n<p>&nbsp;<\/p>\n<div class=\"tour-content-cancell-policy\">\n<h4 id=\"cancelation-policy\">Encuentro y Recogida<\/h4>\n<ul style=\"column-count: 2;\">\n<li><strong>Punto de encuentro:<\/strong> Recogida en tu hotel en el centro de Fez el d\u00eda del tour (o el punto accesible m\u00e1s cercano para coche a tu riad).<\/li>\n<li><strong>Instrucciones:<\/strong> Por favor, estate listo en el lobby del hotel 10 minutos antes de la hora programada para la recogida.<\/li>\n<\/ul>\n<\/div>\n<div class=\"tour-content-cancell-policy\"><\/div>\n<p>&nbsp;<\/p>\n","protected":false},"excerpt":{"rendered":"<p>Experimenta el mejor Tour Privado De 3 D\u00edas Deserto Merzouga Desde Fez A Marrakech que promete aventura e inmersi\u00f3n cultural. Este tour privado por el desierto Fez &#8211; Marrakech te <\/p>\n","protected":false},"featured_media":11086,"comment_status":"open","ping_status":"closed","template":"","meta":[],"product_cat":[370,327],"product_tag":[],"_links":{"self":[{"href":"https:\/\/www.marrakechbudgettours.com\/es\/wp-json\/wp\/v2\/product\/13548"}],"collection":[{"href":"https:\/\/www.marrakechbudgettours.com\/es\/wp-json\/wp\/v2\/product"}],"about":[{"href":"https:\/\/www.marrakechbudgettours.com\/es\/wp-json\/wp\/v2\/types\/product"}],"replies":[{"embeddable":true,"href":"https:\/\/www.marrakechbudgettours.com\/es\/wp-json\/wp\/v2\/comments?post=13548"}],"wp:featuredmedia":[{"embeddable":true,"href":"https:\/\/www.marrakechbudgettours.com\/es\/wp-json\/wp\/v2\/media\/11086"}],"wp:attachment":[{"href":"https:\/\/www.marrakechbudgettours.com\/es\/wp-json\/wp\/v2\/media?parent=13548"}],"wp:term":[{"taxonomy":"product_cat","embeddable":true,"href":"https:\/\/www.marrakechbudgettours.com\/es\/wp-json\/wp\/v2\/product_cat?post=13548"},{"taxonomy":"product_tag","embeddable":true,"href":"https:\/\/www.marrakechbudgettours.com\/es\/wp-json\/wp\/v2\/product_tag?post=13548"}],"curies":[{"name":"wp","href":"https:\/\/api.w.org\/{rel}","templated":true}]}}