{"id":13595,"date":"2024-07-19T11:04:34","date_gmt":"2024-07-19T09:04:34","guid":{"rendered":"https:\/\/marrakechbudgettours.com\/tour\/shared-day-trip-to-ouzoud-falls\/"},"modified":"2025-05-27T12:24:55","modified_gmt":"2025-05-27T10:24:55","slug":"excursion-de-un-dia-a-las-cataratas-de-ouzoud-desde-marrakech","status":"publish","type":"product","link":"https:\/\/www.marrakechbudgettours.com\/es\/tour\/excursion-de-un-dia-a-las-cataratas-de-ouzoud-desde-marrakech\/","title":{"rendered":"EXCURSI\u00d3N DE UN D\u00cdA A LAS CATARATAS DE OUZOUD DESDE MARRAKECH"},"content":{"rendered":"<p>Sum\u00e9rgete en la grandeza de la naturaleza con nuestra <a href=\"https:\/\/marrakechbudgettours.com\/\"><strong>Excursi\u00f3n De Un D\u00eda A Las Cataratas De Ouzoud Desde Marrakech<\/strong><\/a>. Esta excursi\u00f3n te lleva desde las bulliciosas calles de Marrakech hasta las serenas y espectaculares Cascadas de Ouzoud. Perfecta para los amantes de la naturaleza y los aventureros, la <strong>Excursi\u00f3n en Grupo a las Cascadas de Ouzoud<\/strong> promete vistas impresionantes y experiencias inolvidables. Atravesar\u00e1s paisajes pintorescos, encontrar\u00e1s fauna local y sentir\u00e1s el roc\u00edo refrescante de las cascadas. Ideal para viajeros solos, parejas y familias, esta <strong>Excursi\u00f3n de un D\u00eda a las Cascadas de Ouzoud desde Marrakech<\/strong> ofrece una escapada \u00fanica a la belleza natural de Marruecos. \u00danete a nosotros <strong>Desde Marrakech: Cascadas de Ouzoud<\/strong> y crea recuerdos inolvidables.<\/p>\n<div class=\"tour-content-before\">\n<ul>\n<li>Disfruta del transporte de ida y vuelta en un veh\u00edculo con aire acondicionado desde Marrakech.<\/li>\n<li>Descubre algunas de las cascadas m\u00e1s hermosas y altas de Marruecos.<\/li>\n<li>Conoce la cultura bereber actual y prueba tambi\u00e9n su gastronom\u00eda.<\/li>\n<li>Contempla los espectaculares paisajes monta\u00f1osos de Marruecos.<\/li>\n<li>Oportunidad de observar fauna aut\u00f3ctona en su h\u00e1bitat natural.<\/li>\n<li>Captura fotos impresionantes en las impresionantes cascadas.<\/li>\n<\/ul>\n<\/div>\n<p>&nbsp;<\/p>\n<hr \/>\n<p>&nbsp;<\/p>\n<div class=\"tour-content-what-included\">\n<h4 id=\"whats-included\">Qu\u00e9 est\u00e1 incluido<\/h4>\n<ul style=\"column-count: 2;\">\n<li><i class=\"tk tk-check\" aria-hidden=\"true\"><\/i>Transporte de ida y vuelta en veh\u00edculo con aire acondicionado<\/li>\n<li><i class=\"tk tk-check\" aria-hidden=\"true\"><\/i>Servicio de recogida desde tu hotel o riad<\/li>\n<li><i class=\"tk tk-check\" aria-hidden=\"true\"><\/i>Conductor de habla inglesa<\/li>\n<li><i class=\"tk tk-times\"><\/i>Entradas a las atracciones<\/li>\n<li><i class=\"tk tk-times\"><\/i>Propinas (opcionales)<\/li>\n<li><i class=\"tk tk-times\"><\/i>Almuerzo<\/li>\n<\/ul>\n<\/div>\n<p>&nbsp;<\/p>\n<hr \/>\n<p>&nbsp;<\/p>\n<div class=\"tour-content-add-information\">\n<div class=\"tour-content-add-information\">\n<h4 id=\"additional-info\">Informaci\u00f3n adicional<\/h4>\n<ul style=\"column-count: 2;\">\n<li>La confirmaci\u00f3n se recibir\u00e1 en el momento de la reserva<\/li>\n<li>No es accesible en silla de ruedas<\/li>\n<li>Se requiere un m\u00ednimo de 2 personas por reserva<\/li>\n<li>No recomendado para viajeros con problemas de espalda<\/li>\n<li>La mayor\u00eda de los viajeros pueden participar<\/li>\n<li>Trae calzado c\u00f3modo para caminar, protector solar y un sombrero<\/li>\n<\/ul>\n<\/div>\n<p>&nbsp;<\/p>\n<hr \/>\n<p>&nbsp;<\/p>\n<div class=\"tour-content-cancell-policy\">\n<h4 id=\"cancelation-policy\">Punto de encuentro y recogida<\/h4>\n<ul style=\"column-count: 2;\">\n<li><strong>Punto de encuentro:<\/strong> Recogida en tu hotel del centro de Marrakech el d\u00eda del tour (o el punto accesible m\u00e1s cercano a tu riad).<\/li>\n<li><strong>Instrucciones:<\/strong> Por favor, est\u00e9 listo en el vest\u00edbulo del hotel 10 minutos antes de la hora programada de recogida.<\/li>\n<\/ul>\n<\/div>\n<div class=\"tour-content-cancell-policy\"><\/div>\n<\/div>\n","protected":false},"excerpt":{"rendered":"<p>Sum\u00e9rgete en la grandeza de la naturaleza con nuestra Excursi\u00f3n De Un D\u00eda A Las Cataratas De Ouzoud Desde Marrakech. Esta excursi\u00f3n te lleva desde las bulliciosas calles de Marrakech <\/p>\n","protected":false},"featured_media":11203,"comment_status":"open","ping_status":"closed","template":"","meta":[],"product_cat":[352,328,355],"product_tag":[360],"_links":{"self":[{"href":"https:\/\/www.marrakechbudgettours.com\/es\/wp-json\/wp\/v2\/product\/13595"}],"collection":[{"href":"https:\/\/www.marrakechbudgettours.com\/es\/wp-json\/wp\/v2\/product"}],"about":[{"href":"https:\/\/www.marrakechbudgettours.com\/es\/wp-json\/wp\/v2\/types\/product"}],"replies":[{"embeddable":true,"href":"https:\/\/www.marrakechbudgettours.com\/es\/wp-json\/wp\/v2\/comments?post=13595"}],"wp:featuredmedia":[{"embeddable":true,"href":"https:\/\/www.marrakechbudgettours.com\/es\/wp-json\/wp\/v2\/media\/11203"}],"wp:attachment":[{"href":"https:\/\/www.marrakechbudgettours.com\/es\/wp-json\/wp\/v2\/media?parent=13595"}],"wp:term":[{"taxonomy":"product_cat","embeddable":true,"href":"https:\/\/www.marrakechbudgettours.com\/es\/wp-json\/wp\/v2\/product_cat?post=13595"},{"taxonomy":"product_tag","embeddable":true,"href":"https:\/\/www.marrakechbudgettours.com\/es\/wp-json\/wp\/v2\/product_tag?post=13595"}],"curies":[{"name":"wp","href":"https:\/\/api.w.org\/{rel}","templated":true}]}}