{"id":13600,"date":"2024-07-22T12:06:53","date_gmt":"2024-07-22T10:06:53","guid":{"rendered":"https:\/\/marrakechbudgettours.com\/tour\/private-day-trip-from-marrakech-to-ourika-valley-waterfalls\/"},"modified":"2025-05-30T11:57:33","modified_gmt":"2025-05-30T09:57:33","slug":"excursion-privada-al-valle-de-ourika-desde-marrakech","status":"publish","type":"product","link":"https:\/\/www.marrakechbudgettours.com\/es\/tour\/excursion-privada-al-valle-de-ourika-desde-marrakech\/","title":{"rendered":"EXCURSI\u00d3N PRIVADA AL VALLE DE OURIKA DESDE MARRAKECH"},"content":{"rendered":"<p>Emb\u00e1rcate en una fascinante <a href=\"https:\/\/marrakechbudgettours.com\/\"><strong>Excursi\u00f3n Privada Al Valle De Ourika Desde Marrakech<\/strong><\/a>, un viaje que te llevar\u00e1 al coraz\u00f3n del esplendor natural de Marruecos. Este <strong>MEJOR Tour Privado al Valle de Ourika<\/strong> est\u00e1 dise\u00f1ado para quienes buscan tranquilidad y aventura, ofreciendo una combinaci\u00f3n perfecta de ambas. Recorre los paisajes exuberantes, haz senderismo hasta encantadoras cascadas y descubre la rica cultura bereber. Ya seas un viajero solo, en pareja o en familia, esta <strong>excursi\u00f3n de un d\u00eda al Valle de Ourika desde Marrakech<\/strong> promete una escapada inolvidable del bullicio de la ciudad. Sum\u00e9rgete en la aut\u00e9ntica experiencia marroqu\u00ed con nuestro <a href=\"https:\/\/marrakechbudgettours.com\/es\/tour\/excursion-privada-al-valle-de-ourika-desde-marrakech\/\"><strong>Tour al Valle de Ourika<\/strong><\/a> y crea recuerdos que durar\u00e1n toda la vida.<\/p>\n<div class=\"tour-content-before\">\n<ul>\n<li class=\"feature__W54X\">\n<div>\n<div>Transporte de ida y vuelta desde alojamientos en Marrakech<\/div>\n<\/div>\n<\/li>\n<li class=\"activity-highlights__list-item\" data-v-72aefa1b=\"\">Tour privado al Valle de Ourika<\/li>\n<li class=\"Ptvsb\">La excursi\u00f3n al Valle de Ourika ofrece una mirada a la vida tradicional<\/li>\n<li class=\"Ptvsb\">Vive una c\u00e1lida bienvenida en un pueblo bereber<\/li>\n<li class=\"feature__W54X\">\n<div>Visita a una casa bereber<\/div>\n<\/li>\n<li>Senderismo hasta las cascadas de Setti Fadma.<\/li>\n<li class=\"activity-highlights__list-item\" data-v-72aefa1b=\"\">Almuerzo en un restaurante local<\/li>\n<\/ul>\n<p>&nbsp;<\/p>\n<\/div>\n<hr \/>\n<p>&nbsp;<\/p>\n<div class=\"tour-content-what-included\">\n<h4 id=\"whats-included\">Qu\u00e9 est\u00e1 incluido<\/h4>\n<ul style=\"column-count: 2;\">\n<li><i class=\"tk tk-check\" aria-hidden=\"true\"><\/i>Transporte en veh\u00edculo con aire acondicionado de ida y vuelta<\/li>\n<li><i class=\"tk tk-check\" aria-hidden=\"true\"><\/i>Servicio de recogida desde su hotel o riad<\/li>\n<li><i class=\"tk tk-check\" aria-hidden=\"true\"><\/i>Conductor de habla inglesa durante el tour<\/li>\n<li><i class=\"tk tk-times\"><\/i>Entradas a las atracciones<\/li>\n<li><i class=\"tk tk-times\"><\/i>Propinas (opcional)<\/li>\n<li><i class=\"tk tk-times\"><\/i>Almuerzo<\/li>\n<\/ul>\n<\/div>\n<p>&nbsp;<\/p>\n<hr \/>\n<p>&nbsp;<\/p>\n<div class=\"tour-content-add-information\">\n<h4 id=\"additional-info\">Informaci\u00f3n adicional<\/h4>\n<ul style=\"column-count: 2;\">\n<li>La confirmaci\u00f3n se recibir\u00e1 en el momento de la reserva<\/li>\n<li>No accesible para sillas de ruedas<\/li>\n<li>Se requiere un m\u00ednimo de 2 personas por reserva<\/li>\n<li>No recomendado para viajeros con problemas de espalda<\/li>\n<li>No recomendado para mujeres embarazadas<\/li>\n<li>La mayor\u00eda de los viajeros pueden participar<\/li>\n<li>Esta es una actividad\/tour privado. Solo participar\u00e1 su grupo<\/li>\n<li>Llevar calzado c\u00f3modo, protector solar y sombrero<\/li>\n<li>Se recomienda ropa de abrigo para las noches en el desierto<\/li>\n<\/ul>\n<\/div>\n<p>&nbsp;<\/p>\n<hr \/>\n<p>&nbsp;<\/p>\n<div class=\"tour-content-cancell-policy\">\n<h4 id=\"cancelation-policy\">Punto de encuentro y recogida<\/h4>\n<ul style=\"column-count: 2;\">\n<li><strong>Punto de encuentro:<\/strong> Recogida desde su hotel en el centro de Marrakech el d\u00eda del tour (o el punto accesible en coche m\u00e1s cercano a su riad)<\/li>\n<li><strong>Instrucciones:<\/strong> Por favor, est\u00e9 listo en el vest\u00edbulo del hotel 10 minutos antes de la hora programada de recogida<\/li>\n<\/ul>\n<\/div>\n<div class=\"tour-content-cancell-policy\"><\/div>\n<p>&nbsp;<\/p>\n","protected":false},"excerpt":{"rendered":"<p>Emb\u00e1rcate en una fascinante Excursi\u00f3n Privada Al Valle De Ourika Desde Marrakech, un viaje que te llevar\u00e1 al coraz\u00f3n del esplendor natural de Marruecos. Este MEJOR Tour Privado al Valle <\/p>\n","protected":false},"featured_media":11259,"comment_status":"open","ping_status":"closed","template":"","meta":[],"product_cat":[328,354,351],"product_tag":[],"_links":{"self":[{"href":"https:\/\/www.marrakechbudgettours.com\/es\/wp-json\/wp\/v2\/product\/13600"}],"collection":[{"href":"https:\/\/www.marrakechbudgettours.com\/es\/wp-json\/wp\/v2\/product"}],"about":[{"href":"https:\/\/www.marrakechbudgettours.com\/es\/wp-json\/wp\/v2\/types\/product"}],"replies":[{"embeddable":true,"href":"https:\/\/www.marrakechbudgettours.com\/es\/wp-json\/wp\/v2\/comments?post=13600"}],"wp:featuredmedia":[{"embeddable":true,"href":"https:\/\/www.marrakechbudgettours.com\/es\/wp-json\/wp\/v2\/media\/11259"}],"wp:attachment":[{"href":"https:\/\/www.marrakechbudgettours.com\/es\/wp-json\/wp\/v2\/media?parent=13600"}],"wp:term":[{"taxonomy":"product_cat","embeddable":true,"href":"https:\/\/www.marrakechbudgettours.com\/es\/wp-json\/wp\/v2\/product_cat?post=13600"},{"taxonomy":"product_tag","embeddable":true,"href":"https:\/\/www.marrakechbudgettours.com\/es\/wp-json\/wp\/v2\/product_tag?post=13600"}],"curies":[{"name":"wp","href":"https:\/\/api.w.org\/{rel}","templated":true}]}}