{"id":13602,"date":"2024-07-21T11:24:43","date_gmt":"2024-07-21T09:24:43","guid":{"rendered":"https:\/\/marrakechbudgettours.com\/tour\/essaouira-private-full-day-tour-from-marrakech-2\/"},"modified":"2025-05-30T12:09:22","modified_gmt":"2025-05-30T10:09:22","slug":"excursion-privada-de-un-dia-a-essaouira-desde-marrakech","status":"publish","type":"product","link":"https:\/\/www.marrakechbudgettours.com\/es\/tour\/excursion-privada-de-un-dia-a-essaouira-desde-marrakech\/","title":{"rendered":"EXCURSI\u00d3N PRIVADA DE UN D\u00cdA A ESSAOUIRA DESDE MARRAKECH"},"content":{"rendered":"<p>Emb\u00e1rcate en un encantador <a href=\"https:\/\/marrakechbudgettours.com\/\"><strong>Excursi\u00f3n Privada De Un D\u00eda A Essaouira Desde Marrakech<\/strong><\/a>, donde la energ\u00eda vibrante de la ciudad da paso al encanto costero y sereno de Essaouira. Este tour exclusivo, perfecto para quienes buscan una mezcla de aventura y relajaci\u00f3n, ofrece una inmersi\u00f3n profunda en la riqueza hist\u00f3rica y cultural de este sitio declarado Patrimonio de la Humanidad por la UNESCO. Pasea por antiguas medinas, explora mercados vibrantes y saborea mariscos frescos junto al mar. Ya seas un amante de la historia, un entusiasta de la cultura o simplemente busques una escapada refrescante, este <strong>Viaje Privado de D\u00eda Completo Desde Marrakech a Essaouira<\/strong> promete una experiencia inolvidable. Vive la fusi\u00f3n perfecta entre historia y modernidad en esta <a href=\"https:\/\/marrakechbudgettours.com\/es\/tour\/excursion-privada-de-un-dia-a-essaouira-desde-marrakech\/\"><strong>Excursi\u00f3n Privada de un D\u00eda Desde Marrakech a Essaouira<\/strong><\/a> y crea recuerdos que durar\u00e1n toda la vida.<\/p>\n<div class=\"tour-content-before\">\n<ul>\n<li>Descubre la ciudad costera de Essaouira en una excursi\u00f3n de un d\u00eda.<\/li>\n<li>Admira la rara escena de cabras trepando a los \u00e1rboles de arg\u00e1n.<\/li>\n<li>Conoce el proceso de elaboraci\u00f3n del aceite de arg\u00e1n en una cooperativa artesanal femenina.<\/li>\n<li>Visita la Medina de Essaouira con sus bastiones y calles laber\u00ednticas.<\/li>\n<li>Camina hasta el puerto pesquero y disfruta de un delicioso almuerzo de mariscos.<\/li>\n<li>Pasea por la playa de arena de Essaouira.<\/li>\n<\/ul>\n<p>&nbsp;<\/p>\n<\/div>\n<hr \/>\n<p>&nbsp;<\/p>\n<div class=\"tour-content-what-included\">\n<h4 id=\"whats-included\">Qu\u00e9 est\u00e1 incluido<\/h4>\n<ul style=\"column-count: 2;\">\n<li><i class=\"tk tk-check\" aria-hidden=\"true\"><\/i>Transporte de ida y vuelta en veh\u00edculo con aire acondicionado<\/li>\n<li><i class=\"tk tk-check\" aria-hidden=\"true\"><\/i>Servicio de recogida desde tu hotel o Riad.<\/li>\n<li><i class=\"tk tk-check\" aria-hidden=\"true\"><\/i>Conductor de habla inglesa durante el tour.<\/li>\n<li><i class=\"tk tk-times\"><\/i>Entradas a los lugares de inter\u00e9s<\/li>\n<li><i class=\"tk tk-times\"><\/i>Propinas (opcional)<\/li>\n<li><i class=\"tk tk-times\"><\/i>Almuerzo<\/li>\n<\/ul>\n<\/div>\n<p>&nbsp;<\/p>\n<hr \/>\n<p>&nbsp;<\/p>\n<div class=\"tour-content-add-information\">\n<h4 id=\"additional-info\">Informaci\u00f3n adicional<\/h4>\n<ul style=\"column-count: 2;\">\n<li>La confirmaci\u00f3n se recibir\u00e1 al momento de la reserva<\/li>\n<li>No accesible para sillas de ruedas<\/li>\n<li>Se requiere un m\u00ednimo de 2 personas por reserva<\/li>\n<li>No recomendado para viajeros con problemas de espalda<\/li>\n<li>No recomendado para mujeres embarazadas<\/li>\n<li>La mayor\u00eda de los viajeros pueden participar<\/li>\n<li>Este es un tour\/actividad privado. Solo participar\u00e1 tu grupo<\/li>\n<li>Llevar calzado c\u00f3modo para caminar, protector solar y sombrero<\/li>\n<li>Se recomienda ropa de abrigo para las noches en el desierto<\/li>\n<\/ul>\n<\/div>\n<p>&nbsp;<\/p>\n<hr \/>\n<p>&nbsp;<\/p>\n<div class=\"tour-content-cancell-policy\">\n<h4 id=\"cancelation-policy\">Punto de encuentro y recogida<\/h4>\n<ul style=\"column-count: 2;\">\n<li><strong>Punto de encuentro:<\/strong> Recogida desde tu hotel en el centro de Marrakech el d\u00eda del tour (o el punto accesible m\u00e1s cercano en coche a tu riad).<\/li>\n<li><strong>Instrucciones:<\/strong> Estar listo en el vest\u00edbulo del hotel 10 minutos antes de la hora programada de recogida.<\/li>\n<\/ul>\n<\/div>\n<div class=\"tour-content-cancell-policy\"><\/div>\n<p>&nbsp;<\/p>\n","protected":false},"excerpt":{"rendered":"<p>Emb\u00e1rcate en un encantador Excursi\u00f3n Privada De Un D\u00eda A Essaouira Desde Marrakech, donde la energ\u00eda vibrante de la ciudad da paso al encanto costero y sereno de Essaouira. Este <\/p>\n","protected":false},"featured_media":11178,"comment_status":"open","ping_status":"closed","template":"","meta":[],"product_cat":[328,344,354],"product_tag":[],"_links":{"self":[{"href":"https:\/\/www.marrakechbudgettours.com\/es\/wp-json\/wp\/v2\/product\/13602"}],"collection":[{"href":"https:\/\/www.marrakechbudgettours.com\/es\/wp-json\/wp\/v2\/product"}],"about":[{"href":"https:\/\/www.marrakechbudgettours.com\/es\/wp-json\/wp\/v2\/types\/product"}],"replies":[{"embeddable":true,"href":"https:\/\/www.marrakechbudgettours.com\/es\/wp-json\/wp\/v2\/comments?post=13602"}],"wp:featuredmedia":[{"embeddable":true,"href":"https:\/\/www.marrakechbudgettours.com\/es\/wp-json\/wp\/v2\/media\/11178"}],"wp:attachment":[{"href":"https:\/\/www.marrakechbudgettours.com\/es\/wp-json\/wp\/v2\/media?parent=13602"}],"wp:term":[{"taxonomy":"product_cat","embeddable":true,"href":"https:\/\/www.marrakechbudgettours.com\/es\/wp-json\/wp\/v2\/product_cat?post=13602"},{"taxonomy":"product_tag","embeddable":true,"href":"https:\/\/www.marrakechbudgettours.com\/es\/wp-json\/wp\/v2\/product_tag?post=13602"}],"curies":[{"name":"wp","href":"https:\/\/api.w.org\/{rel}","templated":true}]}}