{"id":13620,"date":"2024-07-22T12:57:04","date_gmt":"2024-07-22T10:57:04","guid":{"rendered":"https:\/\/marrakechbudgettours.com\/tour\/private-day-trip-from-marrakech-to-ouarzazate-and-ait-ben-haddou\/"},"modified":"2025-05-30T12:57:09","modified_gmt":"2025-05-30T10:57:09","slug":"excursion-privada-a-ait-ben-haddou-y-ouarzazate","status":"publish","type":"product","link":"https:\/\/www.marrakechbudgettours.com\/es\/tour\/excursion-privada-a-ait-ben-haddou-y-ouarzazate\/","title":{"rendered":"EXCURSI\u00d3N PRIVADA A AIT BEN HADDOU Y OUARZAZATE"},"content":{"rendered":"<p>Emb\u00e1rcate en una extraordinaria <a href=\"https:\/\/marrakechbudgettours.com\/\"><strong>Excursi\u00f3n Privada A Ait Ben Haddou Y Ouarzazate<\/strong><\/a>, donde la historia y Hollywood se encuentran. Esta aventura, ideal para amantes de la historia, entusiastas del cine y buscadores de cultura, ofrece una inmersi\u00f3n profunda en los paisajes cinematogr\u00e1ficos y maravillas antiguas de Marruecos. Explora el legendario Ait Ben Haddou, un sitio declarado Patrimonio de la Humanidad por la UNESCO, y recorre el terreno ic\u00f3nico que ha aparecido en innumerables pel\u00edculas y series. Esta <a href=\"https:\/\/marrakechbudgettours.com\/es\/tour\/excursion-privada-a-ait-ben-haddou-y-ouarzazate\/\"><strong>Excursi\u00f3n de un D\u00eda desde Marrakech a Ouarzazate y Ait Benhaddou<\/strong><\/a> no solo cautiva por su riqueza hist\u00f3rica, sino que tambi\u00e9n encanta con sus paisajes impresionantes. Ya sea que viajes solo, en familia o con amigos, esta <strong>Excursi\u00f3n de un d\u00eda a Ait Ben Haddou y Ouarzazate<\/strong> promete una experiencia inolvidable. \u00danete a nosotros en este <strong>Tour Privado a Ouarzazate desde Marrakech<\/strong> y ad\u00e9ntrate en un mundo donde el pasado y el presente se fusionan a la perfecci\u00f3n.<\/p>\n<div class=\"tour-content-before\">\n<ul>\n<li class=\" gdlr-core-skin-divider clearfix\">Viaja por las Monta\u00f1as del Alto Atlas.<\/li>\n<li class=\" gdlr-core-skin-divider clearfix\"><i class=\"gdlr-core-icon-list-icon fa5r fa5-dot-circle\"><\/i>Admira los picos nevados del Atlas y el Paso Tizi N&#8217;tichka.<\/li>\n<li class=\" gdlr-core-skin-divider clearfix\"><i class=\"gdlr-core-icon-list-icon fa5r fa5-dot-circle\"><\/i>Sigue la antigua ruta de las caravanas comerciales de Telouet a Ait Ben Haddou.<\/li>\n<li class=\" gdlr-core-skin-divider clearfix\"><i class=\"gdlr-core-icon-list-icon fa5r fa5-dot-circle\"><\/i>Descubre el pueblo fortificado bereber de la Kasbah Ait Ben Haddou.<\/li>\n<li class=\" gdlr-core-skin-divider clearfix\"><i class=\"gdlr-core-icon-list-icon fa5r fa5-dot-circle\"><\/i>Explora Ouarzazate y sus renombrados estudios de cine Atlas.<\/li>\n<\/ul>\n<p>&nbsp;<\/p>\n<\/div>\n<hr \/>\n<p>&nbsp;<\/p>\n<div class=\"tour-content-what-included\">\n<h4 id=\"whats-included\">Incluye<\/h4>\n<ul style=\"column-count: 2;\">\n<li><i class=\"tk tk-check\" aria-hidden=\"true\"><\/i>Transporte de ida y vuelta en veh\u00edculo con aire acondicionado<\/li>\n<li><i class=\"tk tk-check\" aria-hidden=\"true\"><\/i>Servicio de recogida desde tu hotel o Riad.<i class=\"tk tk-check\" aria-hidden=\"true\"><\/i><\/li>\n<li><i class=\"tk tk-check\" aria-hidden=\"true\"><\/i>Conductor de habla inglesa durante el tour.<\/li>\n<li><i class=\"tk tk-times\"><\/i>Entradas a los lugares de inter\u00e9s<\/li>\n<li><i class=\"tk tk-times\"><\/i>Propinas (opcional)<\/li>\n<li><i class=\"tk tk-times\"><\/i>Almuerzo<\/li>\n<\/ul>\n<\/div>\n<hr \/>\n<p>&nbsp;<\/p>\n<div class=\"tour-content-add-information\">\n<h4 id=\"additional-info\">Informaci\u00f3n Adicional<\/h4>\n<ul style=\"column-count: 2;\">\n<li>Recibir\u00e1s confirmaci\u00f3n en el momento de la reserva<\/li>\n<li>No accesible para sillas de ruedas<\/li>\n<li>Se requiere un m\u00ednimo de 2 personas por reserva<\/li>\n<li>No recomendado para viajeros con problemas de espalda<\/li>\n<li>No recomendado para mujeres embarazadas<\/li>\n<li>La mayor\u00eda de los viajeros pueden participar<\/li>\n<li>Este es un tour privado. Solo tu grupo participar\u00e1<\/li>\n<li>Llevar calzado c\u00f3modo para caminar, protector solar y sombrero<\/li>\n<li>Se recomienda ropa de abrigo para las noches en el desierto<\/li>\n<\/ul>\n<\/div>\n<hr \/>\n<p>&nbsp;<\/p>\n<div class=\"tour-content-cancell-policy\">\n<h4 id=\"cancelation-policy\">Punto de Encuentro y Recogida<\/h4>\n<ul style=\"column-count: 2;\">\n<li><strong>Punto de encuentro:<\/strong> Recogida en tu hotel del centro de Marrakech el d\u00eda del tour (o el punto m\u00e1s cercano accesible en coche a tu riad).<\/li>\n<li><strong>Instrucciones:<\/strong> Estar listo en el vest\u00edbulo del hotel 10 minutos antes de la hora programada de recogida.<\/li>\n<\/ul>\n<\/div>\n<p>&nbsp;<\/p>\n","protected":false},"excerpt":{"rendered":"<p>Emb\u00e1rcate en una extraordinaria Excursi\u00f3n Privada A Ait Ben Haddou Y Ouarzazate, donde la historia y Hollywood se encuentran. Esta aventura, ideal para amantes de la historia, entusiastas del cine <\/p>\n","protected":false},"featured_media":11277,"comment_status":"open","ping_status":"closed","template":"","meta":[],"product_cat":[328,354,346,350],"product_tag":[],"_links":{"self":[{"href":"https:\/\/www.marrakechbudgettours.com\/es\/wp-json\/wp\/v2\/product\/13620"}],"collection":[{"href":"https:\/\/www.marrakechbudgettours.com\/es\/wp-json\/wp\/v2\/product"}],"about":[{"href":"https:\/\/www.marrakechbudgettours.com\/es\/wp-json\/wp\/v2\/types\/product"}],"replies":[{"embeddable":true,"href":"https:\/\/www.marrakechbudgettours.com\/es\/wp-json\/wp\/v2\/comments?post=13620"}],"wp:featuredmedia":[{"embeddable":true,"href":"https:\/\/www.marrakechbudgettours.com\/es\/wp-json\/wp\/v2\/media\/11277"}],"wp:attachment":[{"href":"https:\/\/www.marrakechbudgettours.com\/es\/wp-json\/wp\/v2\/media?parent=13620"}],"wp:term":[{"taxonomy":"product_cat","embeddable":true,"href":"https:\/\/www.marrakechbudgettours.com\/es\/wp-json\/wp\/v2\/product_cat?post=13620"},{"taxonomy":"product_tag","embeddable":true,"href":"https:\/\/www.marrakechbudgettours.com\/es\/wp-json\/wp\/v2\/product_tag?post=13620"}],"curies":[{"name":"wp","href":"https:\/\/api.w.org\/{rel}","templated":true}]}}