{"id":13628,"date":"2024-07-25T11:51:44","date_gmt":"2024-07-25T09:51:44","guid":{"rendered":"https:\/\/marrakechbudgettours.com\/tour\/imlil-day-trip-from-marrakech\/"},"modified":"2025-05-30T13:30:37","modified_gmt":"2025-05-30T11:30:37","slug":"excursion-desde-marrakech-a-imlil-valle","status":"publish","type":"product","link":"https:\/\/www.marrakechbudgettours.com\/es\/tour\/excursion-desde-marrakech-a-imlil-valle\/","title":{"rendered":"EXCURSI\u00d3N DESDE MARRAKECH A IMLIL VALLE"},"content":{"rendered":"<p>Emb\u00e1rcate en una encantadora <strong><a href=\"https:\/\/marrakechbudgettours.com\/\">Excursi\u00f3n Desde Marrakech A Imlil Valle<\/a><\/strong>\u00a0y ad\u00e9ntrate en el coraz\u00f3n de las monta\u00f1as del Alto Atlas. Este viaje promete paisajes impresionantes, rica cultura bereber y experiencias inolvidables. Perfecto para aventureros, amantes de la naturaleza y quienes buscan una escapada tranquila, esta <a href=\"https:\/\/marrakechbudgettours.com\/es\/tour\/excursion-desde-marrakech-a-imlil-valle\/\"><strong>excursi\u00f3n al Valle de Imlil y Alto Atlas<\/strong><\/a> ofrece la combinaci\u00f3n perfecta de aventura y serenidad. Descubre el pintoresco valle de Imlil, visita pueblos bereberes tradicionales y marav\u00edllate con las impresionantes vistas. Ya sea que viajes solo, con amigos o en familia, esta <strong>excursi\u00f3n privada de d\u00eda completo al Valle de Imlil<\/strong> te dejar\u00e1 recuerdos inolvidables. \u00danete a la <strong>MEJOR excursi\u00f3n privada a Imlil<\/strong> y explora la belleza natural de Marruecos como nunca antes.<\/p>\n<div class=\"tour-content-before\">\n<ul>\n<li>Explora pueblos bereberes en el valle de Imlil en las monta\u00f1as del Alto Atlas.<\/li>\n<li>Disfruta de una hermosa caminata por el valle de Imlil con un gu\u00eda de monta\u00f1a.<\/li>\n<li>Disfruta de una comida local en una casa bereber.<\/li>\n<li>Observa el monte Toubkal, el pico m\u00e1s alto de Marruecos y del norte de \u00c1frica.<\/li>\n<\/ul>\n<p>&nbsp;<\/p>\n<\/div>\n<hr \/>\n<p>&nbsp;<\/p>\n<div class=\"tour-content-what-included\">\n<h4 id=\"whats-included\">Qu\u00e9 est\u00e1 incluido<\/h4>\n<ul style=\"column-count: 2;\">\n<li><i class=\"tk tk-check\" aria-hidden=\"true\"><\/i>Transporte de ida y vuelta en veh\u00edculo con aire acondicionado<\/li>\n<li><i class=\"tk tk-check\" aria-hidden=\"true\"><\/i>Servicio de recogida en tu hotel o Riad.<i class=\"tk tk-check\" aria-hidden=\"true\"><\/i><\/li>\n<li><i class=\"tk tk-check\" aria-hidden=\"true\"><\/i>Conductor de habla inglesa durante el recorrido.<\/li>\n<li><i class=\"tk tk-times\"><\/i>Entradas a atracciones<\/li>\n<li><i class=\"tk tk-times\"><\/i>Propinas (opcional)<\/li>\n<li><i class=\"tk tk-times\"><\/i>Almuerzo<\/li>\n<\/ul>\n<\/div>\n<p>&nbsp;<\/p>\n<hr \/>\n<p>&nbsp;<\/p>\n<div class=\"tour-content-add-information\">\n<h4 id=\"additional-info\">Informaci\u00f3n adicional<\/h4>\n<ul style=\"column-count: 2;\">\n<li>La confirmaci\u00f3n se recibir\u00e1 al momento de la reserva<\/li>\n<li>No accesible para sillas de ruedas<\/li>\n<li>Se requiere un m\u00ednimo de 2 personas por reserva<\/li>\n<li>No recomendado para viajeros con problemas de espalda<\/li>\n<li>No recomendado para mujeres embarazadas<\/li>\n<li>La mayor\u00eda de los viajeros pueden participar<\/li>\n<li>Esta es una actividad\/excursi\u00f3n privada. Solo participar\u00e1 tu grupo<\/li>\n<li>Llevar calzado c\u00f3modo para caminar, protector solar y sombrero<\/li>\n<li>Se recomienda ropa abrigada para las noches en el desierto<\/li>\n<\/ul>\n<\/div>\n<p>&nbsp;<\/p>\n<hr \/>\n<p>&nbsp;<\/p>\n<div class=\"tour-content-cancell-policy\">\n<h4 id=\"cancelation-policy\">Punto de encuentro y recogida<\/h4>\n<ul style=\"column-count: 2;\">\n<li><strong>Punto de encuentro:<\/strong> Recogida desde tu hotel en el centro de Marrakech el d\u00eda del tour (o el punto m\u00e1s cercano accesible en coche a tu riad).<\/li>\n<li><strong>Instrucciones:<\/strong> Por favor, espera en el lobby del hotel 10 minutos antes de la hora programada de recogida.<\/li>\n<\/ul>\n<\/div>\n<div class=\"tour-content-cancell-policy\"><\/div>\n<p>&nbsp;<\/p>\n","protected":false},"excerpt":{"rendered":"<p>Emb\u00e1rcate en una encantadora Excursi\u00f3n Desde Marrakech A Imlil Valle\u00a0y ad\u00e9ntrate en el coraz\u00f3n de las monta\u00f1as del Alto Atlas. Este viaje promete paisajes impresionantes, rica cultura bereber y experiencias <\/p>\n","protected":false},"featured_media":11322,"comment_status":"open","ping_status":"closed","template":"","meta":[],"product_cat":[328,354,345],"product_tag":[],"_links":{"self":[{"href":"https:\/\/www.marrakechbudgettours.com\/es\/wp-json\/wp\/v2\/product\/13628"}],"collection":[{"href":"https:\/\/www.marrakechbudgettours.com\/es\/wp-json\/wp\/v2\/product"}],"about":[{"href":"https:\/\/www.marrakechbudgettours.com\/es\/wp-json\/wp\/v2\/types\/product"}],"replies":[{"embeddable":true,"href":"https:\/\/www.marrakechbudgettours.com\/es\/wp-json\/wp\/v2\/comments?post=13628"}],"wp:featuredmedia":[{"embeddable":true,"href":"https:\/\/www.marrakechbudgettours.com\/es\/wp-json\/wp\/v2\/media\/11322"}],"wp:attachment":[{"href":"https:\/\/www.marrakechbudgettours.com\/es\/wp-json\/wp\/v2\/media?parent=13628"}],"wp:term":[{"taxonomy":"product_cat","embeddable":true,"href":"https:\/\/www.marrakechbudgettours.com\/es\/wp-json\/wp\/v2\/product_cat?post=13628"},{"taxonomy":"product_tag","embeddable":true,"href":"https:\/\/www.marrakechbudgettours.com\/es\/wp-json\/wp\/v2\/product_tag?post=13628"}],"curies":[{"name":"wp","href":"https:\/\/api.w.org\/{rel}","templated":true}]}}