{"id":13642,"date":"2024-07-28T13:22:43","date_gmt":"2024-07-28T11:22:43","guid":{"rendered":"https:\/\/marrakechbudgettours.com\/tour\/marrakesh-agafay-desert-dinner-under-the-stars\/"},"modified":"2025-06-26T11:47:02","modified_gmt":"2025-06-26T09:47:02","slug":"cena-y-espectaculo-en-el-desierto-de-agafay","status":"publish","type":"product","link":"https:\/\/www.marrakechbudgettours.com\/es\/tour\/cena-y-espectaculo-en-el-desierto-de-agafay\/","title":{"rendered":"CENA Y ESPECT\u00c1CULO EN EL DESIERTO DE AGAFAY"},"content":{"rendered":"<p>Vive la magia de una <a href=\"https:\/\/marrakechbudgettours.com\/es\/tour\/cena-y-espectaculo-en-el-desierto-de-agafay\/\"><strong>Cena y espect\u00e1culo en el desierto de Agafay<\/strong><\/a> bajo las Estrellas desde Marrakech. No es necesario ir al Sahara para contemplar una puesta de sol en el desierto. Esta velada m\u00e1gica ofrece una <strong>cena m\u00e1gica y atardecer en el desierto de Agafay<\/strong>, permiti\u00e9ndote disfrutar de la belleza del atardecer y del cielo estrellado.<\/p>\n<p>Disfruta de una deliciosa comida en medio del paisaje \u00fanico del desierto. Saborea los sabores locales con un tagine reci\u00e9n preparado, seguido de pasteles tradicionales y t\u00e9. Esta <a href=\"https:\/\/marrakechbudgettours.com\/es\"><strong>Cena en el Desierto de Agafay<\/strong><\/a> promete una experiencia gastron\u00f3mica inolvidable, donde podr\u00e1s degustar aut\u00e9ntica cocina marroqu\u00ed bajo las estrellas centelleantes.<\/p>\n<p>Mejora tu velada con una <strong>Cena con espect\u00e1culo en el Desierto de Agafay desde Marrakech<\/strong>. Del\u00e9itate con la combinaci\u00f3n perfecta de delicias culinarias y actuaciones cautivadoras, haciendo que tu noche en el desierto de Agafay sea realmente inolvidable.<\/p>\n<div class=\"tour-content-before\">\n<ul>\n<li>Disfruta de una experiencia gastron\u00f3mica inolvidable.<\/li>\n<li>Degusta la cocina tradicional marroqu\u00ed.<\/li>\n<li>Contempla la puesta de sol sobre el desierto.<\/li>\n<li>Pasa una noche inolvidable en el Desierto de Agafay.<\/li>\n<\/ul>\n<p>&nbsp;<\/p>\n<\/div>\n<hr \/>\n<p>&nbsp;<\/p>\n<div class=\"tour-content-what-included\">\n<h4 id=\"whats-included\">\u00bfQu\u00e9 incluye?<\/h4>\n<ul style=\"column-count: 2;\">\n<li><i class=\"tk tk-check\" aria-hidden=\"true\"><\/i>Transporte de ida y vuelta en veh\u00edculo con aire acondicionado<\/li>\n<li><i class=\"tk tk-check\" aria-hidden=\"true\"><\/i>Servicio de recogida en tu hotel o riad<\/li>\n<li><i class=\"tk tk-check\" aria-hidden=\"true\"><\/i>Cena<\/li>\n<li><i class=\"tk tk-check\" aria-hidden=\"true\"><\/i>Conductor de habla inglesa durante el tour<\/li>\n<li><i class=\"tk tk-times\"><\/i>Entradas a atracciones<\/li>\n<li><i class=\"tk tk-times\"><\/i>Propinas (opcional)<\/li>\n<li><i class=\"tk tk-times\"><\/i>Almuerzo<\/li>\n<\/ul>\n<\/div>\n<p>&nbsp;<\/p>\n<hr \/>\n<p>&nbsp;<\/p>\n<div class=\"tour-content-add-information\">\n<h4 id=\"additional-info\">Informaci\u00f3n adicional<\/h4>\n<ul style=\"column-count: 2;\">\n<li>Confirmaci\u00f3n al momento de la reserva<\/li>\n<li>No accesible para sillas de ruedas<\/li>\n<li>Se requiere un m\u00ednimo de 2 personas por reserva<\/li>\n<li>No recomendado para personas con problemas de espalda<\/li>\n<li>No recomendado para mujeres embarazadas<\/li>\n<li>La mayor\u00eda de los viajeros pueden participar<\/li>\n<li>Es un tour privado. Solo tu grupo participar\u00e1<\/li>\n<li>Trae zapatos c\u00f3modos, protector solar y sombrero<\/li>\n<li>Se recomienda ropa de abrigo para las noches en el desierto<\/li>\n<\/ul>\n<\/div>\n<p>&nbsp;<\/p>\n<hr \/>\n<p>&nbsp;<\/p>\n<div class=\"tour-content-cancell-policy\">\n<h4 id=\"cancelation-policy\">Punto de encuentro y recogida<\/h4>\n<ul style=\"column-count: 2;\">\n<li><strong>Punto de encuentro:<\/strong> Recogida desde tu hotel en el centro de Marrakech el d\u00eda del tour (o el punto accesible en coche m\u00e1s cercano a tu riad).<\/li>\n<li><strong>Instrucciones:<\/strong> Por favor, estate listo en el vest\u00edbulo del hotel 10 minutos antes de la hora programada de recogida.<\/li>\n<\/ul>\n<\/div>\n<div class=\"tour-content-cancell-policy\"><\/div>\n<p>&nbsp;<\/p>\n","protected":false},"excerpt":{"rendered":"<p>Vive la magia de una Cena y espect\u00e1culo en el desierto de Agafay bajo las Estrellas desde Marrakech. No es necesario ir al Sahara para contemplar una puesta de sol <\/p>\n","protected":false},"featured_media":11454,"comment_status":"open","ping_status":"closed","template":"","meta":[],"product_cat":[347,328,326],"product_tag":[],"_links":{"self":[{"href":"https:\/\/www.marrakechbudgettours.com\/es\/wp-json\/wp\/v2\/product\/13642"}],"collection":[{"href":"https:\/\/www.marrakechbudgettours.com\/es\/wp-json\/wp\/v2\/product"}],"about":[{"href":"https:\/\/www.marrakechbudgettours.com\/es\/wp-json\/wp\/v2\/types\/product"}],"replies":[{"embeddable":true,"href":"https:\/\/www.marrakechbudgettours.com\/es\/wp-json\/wp\/v2\/comments?post=13642"}],"wp:featuredmedia":[{"embeddable":true,"href":"https:\/\/www.marrakechbudgettours.com\/es\/wp-json\/wp\/v2\/media\/11454"}],"wp:attachment":[{"href":"https:\/\/www.marrakechbudgettours.com\/es\/wp-json\/wp\/v2\/media?parent=13642"}],"wp:term":[{"taxonomy":"product_cat","embeddable":true,"href":"https:\/\/www.marrakechbudgettours.com\/es\/wp-json\/wp\/v2\/product_cat?post=13642"},{"taxonomy":"product_tag","embeddable":true,"href":"https:\/\/www.marrakechbudgettours.com\/es\/wp-json\/wp\/v2\/product_tag?post=13642"}],"curies":[{"name":"wp","href":"https:\/\/api.w.org\/{rel}","templated":true}]}}