{"id":13646,"date":"2024-07-28T11:50:37","date_gmt":"2024-07-28T09:50:37","guid":{"rendered":"https:\/\/marrakechbudgettours.com\/tour\/quad-biking-in-agafay-dunes-desert-marrakech-2\/"},"modified":"2025-06-26T12:27:38","modified_gmt":"2025-06-26T10:27:38","slug":"quad-en-el-desierto-de-agafay","status":"publish","type":"product","link":"https:\/\/www.marrakechbudgettours.com\/es\/tour\/quad-en-el-desierto-de-agafay\/","title":{"rendered":"QUAD EN EL DESIERTO DE AGAFAY"},"content":{"rendered":"<p>Vive la emocionante experiencia del <a href=\"https:\/\/marrakechbudgettours.com\/es\/tour\/quad-en-el-desierto-de-agafay\/ \u200e\"><strong>Quad En El Desierto De Agafay<\/strong> <\/a>en Marrakech. Esta aventura de medio d\u00eda te invita a descubrir la belleza salvaje del <strong>Desierto de Agafay<\/strong>, el desierto de Marrakech y la tranquila presa.<\/p>\n<p>Tu viaje comienza en la base, donde un gu\u00eda experimentado ofrece una breve sesi\u00f3n de seguridad. Siente la adrenalina mientras inicias tu <a href=\"https:\/\/marrakechbudgettours.com\/es\/tour\/\"><strong>Tour en Quad por Agafay<\/strong><\/a>, atravesando dunas, formaciones rocosas y ca\u00f1ones ocultos. Estos recorridos fuera de los caminos habituales ofrecen una forma \u00fanica de explorar los paisajes impresionantes y \u00e1ridos.<\/p>\n<p>El <strong>tour en quad de medio d\u00eda en el Desierto de Agafay<\/strong> te permite vivir la emoci\u00f3n de recorrer las extensas colinas \u00e1ridas. Este <strong>tour en quad por Agafay<\/strong> es perfecto para aventureros que buscan una combinaci\u00f3n de emoci\u00f3n y belleza natural, haciendo que tu estancia en Marrakech sea verdaderamente inolvidable.<\/p>\n<div class=\"tour-content-before\">\n<ul>\n<li>Aventura autoguiada en quad por el Desierto de Agafay.<\/li>\n<li>Recorre las dunas en quad.<\/li>\n<li>Contempla la puesta de sol sobre el desierto.<\/li>\n<li>Disfruta de una taza de t\u00e9 a la menta con los bereberes.<\/li>\n<\/ul>\n<p>&nbsp;<\/p>\n<\/div>\n<hr \/>\n<p>&nbsp;<\/p>\n<div class=\"tour-content-what-included\">\n<h4 id=\"whats-included\">\u00bfQu\u00e9 est\u00e1 incluido?<\/h4>\n<ul style=\"column-count: 2;\">\n<li><i class=\"tk tk-check\" aria-hidden=\"true\"><\/i>Transporte ida y vuelta en veh\u00edculo con aire acondicionado<\/li>\n<li><i class=\"tk tk-check\" aria-hidden=\"true\"><\/i>Servicio de recogida desde tu hotel o riad<\/li>\n<li><i class=\"tk tk-check\" aria-hidden=\"true\"><\/i>Pausa para t\u00e9 a la menta aut\u00e9ntico<\/li>\n<li><i class=\"tk tk-check\" aria-hidden=\"true\"><\/i>Conductor de habla inglesa durante el tour<\/li>\n<li><i class=\"tk tk-times\"><\/i>Entradas a las atracciones<\/li>\n<li><i class=\"tk tk-times\"><\/i>Propinas (opcionales)<\/li>\n<li><i class=\"tk tk-times\"><\/i>Almuerzo<\/li>\n<li><i class=\"tk tk-times\"><\/i>Cena<\/li>\n<\/ul>\n<\/div>\n<p>&nbsp;<\/p>\n<hr \/>\n<p>&nbsp;<\/p>\n<div class=\"tour-content-add-information\">\n<h4 id=\"additional-info\">Informaci\u00f3n adicional<\/h4>\n<ul style=\"column-count: 2;\">\n<li>La confirmaci\u00f3n se recibir\u00e1 al momento de la reserva<\/li>\n<li>No accesible para sillas de ruedas<\/li>\n<li>Se requiere un m\u00ednimo de 2 personas por reserva<\/li>\n<li>No recomendado para personas con problemas de espalda<\/li>\n<li>No recomendado para mujeres embarazadas<\/li>\n<li>La mayor\u00eda de los viajeros pueden participar<\/li>\n<li>Esta es una actividad privada. Solo participar\u00e1 tu grupo<\/li>\n<li>Llevar calzado c\u00f3modo para caminar, protector solar y sombrero<\/li>\n<li>Se recomienda ropa de abrigo para las noches en el desierto<\/li>\n<\/ul>\n<\/div>\n<p>&nbsp;<\/p>\n<hr \/>\n<p>&nbsp;<\/p>\n<div class=\"tour-content-cancell-policy\">\n<h4 id=\"cancelation-policy\">Punto de Encuentro y Recogida<\/h4>\n<ul style=\"column-count: 2;\">\n<li><strong>Punto de encuentro:<\/strong> Recogida desde tu hotel en el centro de Marrakech el d\u00eda del tour (o el punto accesible m\u00e1s cercano a tu riad).<\/li>\n<li><strong>Instrucciones:<\/strong> Por favor, espera en el vest\u00edbulo del hotel 10 minutos antes de la hora programada de recogida.<\/li>\n<\/ul>\n<\/div>\n<div class=\"tour-content-cancell-policy\"><\/div>\n<p>&nbsp;<\/p>\n","protected":false},"excerpt":{"rendered":"<p>Vive la emocionante experiencia del Quad En El Desierto De Agafay en Marrakech. Esta aventura de medio d\u00eda te invita a descubrir la belleza salvaje del Desierto de Agafay, el <\/p>\n","protected":false},"featured_media":11425,"comment_status":"open","ping_status":"closed","template":"","meta":[],"product_cat":[328,326],"product_tag":[],"_links":{"self":[{"href":"https:\/\/www.marrakechbudgettours.com\/es\/wp-json\/wp\/v2\/product\/13646"}],"collection":[{"href":"https:\/\/www.marrakechbudgettours.com\/es\/wp-json\/wp\/v2\/product"}],"about":[{"href":"https:\/\/www.marrakechbudgettours.com\/es\/wp-json\/wp\/v2\/types\/product"}],"replies":[{"embeddable":true,"href":"https:\/\/www.marrakechbudgettours.com\/es\/wp-json\/wp\/v2\/comments?post=13646"}],"wp:featuredmedia":[{"embeddable":true,"href":"https:\/\/www.marrakechbudgettours.com\/es\/wp-json\/wp\/v2\/media\/11425"}],"wp:attachment":[{"href":"https:\/\/www.marrakechbudgettours.com\/es\/wp-json\/wp\/v2\/media?parent=13646"}],"wp:term":[{"taxonomy":"product_cat","embeddable":true,"href":"https:\/\/www.marrakechbudgettours.com\/es\/wp-json\/wp\/v2\/product_cat?post=13646"},{"taxonomy":"product_tag","embeddable":true,"href":"https:\/\/www.marrakechbudgettours.com\/es\/wp-json\/wp\/v2\/product_tag?post=13646"}],"curies":[{"name":"wp","href":"https:\/\/api.w.org\/{rel}","templated":true}]}}