{"id":13652,"date":"2024-08-07T13:05:19","date_gmt":"2024-08-07T11:05:19","guid":{"rendered":"https:\/\/marrakechbudgettours.com\/tour\/camel-ride-in-the-oasis-palmeraie-marrakech\/"},"modified":"2025-06-27T11:19:42","modified_gmt":"2025-06-27T09:19:42","slug":"paseo-en-camello-por-el-palmeral-de-marrakech","status":"publish","type":"product","link":"https:\/\/www.marrakechbudgettours.com\/es\/tour\/paseo-en-camello-por-el-palmeral-de-marrakech\/","title":{"rendered":"PASEO EN CAMELLO POR EL PALMERAL DE MARRAKECH"},"content":{"rendered":"<p>Vive el encanto de un <a href=\"https:\/\/marrakechbudgettours.com\/es\/tour\/paseo-en-camello\u2026ral-de-marrakech\/\"><strong>Paseo en Camello por el Palmeral de Marrakech<\/strong><\/a>, donde la tradici\u00f3n y la aventura se combinan a la perfecci\u00f3n. Marrakech siempre ha sido una ciudad estrechamente ligada a los animales: desde gatos y perros hasta caballos, camellos, serpientes y monos, \u00a1la ciudad los acoge a todos!<\/p>\n<p>En este esp\u00edritu, nuestro viaje comienza con el majestuoso dromedario, que aporta alegr\u00eda y aventura mientras recorres el paisaje des\u00e9rtico.<\/p>\n<p>Tu <strong>Paseo en Camello de Medio D\u00eda por el Palmeral de Marrakech<\/strong> ofrece una aut\u00e9ntica experiencia de trekking en camello, evocando las antiguas tradiciones de Marrakech y los d\u00edas pasados del Palmeral. Disfruta de un <a href=\"https:\/\/marrakechbudgettours.com\"><strong>Paseo en Camello en Marrakech<\/strong><\/a> que te llevar\u00e1 a trav\u00e9s de frondosos y pintorescos palmerales, brind\u00e1ndote un sabor de las costumbres de anta\u00f1o.<\/p>\n<p>\u00danete a nosotros en un <strong>Paseo en Camello por el Palmeral de Marrakech<\/strong> y deja que el suave vaiv\u00e9n del camello te transporte a una \u00e9poca m\u00e1s simple y tranquila. Este <strong>Trekking en Camello por el Palmeral de Marrakech<\/strong> promete una aventura inolvidable, impregnada de historia y belleza natural.<\/p>\n<ul>\n<li>Viaja en camello por la zona del palmeral de Marrakech y mantente fresco bajo la sombra.<\/li>\n<li>Aprende sobre la cultura marroqu\u00ed y ponte un cheich tradicional (turbante protector).<\/li>\n<li>Despu\u00e9s del paseo en camello, rel\u00e1jate con un tradicional t\u00e9 de menta marroqu\u00ed.<\/li>\n<li>Elige entre un paseo en camello por la ma\u00f1ana o por la tarde.<\/li>\n<\/ul>\n<div class=\"tour-content-before\"><\/div>\n<hr \/>\n<p>&nbsp;<\/p>\n<div class=\"tour-content-what-included\">\n<h4 id=\"whats-included\">\u00bfQu\u00e9 est\u00e1 incluido?<\/h4>\n<ul style=\"column-count: 2;\">\n<li><i class=\"tk tk-check\" aria-hidden=\"true\"><\/i>Recogida y regreso a tu hotel o riad<\/li>\n<li><i class=\"tk tk-check\" aria-hidden=\"true\"><\/i>Vestimenta bereber<\/li>\n<li><i class=\"tk tk-check\" aria-hidden=\"true\"><\/i>Paseo en camello de 1 hora<\/li>\n<li><i class=\"tk tk-check\" aria-hidden=\"true\"><\/i>T\u00e9 de menta<\/li>\n<\/ul>\n<ul style=\"column-count: 2;\">\n<li><i class=\"tk tk-times\"><\/i>Propinas (opcional)<\/li>\n<li><i class=\"tk tk-times\"><\/i>Almuerzo<\/li>\n<\/ul>\n<\/div>\n<p>&nbsp;<\/p>\n<hr \/>\n<p>&nbsp;<\/p>\n<div class=\"tour-content-add-information\">\n<h4 id=\"additional-info\">Informaci\u00f3n adicional<\/h4>\n<ul style=\"column-count: 2;\">\n<li>La confirmaci\u00f3n se recibir\u00e1 en el momento de la reserva<\/li>\n<li>No accesible en silla de ruedas<\/li>\n<li>Se requiere un m\u00ednimo de 2 personas por reserva<\/li>\n<li>No recomendado para viajeros con problemas de espalda<\/li>\n<li>No recomendado para mujeres embarazadas<\/li>\n<li>La mayor\u00eda de los viajeros pueden participar<\/li>\n<li>Esta es una actividad privada. Solo participar\u00e1 tu grupo<\/li>\n<li>Trae calzado c\u00f3modo, protector solar y sombrero<\/li>\n<\/ul>\n<\/div>\n<p>&nbsp;<\/p>\n<hr \/>\n<p>&nbsp;<\/p>\n<div class=\"tour-content-cancell-policy\">\n<h4 id=\"cancelation-policy\">Punto de encuentro y recogida<\/h4>\n<ul style=\"column-count: 2;\">\n<li><strong>Punto de encuentro:<\/strong> Recogida desde tu hotel en el centro de Marrakech el d\u00eda del tour (o el punto accesible m\u00e1s cercano si est\u00e1s en un riad).<\/li>\n<li><strong>Instrucciones:<\/strong> Por favor, estate listo en el lobby del hotel 10 minutos antes de la hora programada de recogida.<\/li>\n<\/ul>\n<\/div>\n<div class=\"tour-content-cancell-policy\"><\/div>\n<p>&nbsp;<\/p>\n","protected":false},"excerpt":{"rendered":"<p>Vive el encanto de un Paseo en Camello por el Palmeral de Marrakech, donde la tradici\u00f3n y la aventura se combinan a la perfecci\u00f3n. Marrakech siempre ha sido una ciudad <\/p>\n","protected":false},"featured_media":11683,"comment_status":"open","ping_status":"closed","template":"","meta":[],"product_cat":[328,353],"product_tag":[359,365],"_links":{"self":[{"href":"https:\/\/www.marrakechbudgettours.com\/es\/wp-json\/wp\/v2\/product\/13652"}],"collection":[{"href":"https:\/\/www.marrakechbudgettours.com\/es\/wp-json\/wp\/v2\/product"}],"about":[{"href":"https:\/\/www.marrakechbudgettours.com\/es\/wp-json\/wp\/v2\/types\/product"}],"replies":[{"embeddable":true,"href":"https:\/\/www.marrakechbudgettours.com\/es\/wp-json\/wp\/v2\/comments?post=13652"}],"wp:featuredmedia":[{"embeddable":true,"href":"https:\/\/www.marrakechbudgettours.com\/es\/wp-json\/wp\/v2\/media\/11683"}],"wp:attachment":[{"href":"https:\/\/www.marrakechbudgettours.com\/es\/wp-json\/wp\/v2\/media?parent=13652"}],"wp:term":[{"taxonomy":"product_cat","embeddable":true,"href":"https:\/\/www.marrakechbudgettours.com\/es\/wp-json\/wp\/v2\/product_cat?post=13652"},{"taxonomy":"product_tag","embeddable":true,"href":"https:\/\/www.marrakechbudgettours.com\/es\/wp-json\/wp\/v2\/product_tag?post=13652"}],"curies":[{"name":"wp","href":"https:\/\/api.w.org\/{rel}","templated":true}]}}