{"id":13655,"date":"2024-08-08T12:17:28","date_gmt":"2024-08-08T10:17:28","guid":{"rendered":"https:\/\/marrakechbudgettours.com\/tour\/marrakech-palmeraie-quad-bike-experience-atv-off-road-tours\/"},"modified":"2025-06-27T12:35:28","modified_gmt":"2025-06-27T10:35:28","slug":"tour-en-quad-por-el-palmeral-de-marrakech","status":"publish","type":"product","link":"https:\/\/www.marrakechbudgettours.com\/es\/tour\/tour-en-quad-por-el-palmeral-de-marrakech\/","title":{"rendered":"TOUR EN QUAD POR EL PALMERAL DE MARRAKECH"},"content":{"rendered":"<p><strong>Experiencia en Quad por la Palmeraie de Marrakech\u00a0<\/strong><\/p>\n<p>\u00a1Prep\u00e1rate para una aventura llena de adrenalina con nuestra <a href=\"https:\/\/marrakechbudgettours.com\/es\/tour\/tour-en-quad-por-el-palmeral-de-marrakech\/\"><strong>Tour en quad por el palmeral de marrakech<\/strong><\/a>! Sum\u00e9rgete en una escapada de medio d\u00eda a trav\u00e9s de la belleza salvaje de la Palmeraie, donde cada giro del acelerador te acerca al alma de Marruecos.<\/p>\n<p>Comienza tu <strong>Experiencia en Quad en Marrakech<\/strong> navegando por el laberinto de pueblos bereberes, donde cada curva revela un nuevo aspecto de la vida intacta por el tiempo. A medida que tu quad levanta el polvo del desierto, te encontrar\u00e1s entre palmeras imponentes, capturando vistas panor\u00e1micas que parecen no tener fin.<\/p>\n<p>Esto no es solo un paseo; es un viaje. Ya sea que elijas conquistar las arenas solo o con un peque\u00f1o grupo, nuestros gu\u00edas expertos te acompa\u00f1ar\u00e1n, revelando los secretos del <strong>Tour en Quad de Medio D\u00eda por la Palmeraie<\/strong>. Siente c\u00f3mo se profundiza tu conexi\u00f3n con la tierra al llegar a una aldea local, donde te espera una c\u00e1lida hospitalidad. Aqu\u00ed, compartir\u00e1s los placeres simples del t\u00e9 marroqu\u00ed y un refrigerio tradicional, creando lazos que trascienden el idioma y la cultura.<\/p>\n<p>Tu aventura en <a href=\"https:\/\/marrakechbudgettours.com\"><strong>Quad por la Palmeraie de Marrakech<\/strong><\/a> promete m\u00e1s que emoci\u00f3n: ofrece tranquilidad. Desde el momento en que llegas, nuestro equipo garantiza tu seguridad con una orientaci\u00f3n completa, cascos y quads de \u00faltima generaci\u00f3n dise\u00f1ados para la mejor experiencia todoterreno. Con botellas de agua para mantenerte hidratado y traslados sin complicaciones, solo queda que disfrutes de la aventura de tu vida.<\/p>\n<ul>\n<li class=\"Ptvsb\">Explora los paisajes salvajes y la tierra roja de la Palmeraie en ATV<\/li>\n<li class=\"feature__W54X\">\n<div>\n<div class=\"\">Elige conducir solo o compartir un quad biplaza con un amigo<\/div>\n<\/div>\n<\/li>\n<li>Despu\u00e9s del tour en quad, rel\u00e1jate con un tradicional t\u00e9 marroqu\u00ed a la menta<\/li>\n<li class=\"Ptvsb\">El gu\u00eda brinda instrucciones de seguridad y se asegura de que no te pierdas<\/li>\n<\/ul>\n<div class=\"tour-content-before\">\n<p>&nbsp;<\/p>\n<\/div>\n<hr \/>\n<p>&nbsp;<\/p>\n<div class=\"tour-content-what-included\">\n<h4 id=\"whats-included\">\u00bfQu\u00e9 est\u00e1 incluido?<\/h4>\n<ul style=\"column-count: 2;\">\n<li><i class=\"tk tk-check\" aria-hidden=\"true\"><\/i>Recogida y regreso a tu hotel o riad<\/li>\n<li><i class=\"tk tk-check\" aria-hidden=\"true\"><\/i>Tour en quad de 2 horas<\/li>\n<li><i class=\"tk tk-check\" aria-hidden=\"true\"><\/i>Pausa para el t\u00e9<\/li>\n<\/ul>\n<ul style=\"column-count: 2;\">\n<li><i class=\"tk tk-times\"><\/i>Propinas (opcionales)<\/li>\n<li><i class=\"tk tk-times\"><\/i>Almuerzo<\/li>\n<\/ul>\n<\/div>\n<p>&nbsp;<\/p>\n<hr \/>\n<p>&nbsp;<\/p>\n<div class=\"tour-content-add-information\">\n<h4 id=\"additional-info\">Informaci\u00f3n adicional<\/h4>\n<ul style=\"column-count: 2;\">\n<li>Confirmaci\u00f3n al momento de la reserva<\/li>\n<li>No accesible para sillas de ruedas<\/li>\n<li>Se requiere un m\u00ednimo de 2 personas por reserva<\/li>\n<li>No recomendado para personas con problemas de espalda<\/li>\n<li>No recomendado para mujeres embarazadas<\/li>\n<li>La mayor\u00eda de los viajeros pueden participar<\/li>\n<li>Trae calzado c\u00f3modo, protector solar y sombrero<\/li>\n<\/ul>\n<\/div>\n<p>&nbsp;<\/p>\n<hr \/>\n<p>&nbsp;<\/p>\n<div class=\"tour-content-cancell-policy\">\n<h4 id=\"cancelation-policy\">Punto de encuentro y recogida<\/h4>\n<ul style=\"column-count: 2;\">\n<li><strong>Punto de encuentro:<\/strong> Recogida desde tu hotel en el centro de Marrakech el d\u00eda del tour (o el punto m\u00e1s cercano accesible en coche a tu riad).<\/li>\n<li><strong>Instrucciones:<\/strong> Por favor, est\u00e9 listo en el vest\u00edbulo del hotel 10 minutos antes de la hora programada de recogida.<\/li>\n<\/ul>\n<\/div>\n<div class=\"tour-content-cancell-policy\"><\/div>\n<p>&nbsp;<\/p>\n","protected":false},"excerpt":{"rendered":"<p>Experiencia en Quad por la Palmeraie de Marrakech\u00a0<br \/>\n\u00a1Prep\u00e1rate para una aventura llena de adrenalina con nuestra Tour en quad por el palmeral de marrakech! Sum\u00e9rgete en una escapada de <\/p>\n","protected":false},"featured_media":11878,"comment_status":"open","ping_status":"closed","template":"","meta":[],"product_cat":[328,353],"product_tag":[359,365],"_links":{"self":[{"href":"https:\/\/www.marrakechbudgettours.com\/es\/wp-json\/wp\/v2\/product\/13655"}],"collection":[{"href":"https:\/\/www.marrakechbudgettours.com\/es\/wp-json\/wp\/v2\/product"}],"about":[{"href":"https:\/\/www.marrakechbudgettours.com\/es\/wp-json\/wp\/v2\/types\/product"}],"replies":[{"embeddable":true,"href":"https:\/\/www.marrakechbudgettours.com\/es\/wp-json\/wp\/v2\/comments?post=13655"}],"wp:featuredmedia":[{"embeddable":true,"href":"https:\/\/www.marrakechbudgettours.com\/es\/wp-json\/wp\/v2\/media\/11878"}],"wp:attachment":[{"href":"https:\/\/www.marrakechbudgettours.com\/es\/wp-json\/wp\/v2\/media?parent=13655"}],"wp:term":[{"taxonomy":"product_cat","embeddable":true,"href":"https:\/\/www.marrakechbudgettours.com\/es\/wp-json\/wp\/v2\/product_cat?post=13655"},{"taxonomy":"product_tag","embeddable":true,"href":"https:\/\/www.marrakechbudgettours.com\/es\/wp-json\/wp\/v2\/product_tag?post=13655"}],"curies":[{"name":"wp","href":"https:\/\/api.w.org\/{rel}","templated":true}]}}