{"id":13663,"date":"2024-08-03T12:46:10","date_gmt":"2024-08-03T10:46:10","guid":{"rendered":"https:\/\/marrakechbudgettours.com\/tour\/marrakech-medina-walking-tour\/"},"modified":"2025-06-28T11:55:34","modified_gmt":"2025-06-28T09:55:34","slug":"recorrido-a-pie-por-la-medina-de-marrakech","status":"publish","type":"product","link":"https:\/\/www.marrakechbudgettours.com\/es\/tour\/recorrido-a-pie-por-la-medina-de-marrakech\/","title":{"rendered":"RECORRIDO A PIE POR LA MEDINA DE MARRAKECH"},"content":{"rendered":"<p>Descubre la magia del <a href=\"https:\/\/marrakechbudgettours.com\/es\/tour\/recorrido-a-pie-por-la-medina-de-marrakech\/\u200e\"><strong>recorrido a pie por la medina de Marrakech<\/strong><\/a>: un recorrido de medio d\u00eda que ofrece recuerdos para toda la vida.<\/p>\n<ul>\n<li><strong>Descubre la Medina<\/strong>: Comienza tu aventura en el coraz\u00f3n del casco antiguo de Marrakech. Pasea por la hist\u00f3rica Medina, atravesando sus antiguas puertas que han resistido el paso del tiempo.<\/li>\n<li><strong>Visita lugares emblem\u00e1ticos<\/strong>: Marav\u00edllate con la imponente presencia de la Mezquita Koutoubia, ad\u00e9ntrate en la rica historia de la Maison Tiskiwin y explora otros monumentos que capturan la esencia de Marrakech.<\/li>\n<li><strong>Explora los animados zocos<\/strong>: Termina tu recorrido en la vibrante plaza Jamaa el Fna, donde podr\u00e1s sumergirte en su animado ambiente y descubrir las tiendas y puestos que la rodean.<\/li>\n<\/ul>\n<p>Este <strong>Tour guiado de medio d\u00eda<\/strong> est\u00e1 dise\u00f1ado para ser informativo y agradable, ofreciendo una mezcla perfecta de historia, cultura y sabor local. \u00danete a nosotros en un <a href=\"https:\/\/marrakechbudgettours.com\"><strong>Tour a pie en Marrakech<\/strong><\/a> que muestra el encanto y car\u00e1cter de la ciudad en cada paso.<\/p>\n<div class=\"tour-content-before\">\n<p>&nbsp;<\/p>\n<\/div>\n<hr \/>\n<p>&nbsp;<\/p>\n<div class=\"tour-content-what-included\">\n<h4 id=\"whats-included\">Qu\u00e9 est\u00e1 incluido<\/h4>\n<ul style=\"column-count: 2;\">\n<li><i class=\"tk tk-check\" aria-hidden=\"true\"><\/i>Gu\u00eda local que habla ingl\u00e9s\/franc\u00e9s\/espa\u00f1ol\/italiano<\/li>\n<li><i class=\"tk tk-times\"><\/i>Entradas a las atracciones<\/li>\n<li><i class=\"tk tk-times\"><\/i>Propinas (opcionales)<\/li>\n<li><i class=\"tk tk-times\"><\/i>Transporte<\/li>\n<li><i class=\"tk tk-times\"><\/i>Almuerzo<\/li>\n<\/ul>\n<\/div>\n<p>&nbsp;<\/p>\n<hr \/>\n<p>&nbsp;<\/p>\n<div class=\"tour-content-add-information\">\n<h4 id=\"additional-info\">Informaci\u00f3n adicional<\/h4>\n<ul style=\"column-count: 2;\">\n<li>La confirmaci\u00f3n se recibir\u00e1 en el momento de la reserva<\/li>\n<li>No accesible en silla de ruedas<\/li>\n<li>Se requiere un m\u00ednimo de 2 personas por reserva<\/li>\n<li>No recomendado para personas con problemas de espalda<\/li>\n<li>No recomendado para mujeres embarazadas<\/li>\n<li>La mayor\u00eda de los viajeros pueden participar<\/li>\n<li>Este es un tour privado. Solo participar\u00e1 tu grupo<\/li>\n<li>Trae zapatos c\u00f3modos para caminar, protector solar y sombrero<\/li>\n<\/ul>\n<\/div>\n<p>&nbsp;<\/p>\n<hr \/>\n<p>&nbsp;<\/p>\n<div class=\"tour-content-cancell-policy\">\n<h4 id=\"cancelation-policy\">Punto de encuentro y recogida<\/h4>\n<ul style=\"column-count: 2;\">\n<li><strong>Punto de encuentro:<\/strong> Recogida desde tu hotel en el centro de Marrakech el d\u00eda del tour (o desde el punto m\u00e1s cercano accesible en coche a tu riad).<\/li>\n<li><strong>Instrucciones:<\/strong> Por favor, estate listo en el lobby del hotel 10 minutos antes de la hora programada de recogida.<\/li>\n<\/ul>\n<\/div>\n<div class=\"tour-content-cancell-policy\"><\/div>\n<p>&nbsp;<\/p>\n","protected":false},"excerpt":{"rendered":"<p>Descubre la magia del recorrido a pie por la medina de Marrakech: un recorrido de medio d\u00eda que ofrece recuerdos para toda la vida.<\/p>\n<p>Descubre la Medina: Comienza tu <\/p>\n","protected":false},"featured_media":11597,"comment_status":"open","ping_status":"closed","template":"","meta":[],"product_cat":[347,328,343],"product_tag":[359,365],"_links":{"self":[{"href":"https:\/\/www.marrakechbudgettours.com\/es\/wp-json\/wp\/v2\/product\/13663"}],"collection":[{"href":"https:\/\/www.marrakechbudgettours.com\/es\/wp-json\/wp\/v2\/product"}],"about":[{"href":"https:\/\/www.marrakechbudgettours.com\/es\/wp-json\/wp\/v2\/types\/product"}],"replies":[{"embeddable":true,"href":"https:\/\/www.marrakechbudgettours.com\/es\/wp-json\/wp\/v2\/comments?post=13663"}],"wp:featuredmedia":[{"embeddable":true,"href":"https:\/\/www.marrakechbudgettours.com\/es\/wp-json\/wp\/v2\/media\/11597"}],"wp:attachment":[{"href":"https:\/\/www.marrakechbudgettours.com\/es\/wp-json\/wp\/v2\/media?parent=13663"}],"wp:term":[{"taxonomy":"product_cat","embeddable":true,"href":"https:\/\/www.marrakechbudgettours.com\/es\/wp-json\/wp\/v2\/product_cat?post=13663"},{"taxonomy":"product_tag","embeddable":true,"href":"https:\/\/www.marrakechbudgettours.com\/es\/wp-json\/wp\/v2\/product_tag?post=13663"}],"curies":[{"name":"wp","href":"https:\/\/api.w.org\/{rel}","templated":true}]}}