{"id":13665,"date":"2024-08-01T11:32:57","date_gmt":"2024-08-01T09:32:57","guid":{"rendered":"https:\/\/marrakechbudgettours.com\/tour\/marrakech-full-day-city-tour\/"},"modified":"2025-06-28T12:15:25","modified_gmt":"2025-06-28T10:15:25","slug":"visita-guiada-por-la-ciudad-de-marrakech","status":"publish","type":"product","link":"https:\/\/www.marrakechbudgettours.com\/es\/tour\/visita-guiada-por-la-ciudad-de-marrakech\/","title":{"rendered":"Visita guiada por la ciudad de Marrakech"},"content":{"rendered":"<p>Vive una experiencia \u00fanica con una <a href=\"https:\/\/marrakechbudgettours.com\/es\/tour\/visita-guiada-por-la-ciudad-de-marrakech\/\"><strong>visita guiada por la ciudad de Marrakech<\/strong><\/a>. inmersivo que revela el rico tapiz de esta ciudad hist\u00f3rica. Nuestro gu\u00eda experto te llevar\u00e1 en un <strong>City Tour Marrakech<\/strong> para explorar la grandeza de las dinast\u00edas pasadas, la vitalidad del presente y la promesa del futuro. Descubre las maravillas arquitect\u00f3nicas que definen Marruecos, mientras Marrakech se revela como una ciudad de poes\u00eda, arte y cultura. Pasea por las animadas calles y los rincones ocultos del <a href=\"https:\/\/marrakechbudgettours.com\/es\/\"><strong>Tour por la Medina de Marrakech<\/strong><\/a>, donde cada esquina cuenta una historia de su ilustre patrimonio y alma art\u00edstica.<\/p>\n<p>Este tour completo ofrece una inmersi\u00f3n profunda en el coraz\u00f3n de Marrakech, asegurando que te lleves un profundo aprecio por su encanto \u00fanico y su legado perdurable.<\/p>\n<div class=\"tour-content-before\">\n<ul>\n<li>Visita el Palacio de la Bah\u00eda, la Medersa de Ben Youssef y las Tumbas Saad\u00edes para admirar el arte arquitect\u00f3nico, la pasi\u00f3n por la ense\u00f1anza y el orgullo del sacrificio.<\/li>\n<li>Explora el Jard\u00edn Majorelle y el Museo Bereber para experimentar plantas ex\u00f3ticas y arte elaborado inspirado en la ciudad.<\/li>\n<\/ul>\n<p>&nbsp;<\/p>\n<\/div>\n<hr \/>\n<p>&nbsp;<\/p>\n<div class=\"tour-content-what-included\">\n<h4 id=\"whats-included\">\u00bfQu\u00e9 est\u00e1 incluido?<\/h4>\n<ul style=\"column-count: 2;\">\n<li><i class=\"tk tk-check\" aria-hidden=\"true\"><\/i>Transporte de ida y vuelta en veh\u00edculo con aire acondicionado<\/li>\n<li><i class=\"tk tk-check\" aria-hidden=\"true\"><\/i>Servicio de recogida desde tu hotel o riad<\/li>\n<li><i class=\"tk tk-check\" aria-hidden=\"true\"><\/i>Gu\u00eda local<\/li>\n<li><i class=\"tk tk-check\" aria-hidden=\"true\"><\/i>Conductor profesional<\/li>\n<li><i class=\"tk tk-times\"><\/i>Entradas a los monumentos<\/li>\n<li><i class=\"tk tk-times\"><\/i>Propinas (opcionales)<\/li>\n<li><i class=\"tk tk-times\"><\/i>Almuerzo<\/li>\n<\/ul>\n<\/div>\n<p>&nbsp;<\/p>\n<hr \/>\n<p>&nbsp;<\/p>\n<div class=\"tour-content-add-information\">\n<h4 id=\"additional-info\">Informaci\u00f3n Adicional<\/h4>\n<ul style=\"column-count: 2;\">\n<li>La confirmaci\u00f3n se recibir\u00e1 al momento de la reserva<\/li>\n<li>No accesible en silla de ruedas<\/li>\n<li>Se requiere un m\u00ednimo de 2 personas por reserva<\/li>\n<li>No recomendado para personas con problemas de espalda<\/li>\n<li>No recomendado para mujeres embarazadas<\/li>\n<li>La mayor\u00eda de los viajeros pueden participar<\/li>\n<li>Este es un tour privado. Solo participar\u00e1 tu grupo<\/li>\n<li>Trae calzado c\u00f3modo, protector solar y sombrero<\/li>\n<\/ul>\n<\/div>\n<p>&nbsp;<\/p>\n<hr \/>\n<p>&nbsp;<\/p>\n<div class=\"tour-content-cancell-policy\">\n<h4 id=\"cancelation-policy\">Punto de Encuentro y Recogida<\/h4>\n<ul style=\"column-count: 2;\">\n<li><strong>Punto de encuentro:<\/strong> Recogida en tu hotel en el centro de Marrakech el d\u00eda del tour (o el punto accesible m\u00e1s cercano a tu riad).<\/li>\n<li><strong>Instrucciones:<\/strong> Por favor, estate listo en el vest\u00edbulo del hotel 10 minutos antes de la hora programada de recogida.<\/li>\n<\/ul>\n<\/div>\n<div class=\"tour-content-cancell-policy\"><\/div>\n<p>&nbsp;<\/p>\n","protected":false},"excerpt":{"rendered":"<p>Vive una experiencia \u00fanica con una visita guiada por la ciudad de Marrakech. inmersivo que revela el rico tapiz de esta ciudad hist\u00f3rica. Nuestro gu\u00eda experto te llevar\u00e1 en un <\/p>\n","protected":false},"featured_media":11531,"comment_status":"open","ping_status":"closed","template":"","meta":[],"product_cat":[347,328,343],"product_tag":[],"_links":{"self":[{"href":"https:\/\/www.marrakechbudgettours.com\/es\/wp-json\/wp\/v2\/product\/13665"}],"collection":[{"href":"https:\/\/www.marrakechbudgettours.com\/es\/wp-json\/wp\/v2\/product"}],"about":[{"href":"https:\/\/www.marrakechbudgettours.com\/es\/wp-json\/wp\/v2\/types\/product"}],"replies":[{"embeddable":true,"href":"https:\/\/www.marrakechbudgettours.com\/es\/wp-json\/wp\/v2\/comments?post=13665"}],"wp:featuredmedia":[{"embeddable":true,"href":"https:\/\/www.marrakechbudgettours.com\/es\/wp-json\/wp\/v2\/media\/11531"}],"wp:attachment":[{"href":"https:\/\/www.marrakechbudgettours.com\/es\/wp-json\/wp\/v2\/media?parent=13665"}],"wp:term":[{"taxonomy":"product_cat","embeddable":true,"href":"https:\/\/www.marrakechbudgettours.com\/es\/wp-json\/wp\/v2\/product_cat?post=13665"},{"taxonomy":"product_tag","embeddable":true,"href":"https:\/\/www.marrakechbudgettours.com\/es\/wp-json\/wp\/v2\/product_tag?post=13665"}],"curies":[{"name":"wp","href":"https:\/\/api.w.org\/{rel}","templated":true}]}}