{"id":13672,"date":"2024-08-15T09:48:07","date_gmt":"2024-08-15T07:48:07","guid":{"rendered":"https:\/\/marrakechbudgettours.com\/tour\/transfer-marrakech-airport-palmeraie\/"},"modified":"2025-07-11T12:15:10","modified_gmt":"2025-07-11T10:15:10","slug":"traslado-aeropuerto-de-marrakech-a-palmeraie","status":"publish","type":"product","link":"https:\/\/www.marrakechbudgettours.com\/es\/tour\/traslado-aeropuerto-de-marrakech-a-palmeraie\/","title":{"rendered":"TRASLADO AEROPUERTO DE MARRAKECH A PALMERAIE"},"content":{"rendered":"<p>Experience a smooth <a href=\"https:\/\/marrakechbudgettours.com\/es\/tour\/traslado-aeropue\u2026kech-a-palmeraie\/\"><strong>TRASLADO AEROPUERTO DE MARRAKECH A PALMERAIE<\/strong><\/a> con nuestro servicio privado premium. Ya sea que llegues a Marrakech para unas vacaciones relajantes o regreses a casa despu\u00e9s de una estancia rejuvenecedora, este traslado garantiza un viaje sin complicaciones. El <a href=\"https:\/\/marrakechbudgettours.com\"><strong>Servicio de transfer aeropuerto<\/strong><\/a>\u00a0no se trata solo de ir del punto A al B; se trata de comenzar o terminar tu viaje con comodidad y estilo. Ideal para viajeros solos, parejas, familias o viajeros de negocios, este <strong>Traslado Privado entre el Aeropuerto de Marrakech y La Palmeraie<\/strong> garantiza puntualidad, profesionalismo y tranquilidad. Disfruta del recorrido esc\u00e9nico mientras dejas atr\u00e1s la bulliciosa ciudad y te diriges hacia la tranquila Palmeraie. D\u00e9janos encargarnos de la log\u00edstica mientras t\u00fa te concentras en disfrutar tu estancia.<\/p>\n<p>&nbsp;<\/p>\n<div class=\"tour-content-before\">\n<p>&nbsp;<\/p>\n<\/div>\n<hr \/>\n<p>&nbsp;<\/p>\n<div class=\"tour-content-what-included\">\n<h4 id=\"whats-included\">\u00bfQu\u00e9 incluye?<\/h4>\n<ul style=\"column-count: 2;\">\n<li><i class=\"tk tk-check\" aria-hidden=\"true\"><\/i>Servicio de bienvenida en el aeropuerto<\/li>\n<li><i class=\"tk tk-check\" aria-hidden=\"true\"><\/i>Veh\u00edculo con aire acondicionado para tu traslado<\/li>\n<li><i class=\"tk tk-check\" aria-hidden=\"true\"><\/i>Conductor profesional que habla ingl\u00e9s<\/li>\n<li><i class=\"tk tk-times\"><\/i>Propinas (opcionales)<\/li>\n<\/ul>\n<\/div>\n<p>&nbsp;<\/p>\n<hr \/>\n<p>&nbsp;<\/p>\n<div class=\"tour-content-cancell-policy\">\n<h4 id=\"cancelation-policy\">Punto de encuentro y recogida<\/h4>\n<ul style=\"column-count: 2;\">\n<li><strong>Punto de encuentro:<\/strong> Recogida en el Aeropuerto de Marrakech Menara (RAK) o desde tu hotel.<\/li>\n<li><strong>Hora de recogida:<\/strong> Programada seg\u00fan la hora de llegada o salida de tu vuelo<\/li>\n<li><strong>Instrucciones:<\/strong> A tu llegada, busca a tu conductor con un cartel con tu nombre en la salida del aeropuerto. Para salidas, por favor, espera en el vest\u00edbulo del hotel 10 minutos antes de la hora programada.<\/li>\n<\/ul>\n<\/div>\n<div class=\"tour-content-cancell-policy\"><\/div>\n<p>&nbsp;<\/p>\n","protected":false},"excerpt":{"rendered":"<p>Experience a smooth TRASLADO AEROPUERTO DE MARRAKECH A PALMERAIE con nuestro servicio privado premium. Ya sea que llegues a Marrakech para unas vacaciones relajantes o regreses a casa despu\u00e9s de <\/p>\n","protected":false},"featured_media":11912,"comment_status":"open","ping_status":"closed","template":"","meta":[],"product_cat":[328,357],"product_tag":[359,365],"_links":{"self":[{"href":"https:\/\/www.marrakechbudgettours.com\/es\/wp-json\/wp\/v2\/product\/13672"}],"collection":[{"href":"https:\/\/www.marrakechbudgettours.com\/es\/wp-json\/wp\/v2\/product"}],"about":[{"href":"https:\/\/www.marrakechbudgettours.com\/es\/wp-json\/wp\/v2\/types\/product"}],"replies":[{"embeddable":true,"href":"https:\/\/www.marrakechbudgettours.com\/es\/wp-json\/wp\/v2\/comments?post=13672"}],"wp:featuredmedia":[{"embeddable":true,"href":"https:\/\/www.marrakechbudgettours.com\/es\/wp-json\/wp\/v2\/media\/11912"}],"wp:attachment":[{"href":"https:\/\/www.marrakechbudgettours.com\/es\/wp-json\/wp\/v2\/media?parent=13672"}],"wp:term":[{"taxonomy":"product_cat","embeddable":true,"href":"https:\/\/www.marrakechbudgettours.com\/es\/wp-json\/wp\/v2\/product_cat?post=13672"},{"taxonomy":"product_tag","embeddable":true,"href":"https:\/\/www.marrakechbudgettours.com\/es\/wp-json\/wp\/v2\/product_tag?post=13672"}],"curies":[{"name":"wp","href":"https:\/\/api.w.org\/{rel}","templated":true}]}}