{"id":13677,"date":"2024-08-15T10:33:21","date_gmt":"2024-08-15T08:33:21","guid":{"rendered":"https:\/\/marrakechbudgettours.com\/tour\/marrakech-to-casablanca\/"},"modified":"2025-07-11T12:37:49","modified_gmt":"2025-07-11T10:37:49","slug":"traslado-desde-marrakech-al-aeropuerto-de-casablanca","status":"publish","type":"product","link":"https:\/\/www.marrakechbudgettours.com\/es\/tour\/traslado-desde-marrakech-al-aeropuerto-de-casablanca\/","title":{"rendered":"TRASLADO DESDE MARRAKECH AL AEROPUERTO DE CASABLANCA"},"content":{"rendered":"<p>Emb\u00e1rquese en un <a href=\"https:\/\/marrakechbudgettours.com\/es\/tour\/traslado-desde-marrakech-al-aeropuerto-de-casablanca\/\"><strong>TRASLADO DESDE MARRAKECH AL AEROPUERTO DE CASABLANCA<\/strong><\/a> sin estr\u00e9s y con total comodidad. Ya sea que tenga un vuelo temprano o llegue tarde, nuestro servicio est\u00e1 dise\u00f1ado para garantizar que llegue al <strong>Aeropuerto de Casablanca (CMN) desde Marrakech<\/strong> con facilidad y eficiencia. Ideal para viajeros de negocios, familias o aventureros solitarios, este traslado garantiza puntualidad, comodidad y una experiencia sin complicaciones. El trayecto desde <strong>Marrakech al Aeropuerto Internacional Mohammed V de Casablanca<\/strong> le lleva por rutas esc\u00e9nicas, permiti\u00e9ndole relajarse y disfrutar del viaje. No m\u00e1s preocupaciones por taxis o transporte p\u00fablico: elija nuestro <a href=\"https:\/\/marrakechbudgettours.com\"><strong>Taxi de Marrakech al Aeropuerto de Casablanca<\/strong><\/a> para un servicio de traslado fiable y lujoso.<\/p>\n<p>&nbsp;<\/p>\n<hr \/>\n<p>&nbsp;<\/p>\n<div class=\"tour-content-what-included\">\n<h4 id=\"whats-included\">Qu\u00e9 incluye<\/h4>\n<ul style=\"column-count: 2;\">\n<li><i class=\"tk tk-check\" aria-hidden=\"true\"><\/i>Servicio de bienvenida en el aeropuerto<\/li>\n<li><i class=\"tk tk-check\" aria-hidden=\"true\"><\/i>Veh\u00edculo con aire acondicionado para su traslado<\/li>\n<li><i class=\"tk tk-check\" aria-hidden=\"true\"><\/i>Conductor profesional que habla ingl\u00e9s<\/li>\n<li><i class=\"tk tk-times\"><\/i>Propinas (opcionales)<\/li>\n<\/ul>\n<\/div>\n<p>&nbsp;<\/p>\n<hr \/>\n<p>&nbsp;<\/p>\n<div class=\"tour-content-cancell-policy\">\n<h4 id=\"cancelation-policy\">Encuentro y recogida<\/h4>\n<ul style=\"column-count: 2;\">\n<li><strong>Punto de encuentro:<\/strong> Recogida en el Aeropuerto de Marrakech Menara (RAK) o desde su hotel.<\/li>\n<li><strong>Hora de recogida:<\/strong> Programada seg\u00fan la hora de llegada o salida de su vuelo<\/li>\n<li><strong>Instrucciones:<\/strong> A su llegada, busque a su conductor con un cartel con su nombre en la salida del aeropuerto. Para salidas, por favor est\u00e9 listo en el vest\u00edbulo de su hotel 10 minutos antes de la hora programada de recogida.<\/li>\n<\/ul>\n<\/div>\n<div class=\"tour-content-cancell-policy\"><\/div>\n<p>&nbsp;<\/p>\n","protected":false},"excerpt":{"rendered":"<p>Emb\u00e1rquese en un TRASLADO DESDE MARRAKECH AL AEROPUERTO DE CASABLANCA sin estr\u00e9s y con total comodidad. Ya sea que tenga un vuelo temprano o llegue tarde, nuestro servicio est\u00e1 dise\u00f1ado <\/p>\n","protected":false},"featured_media":11944,"comment_status":"open","ping_status":"closed","template":"","meta":[],"product_cat":[328,357],"product_tag":[359,365],"_links":{"self":[{"href":"https:\/\/www.marrakechbudgettours.com\/es\/wp-json\/wp\/v2\/product\/13677"}],"collection":[{"href":"https:\/\/www.marrakechbudgettours.com\/es\/wp-json\/wp\/v2\/product"}],"about":[{"href":"https:\/\/www.marrakechbudgettours.com\/es\/wp-json\/wp\/v2\/types\/product"}],"replies":[{"embeddable":true,"href":"https:\/\/www.marrakechbudgettours.com\/es\/wp-json\/wp\/v2\/comments?post=13677"}],"wp:featuredmedia":[{"embeddable":true,"href":"https:\/\/www.marrakechbudgettours.com\/es\/wp-json\/wp\/v2\/media\/11944"}],"wp:attachment":[{"href":"https:\/\/www.marrakechbudgettours.com\/es\/wp-json\/wp\/v2\/media?parent=13677"}],"wp:term":[{"taxonomy":"product_cat","embeddable":true,"href":"https:\/\/www.marrakechbudgettours.com\/es\/wp-json\/wp\/v2\/product_cat?post=13677"},{"taxonomy":"product_tag","embeddable":true,"href":"https:\/\/www.marrakechbudgettours.com\/es\/wp-json\/wp\/v2\/product_tag?post=13677"}],"curies":[{"name":"wp","href":"https:\/\/api.w.org\/{rel}","templated":true}]}}