{"id":12386,"date":"2024-07-03T13:27:39","date_gmt":"2024-07-03T11:27:39","guid":{"rendered":"https:\/\/marrakechbudgettours.com\/?post_type=product&#038;p=12386"},"modified":"2024-12-24T10:19:01","modified_gmt":"2024-12-24T09:19:01","slug":"excursion-2-jours-a-zagora-au-depart-de-marrakech","status":"publish","type":"product","link":"https:\/\/www.marrakechbudgettours.com\/fr\/tour\/excursion-2-jours-a-zagora-au-depart-de-marrakech\/","title":{"rendered":"EXCURSION PARTAG\u00c9E DE 2 JOURS VERS ZAGORA DEPUIS MARRAKECH"},"content":{"rendered":"<p>Plongez au c\u0153ur du Maroc avec notre <strong>Excursion partag\u00e9e de 2 jours vers Zagora depuis Marrakech!<\/strong> Cette aventure est riche en paysages incroyables et en exp\u00e9riences uniques, id\u00e9ale pour ceux qui souhaitent d\u00e9couvrir le myst\u00e8re du d\u00e9sert. Que vous voyagiez seul, en couple ou en groupe, cette <strong>excursion en groupe de Marrakech \u00e0 Zagora<\/strong> vous promet des paysages \u00e9poustouflants, des promenades \u00e0 dos de chameau et une nuit de camping sous les \u00e9toiles. Rejoignez-nous pour cette excursion\u00a0 dans le d\u00e9sert de Marrakech \u00e0 Zagora et d\u00e9couvrez les joyaux cach\u00e9s du d\u00e9sert marocain. Les <strong>circuits dans le d\u00e9sert marocain<\/strong> offrent un m\u00e9lange in\u00e9gal\u00e9 de culture et d&#8217;aventure, cr\u00e9ant des souvenirs inoubliables.<\/p>\n<div class=\"tour-content-before\">\n<ul>\n<li>Traversez les montagnes du Haut Atlas et le col de Tizi Ntichka.<\/li>\n<li><i class=\"gdlr-core-icon-list-icon fa5r fa5-dot-circle\"><\/i>Visitez le village berb\u00e8re d&#8217;Ait Ben Haddou, c\u00e9l\u00e8bre pour sa kasbah class\u00e9e au patrimoine mondial.<\/li>\n<li>Parcourez la vall\u00e9e du Dr\u00e2a avec ses villages fortifi\u00e9s, ses rivi\u00e8res parsem\u00e9es de palmiers et ses oasis.<\/li>\n<li>Profitez d\u2019une promenade \u00e0 dos de chameau en admirant le coucher de soleil dans le d\u00e9sert de Zagora.<\/li>\n<li>Dormez sous les \u00e9toiles dans votre campement berb\u00e8re.<\/li>\n<li>Visitez Ouarzazate et les studios de cin\u00e9ma de l&#8217;Atla<i class=\"gdlr-core-icon-list-icon fa5r fa5-dot-circle\"><\/i><\/li>\n<\/ul>\n<\/div>\n<p>&nbsp;<\/p>\n<hr \/>\n<p>&nbsp;<\/p>\n<div class=\"tour-content-what-included\">\n<h4 id=\"whats-included\">Ce qui est inclus<\/h4>\n<ul style=\"column-count: 2;\">\n<li><i class=\"tk tk-check\" aria-hidden=\"true\"><\/i>Transport aller-retour en v\u00e9hicule climatis\u00e9<\/li>\n<li><i class=\"tk tk-check\" aria-hidden=\"true\"><\/i>Service de prise en charge depuis votre h\u00f4tel ou riad<\/li>\n<li><i class=\"tk tk-check\" aria-hidden=\"true\"><\/i>Exp\u00e9rience de trekking \u00e0 dos de chameau<\/li>\n<li><i class=\"tk tk-check\" aria-hidden=\"true\"><\/i>Nuit\u00e9e dans un campement dans le d\u00e9sert du Sahara<\/li>\n<li><i class=\"tk tk-check\" aria-hidden=\"true\"><\/i>Repas : 1 petit-d\u00e9jeuner, 1 d\u00eener<\/li>\n<li><i class=\"tk tk-times\"><\/i>Frais d\u2019entr\u00e9e aux attractions<\/li>\n<li><i class=\"tk tk-times\"><\/i>Pourboires (facultatifs)<\/li>\n<li><i class=\"tk tk-times\"><\/i>D\u00e9jeuner<\/li>\n<\/ul>\n<\/div>\n<p>&nbsp;<\/p>\n<hr \/>\n<p>&nbsp;<\/p>\n<div class=\"tour-content-add-information\">\n<div class=\"tour-content-add-information\">\n<h4 id=\"additional-info\">Informations suppl\u00e9mentaires<\/h4>\n<ul style=\"column-count: 2;\">\n<li>Confirmation re\u00e7ue au moment de la r\u00e9servation<\/li>\n<li>Non accessible en fauteuil roulant<\/li>\n<li>Un minimum de 2 personnes est requis par r\u00e9servation<\/li>\n<li>Non recommand\u00e9 pour les voyageurs ayant des probl\u00e8mes de dos<\/li>\n<li>Non recommand\u00e9 pour les femmes enceintes<\/li>\n<li>La plupart des voyageurs peuvent participer<\/li>\n<li>Apportez des chaussures de marche confortables, de la cr\u00e8me solaire et un chapeau<\/li>\n<li>Des v\u00eatements chauds sont recommand\u00e9s pour les nuits dans le d\u00e9sert<\/li>\n<\/ul>\n<\/div>\n<p>&nbsp;<\/p>\n<hr \/>\n<p>&nbsp;<\/p>\n<div class=\"tour-content-cancell-policy\">\n<h4 id=\"cancelation-policy\">Point de rencontre et prise en charge<\/h4>\n<ul style=\"column-count: 2;\">\n<li><strong>Point de rencontre<\/strong> : Prise en charge \u00e0 votre h\u00f4tel situ\u00e9 dans le centre-ville de Marrakech le jour de la visite (ou au point le plus proche accessible en voiture de votre riad).<\/li>\n<li><strong>Instructions:<\/strong> Veuillez \u00eatre pr\u00eat dans le hall de votre h\u00f4tel 10 minutes avant l&#8217;heure de prise en charge pr\u00e9vue.<\/li>\n<\/ul>\n<\/div>\n<div class=\"tour-content-cancell-policy\"><\/div>\n<\/div>\n","protected":false},"excerpt":{"rendered":"<p>Plongez au c\u0153ur du Maroc avec notre Excursion partag\u00e9e de 2 jours vers Zagora depuis Marrakech! Cette aventure est riche en paysages incroyables et en exp\u00e9riences uniques, id\u00e9ale pour ceux <\/p>\n","protected":false},"featured_media":10912,"comment_status":"open","ping_status":"closed","template":"","meta":[],"product_cat":[179,182,188],"product_tag":[261],"_links":{"self":[{"href":"https:\/\/www.marrakechbudgettours.com\/fr\/wp-json\/wp\/v2\/product\/12386"}],"collection":[{"href":"https:\/\/www.marrakechbudgettours.com\/fr\/wp-json\/wp\/v2\/product"}],"about":[{"href":"https:\/\/www.marrakechbudgettours.com\/fr\/wp-json\/wp\/v2\/types\/product"}],"replies":[{"embeddable":true,"href":"https:\/\/www.marrakechbudgettours.com\/fr\/wp-json\/wp\/v2\/comments?post=12386"}],"wp:featuredmedia":[{"embeddable":true,"href":"https:\/\/www.marrakechbudgettours.com\/fr\/wp-json\/wp\/v2\/media\/10912"}],"wp:attachment":[{"href":"https:\/\/www.marrakechbudgettours.com\/fr\/wp-json\/wp\/v2\/media?parent=12386"}],"wp:term":[{"taxonomy":"product_cat","embeddable":true,"href":"https:\/\/www.marrakechbudgettours.com\/fr\/wp-json\/wp\/v2\/product_cat?post=12386"},{"taxonomy":"product_tag","embeddable":true,"href":"https:\/\/www.marrakechbudgettours.com\/fr\/wp-json\/wp\/v2\/product_tag?post=12386"}],"curies":[{"name":"wp","href":"https:\/\/api.w.org\/{rel}","templated":true}]}}