{"id":12394,"date":"2024-07-05T12:33:55","date_gmt":"2024-07-05T10:33:55","guid":{"rendered":"https:\/\/marrakechbudgettours.com\/tour\/shared-3-days-desert-tour-from-marrakech-to-merzouga-dunes-camel-2\/"},"modified":"2024-09-28T11:13:33","modified_gmt":"2024-09-28T09:13:33","slug":"circuit-partage-de-3-jours-dans-le-desert-de-merzouga","status":"publish","type":"product","link":"https:\/\/www.marrakechbudgettours.com\/fr\/tour\/circuit-partage-de-3-jours-dans-le-desert-de-merzouga\/","title":{"rendered":"EXCURSION PARTAG\u00c9E DE 3 JOURS DE MARRAKECH \u00c0 MERZOUGA"},"content":{"rendered":"<p>Vivez la magie du d\u00e9sert marocain lors d&#8217;une captivante <strong>excursion partag\u00e9e de 3 jours de Marrakech \u00e0 Merzouga<\/strong>. Traversez des paysages \u00e0 couper le souffle, o\u00f9 des dunes dor\u00e9es s&#8217;\u00e9tendent \u00e0 perte de vue. Cette aventure est parfaite pour ceux qui recherchent un m\u00e9lange de sensations fortes et de tranquillit\u00e9. L&#8217;excursion <strong>3 jours dans le d\u00e9sert de Merzouga<\/strong> offre un aper\u00e7u, mais ce voyage prolong\u00e9 offre bien plus. Promenez-vous \u00e0 travers des kasbahs anciennes, d\u00e9couvrez la culture locale vibrante, et perdez-vous dans la beaut\u00e9 sereine du Sahara. Id\u00e9ale pour les voyageurs solitaires, les couples et les groupes, cette excursion de <strong>3 jours Marrakech-Merzouga<\/strong> promet des souvenirs qui dureront toute une vie. Ne manquez pas l&#8217;exp\u00e9rience ultime de la visite du d\u00e9sert de Marrakech \u00e0 Merzouga.<\/p>\n<div class=\"tour-content-before\">\n<ul>\n<li>Le petit-d\u00e9jeuner et le d\u00eener sont inclus dans le prix de l&#8217;excursion<\/li>\n<li>Dormez dans un camp berb\u00e8re dans une oasis du d\u00e9sert<\/li>\n<li>Tous les h\u00e9bergements sont fournis<\/li>\n<li>Visitez la Kasbah A\u00eft Ben Haddou, un site du patrimoine mondial de l&#8217;UNESCO<\/li>\n<li>Traversez les montagnes du Haut Atlas<\/li>\n<li>Visitez Ouarzazate, le Hollywood du Maroc, avec les plus grands studios du pays<\/li>\n<li>Profitez d&#8217;une promenade \u00e0 dos de chameau au coucher du soleil jusqu&#8217;au camp du d\u00e9sert de Merzouga<\/li>\n<li>Faites une excursion \u00e0 dos de chameau t\u00f4t le matin<\/li>\n<li>Passez une nuit dans la vall\u00e9e du Dad\u00e8s<\/li>\n<li>Visitez les gorges du Todra<\/li>\n<\/ul>\n<\/div>\n<p>&nbsp;<\/p>\n<hr \/>\n<p>&nbsp;<\/p>\n<div class=\"tour-content-what-included\">\n<h4 id=\"whats-included\">Ce qui est inclus<\/h4>\n<ul style=\"column-count: 2;\">\n<li>Transport aller-retour en v\u00e9hicule climatis\u00e9<\/li>\n<li><i class=\"tk tk-check\" aria-hidden=\"true\"><\/i>Service de prise en charge depuis votre h\u00f4tel ou riad<\/li>\n<li><i class=\"tk tk-check\" aria-hidden=\"true\"><\/i>Exp\u00e9rience de trekking \u00e0 dos de chameau<\/li>\n<li><i class=\"tk tk-check\" aria-hidden=\"true\"><\/i>Nuit\u00e9e dans un campement dans le d\u00e9sert du Sahara<\/li>\n<li><i class=\"tk tk-check\" aria-hidden=\"true\"><\/i>Repas : 2 petits-d\u00e9jeuners, 2 d\u00eeners<\/li>\n<li><i class=\"tk tk-times\"><\/i>Frais d\u2019entr\u00e9e aux attractions<\/li>\n<li><i class=\"tk tk-times\"><\/i>Pourboires (facultatifs)<\/li>\n<li><i class=\"tk tk-times\"><\/i>D\u00e9jeuner<\/li>\n<\/ul>\n<\/div>\n<p>&nbsp;<\/p>\n<hr \/>\n<p>&nbsp;<\/p>\n<div class=\"tour-content-add-information\">\n<div class=\"tour-content-add-information\">\n<h4 id=\"additional-info\">Informations suppl\u00e9mentaires :<\/h4>\n<ul style=\"column-count: 2;\">\n<li>Confirmation re\u00e7ue au moment de la r\u00e9servation<\/li>\n<li>Non accessible en fauteuil roulant<\/li>\n<li>Un minimum de 2 personnes est requis par r\u00e9servation<\/li>\n<li>Non recommand\u00e9 pour les voyageurs ayant des probl\u00e8mes de dos<\/li>\n<li>Non recommand\u00e9 pour les femmes enceintes<\/li>\n<li>La plupart des voyageurs peuvent participer<\/li>\n<li>Apportez des chaussures de marche confortables, de la cr\u00e8me solaire et un chapeau<\/li>\n<li>Des v\u00eatements chauds sont recommand\u00e9s pour les nuits dans le d\u00e9sert<\/li>\n<\/ul>\n<\/div>\n<\/div>\n<p>&nbsp;<\/p>\n<hr \/>\n<p>&nbsp;<\/p>\n<div class=\"tour-content-cancell-policy\">\n<h4 id=\"cancelation-policy\">Point de rencontre et prise en charge :<\/h4>\n<ul style=\"column-count: 2;\">\n<li><strong>Point de rencontre<\/strong> : Prise en charge \u00e0 votre h\u00f4tel situ\u00e9 dans le centre-ville de Marrakech le jour de la visite (ou au point le plus proche accessible en voiture de votre riad).<\/li>\n<li><strong>Instructions:<\/strong> Veuillez \u00eatre pr\u00eat dans le hall de votre h\u00f4tel 10 minutes avant l&#8217;heure de prise en charge pr\u00e9vue<\/li>\n<\/ul>\n<\/div>\n<p>&nbsp;<\/p>\n","protected":false},"excerpt":{"rendered":"<p>Vivez la magie du d\u00e9sert marocain lors d&#8217;une captivante excursion partag\u00e9e de 3 jours de Marrakech \u00e0 Merzouga. Traversez des paysages \u00e0 couper le souffle, o\u00f9 des dunes dor\u00e9es s&#8217;\u00e9tendent <\/p>\n","protected":false},"featured_media":12131,"comment_status":"open","ping_status":"closed","template":"","meta":[],"product_cat":[179,182,188],"product_tag":[261],"_links":{"self":[{"href":"https:\/\/www.marrakechbudgettours.com\/fr\/wp-json\/wp\/v2\/product\/12394"}],"collection":[{"href":"https:\/\/www.marrakechbudgettours.com\/fr\/wp-json\/wp\/v2\/product"}],"about":[{"href":"https:\/\/www.marrakechbudgettours.com\/fr\/wp-json\/wp\/v2\/types\/product"}],"replies":[{"embeddable":true,"href":"https:\/\/www.marrakechbudgettours.com\/fr\/wp-json\/wp\/v2\/comments?post=12394"}],"wp:featuredmedia":[{"embeddable":true,"href":"https:\/\/www.marrakechbudgettours.com\/fr\/wp-json\/wp\/v2\/media\/12131"}],"wp:attachment":[{"href":"https:\/\/www.marrakechbudgettours.com\/fr\/wp-json\/wp\/v2\/media?parent=12394"}],"wp:term":[{"taxonomy":"product_cat","embeddable":true,"href":"https:\/\/www.marrakechbudgettours.com\/fr\/wp-json\/wp\/v2\/product_cat?post=12394"},{"taxonomy":"product_tag","embeddable":true,"href":"https:\/\/www.marrakechbudgettours.com\/fr\/wp-json\/wp\/v2\/product_tag?post=12394"}],"curies":[{"name":"wp","href":"https:\/\/api.w.org\/{rel}","templated":true}]}}