{"id":12397,"date":"2024-07-07T11:59:31","date_gmt":"2024-07-07T09:59:31","guid":{"rendered":"https:\/\/marrakechbudgettours.com\/?post_type=product&#038;p=12397"},"modified":"2024-09-28T11:11:35","modified_gmt":"2024-09-28T09:11:35","slug":"excursion-3-jours-marrakech-a-fes-via-desert-merzouga","status":"publish","type":"product","link":"https:\/\/www.marrakechbudgettours.com\/fr\/tour\/excursion-3-jours-marrakech-a-fes-via-desert-merzouga\/","title":{"rendered":"EXCURSION 3 JOURS MARRAKECH \u00c0 F\u00c8S VIA D\u00c9SERT MERZOUGA"},"content":{"rendered":"<p>Embarquez pour la passionnante <strong>Excursion 3 jours Marrakech \u00e0 F\u00e8s via d\u00e9sert Merzouga<\/strong> , une exp\u00e9rience unique en son genre. Traversez les paysages \u00e0 couper le souffle du Sahara, montez \u00e0 dos de chameau \u00e0 travers les vastes dunes de sable et s\u00e9journez dans des camps traditionnels berb\u00e8res. Ce <strong>Voyage d\u00e9sert Merzouga Marrakech F\u00e8s<\/strong> est parfait pour les amateurs d&#8217;aventure, les passionn\u00e9s de culture et ceux qui souhaitent explorer la beaut\u00e9 naturelle du Maroc. Le <strong>Circuit d\u00e9sert Maroc 3 jours<\/strong> de Marrakech \u00e0 F\u00e8s offre un voyage riche en exp\u00e9riences uniques et en moments inoubliables. Rejoignez notre <strong>Tour d\u00e9sert Sahara 3 jours<\/strong> en groupe partag\u00e9 de Marrakech \u00e0 F\u00e8s et immergez-vous dans la culture riche et les paysages \u00e9poustouflants du Maroc. Le <strong>Tour d\u00e9sert Sahara 3 jours<\/strong> de Marrakech \u00e0 Merzouga promet une aventure inoubliable.<\/p>\n<div class=\"tour-content-before\">\n<ul>\n<li><strong>Traversez les montagnes du Haut Atlas<\/strong> : Voyagez \u00e0 travers le col panoramique du Tizi N&#8217;tichka et visitez la Kasbah historique d&#8217;A\u00eft Ben Haddou.<\/li>\n<li><i class=\"gdlr-core-icon-list-icon fa5r fa5-dot-circle\"><\/i><strong>Admirez la vall\u00e9e des Roses<\/strong> : Contemplez les paysages color\u00e9s et les villages traditionnels en chemin vers les gorges du Dad\u00e8s.<\/li>\n<li><i class=\"gdlr-core-icon-list-icon fa5r fa5-dot-circle\"><\/i><strong>Visitez les gorges du Todra<\/strong> : Explorez les formations rocheuses imposantes apr\u00e8s une promenade le long du ruisseau de l&#8217;oasis de Tinghir.<\/li>\n<li><i class=\"gdlr-core-icon-list-icon fa5r fa5-dot-circle\"><\/i><strong>Balade \u00e0 dos de chameau \u00e0 Merzouga<\/strong> : Profitez d&#8217;une promenade \u00e0 dos de chameau au coucher du soleil sur les dunes et campez sous les \u00e9toiles dans le Sahara.<\/li>\n<li><i class=\"gdlr-core-icon-list-icon fa5r fa5-dot-circle\"><\/i><strong>D\u00e9couvrez le Moyen Atlas<\/strong> : Voyagez \u00e0 travers les montagnes du Moyen Atlas et les for\u00eats de c\u00e8dres en route de Merzouga \u00e0 F\u00e8s.<\/li>\n<\/ul>\n<\/div>\n<p>&nbsp;<\/p>\n<hr \/>\n<p>&nbsp;<\/p>\n<div class=\"tour-content-what-included\">\n<h4 id=\"whats-included\">Ce qui est inclus<\/h4>\n<ul style=\"column-count: 2;\">\n<li>Transport aller-retour en v\u00e9hicule climatis\u00e9<\/li>\n<li><i class=\"tk tk-check\" aria-hidden=\"true\"><\/i>Service de prise en charge depuis votre h\u00f4tel ou riad<\/li>\n<li><i class=\"tk tk-check\" aria-hidden=\"true\"><\/i>Exp\u00e9rience de trekking \u00e0 dos de chameau<\/li>\n<li><i class=\"tk tk-check\" aria-hidden=\"true\"><\/i>Nuit\u00e9e dans un campement dans le d\u00e9sert du Sahara<\/li>\n<li><i class=\"tk tk-check\" aria-hidden=\"true\"><\/i>Repas : 2 petits-d\u00e9jeuners, 2 d\u00eeners<\/li>\n<li><i class=\"tk tk-times\"><\/i>Frais d\u2019entr\u00e9e aux attractions<\/li>\n<li><i class=\"tk tk-times\"><\/i>Pourboires (facultatifs)<\/li>\n<li><i class=\"tk tk-times\"><\/i>D\u00e9jeuner<\/li>\n<\/ul>\n<\/div>\n<p>&nbsp;<\/p>\n<hr \/>\n<p>&nbsp;<\/p>\n<div class=\"tour-content-add-information\">\n<div class=\"tour-content-add-information\">\n<h4 id=\"additional-info\">Informations suppl\u00e9mentaires :<\/h4>\n<ul style=\"column-count: 2;\">\n<li>Confirmation re\u00e7ue au moment de la r\u00e9servation<\/li>\n<li>Non accessible en fauteuil roulant<\/li>\n<li>Un minimum de 2 personnes est requis par r\u00e9servation<\/li>\n<li>Non recommand\u00e9 pour les voyageurs ayant des probl\u00e8mes de dos<\/li>\n<li>Non recommand\u00e9 pour les femmes enceintes<\/li>\n<li>La plupart des voyageurs peuvent participer<\/li>\n<li>Apportez des chaussures de marche confortables, de la cr\u00e8me solaire et un chapeau<\/li>\n<li>Des v\u00eatements chauds sont recommand\u00e9s pour les nuits dans le d\u00e9sert<\/li>\n<\/ul>\n<\/div>\n<\/div>\n<p>&nbsp;<\/p>\n<hr \/>\n<p>&nbsp;<\/p>\n<div class=\"tour-content-cancell-policy\">\n<h4 id=\"cancelation-policy\">Point de rencontre et prise en charge :<\/h4>\n<ul style=\"column-count: 2;\">\n<li><strong>Point de rencontre<\/strong> : Prise en charge \u00e0 votre h\u00f4tel situ\u00e9 dans le centre-ville de Marrakech le jour de la visite (ou au point le plus proche accessible en voiture de votre riad).<\/li>\n<li><strong>Instructions:<\/strong> Veuillez \u00eatre pr\u00eat dans le hall de votre h\u00f4tel 10 minutes avant l&#8217;heure de prise en charge pr\u00e9vue<\/li>\n<\/ul>\n<\/div>\n<p>&nbsp;<\/p>\n","protected":false},"excerpt":{"rendered":"<p>Embarquez pour la passionnante Excursion 3 jours Marrakech \u00e0 F\u00e8s via d\u00e9sert Merzouga , une exp\u00e9rience unique en son genre. Traversez les paysages \u00e0 couper le souffle du Sahara, montez <\/p>\n","protected":false},"featured_media":10962,"comment_status":"open","ping_status":"closed","template":"","meta":[],"product_cat":[178,179,182,180,186,188],"product_tag":[261],"_links":{"self":[{"href":"https:\/\/www.marrakechbudgettours.com\/fr\/wp-json\/wp\/v2\/product\/12397"}],"collection":[{"href":"https:\/\/www.marrakechbudgettours.com\/fr\/wp-json\/wp\/v2\/product"}],"about":[{"href":"https:\/\/www.marrakechbudgettours.com\/fr\/wp-json\/wp\/v2\/types\/product"}],"replies":[{"embeddable":true,"href":"https:\/\/www.marrakechbudgettours.com\/fr\/wp-json\/wp\/v2\/comments?post=12397"}],"wp:featuredmedia":[{"embeddable":true,"href":"https:\/\/www.marrakechbudgettours.com\/fr\/wp-json\/wp\/v2\/media\/10962"}],"wp:attachment":[{"href":"https:\/\/www.marrakechbudgettours.com\/fr\/wp-json\/wp\/v2\/media?parent=12397"}],"wp:term":[{"taxonomy":"product_cat","embeddable":true,"href":"https:\/\/www.marrakechbudgettours.com\/fr\/wp-json\/wp\/v2\/product_cat?post=12397"},{"taxonomy":"product_tag","embeddable":true,"href":"https:\/\/www.marrakechbudgettours.com\/fr\/wp-json\/wp\/v2\/product_tag?post=12397"}],"curies":[{"name":"wp","href":"https:\/\/api.w.org\/{rel}","templated":true}]}}