{"id":12486,"date":"2024-07-14T11:21:11","date_gmt":"2024-07-14T09:21:11","guid":{"rendered":"https:\/\/marrakechbudgettours.com\/tour\/private-3-days-desert-tour-from-fes-to-marrakech\/"},"modified":"2024-09-29T14:06:23","modified_gmt":"2024-09-29T12:06:23","slug":"circuit-desert-prive-au-depart-de-fes-a-marrakech-3-jours","status":"publish","type":"product","link":"https:\/\/www.marrakechbudgettours.com\/fr\/tour\/circuit-desert-prive-au-depart-de-fes-a-marrakech-3-jours\/","title":{"rendered":"CIRCUIT D\u00c9SERT PRIV\u00c9 AU D\u00c9PART \u200bDE F\u00c8S \u00c0 MARRAKECH 3 JOURS"},"content":{"rendered":"<p data-sourcepos=\"3:1-3:65\"><strong>Exp\u00e9rience inoubliable : Circuit d\u00e9sert priv\u00e9 au d\u00e9part \u200bde F\u00e8s \u00e0 Marrakech 3 jours<\/strong><\/p>\n<p data-sourcepos=\"5:1-5:119\">D\u00e9couvrez le meilleur <strong>circuit d\u00e9sert priv\u00e9<\/strong> de 3 jours entre <strong>F\u00e8s<\/strong> et <strong>Marrakech<\/strong>, alliant aventure et immersion culturelle. Cette excursion priv\u00e9e vous emm\u00e8nera dans un voyage extraordinaire, avec des balades \u00e0 dos de chameau, des nuits sous les \u00e9toiles dans des camps berb\u00e8res et des visites de kasbahs historiques. Parfait pour les familles, les couples et les voyageurs en solo, le <strong>circuit d\u00e9sert de F\u00e8s \u00e0 Marrakech<\/strong> offre des paysages \u00e0 couper le souffle et des souvenirs inoubliables. Le riche patrimoine et les paysages saisissants du Maroc vous attendent !<\/p>\n<div class=\"tour-content-before\">\n<ul>\n<li data-sourcepos=\"9:1-9:40\">Travers\u00e9e des montagnes du Moyen Atlas<\/li>\n<li data-sourcepos=\"10:1-10:70\">Observation des singes magots dans la for\u00eat de c\u00e8dres du Moyen Atlas<\/li>\n<li data-sourcepos=\"11:1-11:53\">Excursion \u00e0 dos de chameau dans le d\u00e9sert du Sahara<\/li>\n<li data-sourcepos=\"12:1-12:73\">Observation du coucher et du lever du soleil sur les dunes d&#8217;Erg Chebbi<\/li>\n<li data-sourcepos=\"13:1-13:52\">Nuit m\u00e9morable dans un camp de luxe dans le d\u00e9sert<\/li>\n<li data-sourcepos=\"14:1-14:46\">Promenade dans les gorges de Todra \u00e0 Tinghir<\/li>\n<li data-sourcepos=\"15:1-15:55\">Exploration du site du patrimoine mondial de l&#8217;UNESCO d&#8217;A\u00eft Ben Haddou<\/li>\n<li data-sourcepos=\"16:1-17:0\">Travers\u00e9e des montagnes du Haut Atlas et de son col de Tizi n&#8217;Tichka en profitant de magnifiques panoramas<\/li>\n<\/ul>\n<\/div>\n<p>&nbsp;<\/p>\n<hr \/>\n<p>&nbsp;<\/p>\n<div class=\"tour-content-what-included\">\n<h4 id=\"whats-included\">Ce qui est inclus<\/h4>\n<ul style=\"column-count: 2;\">\n<li>Transport aller-retour en v\u00e9hicule climatis\u00e9<\/li>\n<li><i class=\"tk tk-check\" aria-hidden=\"true\"><\/i>Service de prise en charge depuis votre h\u00f4tel ou riad<\/li>\n<li><i class=\"tk tk-check\" aria-hidden=\"true\"><\/i>Exp\u00e9rience de trekking \u00e0 dos de chameau<\/li>\n<li><i class=\"tk tk-check\" aria-hidden=\"true\"><\/i>Nuit\u00e9e dans un campement dans le d\u00e9sert du Sahara<\/li>\n<li><i class=\"tk tk-check\" aria-hidden=\"true\"><\/i>Repas : 2 petits-d\u00e9jeuners, 2 d\u00eeners<\/li>\n<li><i class=\"tk tk-times\"><\/i>Frais d\u2019entr\u00e9e aux attractions<\/li>\n<li><i class=\"tk tk-times\"><\/i>Pourboires (facultatifs)<\/li>\n<li><i class=\"tk tk-times\"><\/i>D\u00e9jeuner<\/li>\n<\/ul>\n<\/div>\n<p>&nbsp;<\/p>\n<hr \/>\n<p>&nbsp;<\/p>\n<div class=\"tour-content-add-information\">\n<div class=\"tour-content-add-information\">\n<h4 id=\"additional-info\">Informations suppl\u00e9mentaires :<\/h4>\n<ul style=\"column-count: 2;\">\n<li>Confirmation re\u00e7ue au moment de la r\u00e9servation<\/li>\n<li>Non accessible en fauteuil roulant<\/li>\n<li>Un minimum de 2 personnes est requis par r\u00e9servation<\/li>\n<li>Non recommand\u00e9 pour les voyageurs ayant des probl\u00e8mes de dos<\/li>\n<li>Non recommand\u00e9 pour les femmes enceintes<\/li>\n<li>La plupart des voyageurs peuvent participer<\/li>\n<li>Apportez des chaussures de marche confortables, de la cr\u00e8me solaire et un chapeau<\/li>\n<li>Des v\u00eatements chauds sont recommand\u00e9s pour les nuits dans le d\u00e9sert<\/li>\n<\/ul>\n<\/div>\n<\/div>\n<p>&nbsp;<\/p>\n<hr \/>\n<p>&nbsp;<\/p>\n<div class=\"tour-content-cancell-policy\">\n<h4 id=\"cancelation-policy\">Point de rencontre et prise en charge :<\/h4>\n<ul style=\"column-count: 2;\">\n<li><strong>Point de rencontre<\/strong> : Prise en charge \u00e0 votre h\u00f4tel situ\u00e9 dans le centre-ville de Marrakech le jour de la visite (ou au point le plus proche accessible en voiture de votre riad).<\/li>\n<li><strong>Instructions:<\/strong> Veuillez \u00eatre pr\u00eat dans le hall de votre h\u00f4tel 10 minutes avant l&#8217;heure de prise en charge pr\u00e9vue<\/li>\n<\/ul>\n<\/div>\n<p>&nbsp;<\/p>\n","protected":false},"excerpt":{"rendered":"<p>Exp\u00e9rience inoubliable : Circuit d\u00e9sert priv\u00e9 au d\u00e9part \u200bde F\u00e8s \u00e0 Marrakech 3 jours<br \/>\nD\u00e9couvrez le meilleur circuit d\u00e9sert priv\u00e9 de 3 jours entre F\u00e8s et Marrakech, alliant aventure et <\/p>\n","protected":false},"featured_media":11085,"comment_status":"open","ping_status":"closed","template":"","meta":[],"product_cat":[179,187],"product_tag":[],"_links":{"self":[{"href":"https:\/\/www.marrakechbudgettours.com\/fr\/wp-json\/wp\/v2\/product\/12486"}],"collection":[{"href":"https:\/\/www.marrakechbudgettours.com\/fr\/wp-json\/wp\/v2\/product"}],"about":[{"href":"https:\/\/www.marrakechbudgettours.com\/fr\/wp-json\/wp\/v2\/types\/product"}],"replies":[{"embeddable":true,"href":"https:\/\/www.marrakechbudgettours.com\/fr\/wp-json\/wp\/v2\/comments?post=12486"}],"wp:featuredmedia":[{"embeddable":true,"href":"https:\/\/www.marrakechbudgettours.com\/fr\/wp-json\/wp\/v2\/media\/11085"}],"wp:attachment":[{"href":"https:\/\/www.marrakechbudgettours.com\/fr\/wp-json\/wp\/v2\/media?parent=12486"}],"wp:term":[{"taxonomy":"product_cat","embeddable":true,"href":"https:\/\/www.marrakechbudgettours.com\/fr\/wp-json\/wp\/v2\/product_cat?post=12486"},{"taxonomy":"product_tag","embeddable":true,"href":"https:\/\/www.marrakechbudgettours.com\/fr\/wp-json\/wp\/v2\/product_tag?post=12486"}],"curies":[{"name":"wp","href":"https:\/\/api.w.org\/{rel}","templated":true}]}}