{"id":12515,"date":"2024-07-14T13:26:52","date_gmt":"2024-07-14T11:26:52","guid":{"rendered":"https:\/\/marrakechbudgettours.com\/tour\/private-3-days-desert-tour-from-marrakech-to-fez-via-merzouga\/"},"modified":"2024-10-06T11:43:50","modified_gmt":"2024-10-06T09:43:50","slug":"circuit-prive-de-3-jours-dans-le-desert-de-marrakech-a-fes","status":"publish","type":"product","link":"https:\/\/www.marrakechbudgettours.com\/fr\/tour\/circuit-prive-de-3-jours-dans-le-desert-de-marrakech-a-fes\/","title":{"rendered":"CIRCUIT PRIV\u00c9 DE 3 JOURS DANS LE D\u00c9SERT DE MARRAKECH \u00c0 F\u00c8S"},"content":{"rendered":"<p>Pr\u00e9parez-vous pour une aventure palpitante lors d&#8217;un <strong>Circuit priv\u00e9 de 3 jours dans le d\u00e9sert de Marrakech \u00e0 F\u00e8s<\/strong>. Cette <strong>excursion priv\u00e9e d\u00e9sert Marrakech F\u00e8s<\/strong> offre un m\u00e9lange unique d&#8217;aventure et d&#8217;immersion culturelle. Traversez les vastes dunes du Sahara, admirez la beaut\u00e9 captivante du d\u00e9sert et impr\u00e9gnez-vous de la tranquillit\u00e9 des camps berb\u00e8res. Id\u00e9al pour les familles, les couples et les voyageurs en solo, ce <strong>tour d\u00e9sert Marrakech F\u00e8s priv\u00e9 3 jours<\/strong> promet une s\u00e9rie d&#8217;exp\u00e9riences inoubliables. En chemin de Marrakech \u00e0 F\u00e8s, vous d\u00e9couvrirez des kasbahs historiques, des paysages \u00e9poustouflants et le riche patrimoine du Maroc. Rejoignez-nous pour cette <strong>excursion priv\u00e9e d\u00e9sert Marrakech F\u00e8s<\/strong> et cr\u00e9ez des souvenirs qui dureront toute une vie.<\/p>\n<div class=\"tour-content-before\">\n<ul>\n<li>Petit-d\u00e9jeuner et d\u00eener inclus dans le prix du circuit<\/li>\n<li>Nuit dans un camp berb\u00e8re dans une oasis du d\u00e9sert<\/li>\n<li>Tous les h\u00e9bergements sont fournis<\/li>\n<li>Visite de la Kasbah Ait Ben Haddou, un site class\u00e9 au patrimoine mondial de l&#8217;UNESCO<\/li>\n<li>Travers\u00e9e des montagnes du Haut et du Moyen Atlas<\/li>\n<li>Observation des singes de Barbarie dans la for\u00eat de c\u00e8dres du Moyen Atlas<\/li>\n<li>Excursion \u00e0 dos de chameau \u00e0 travers le d\u00e9sert du Sahara<\/li>\n<li>Observation du coucher et du lever de soleil sur les dunes de l&#8217;Erg Chebbi<\/li>\n<li>Nuit m\u00e9morable dans un camp de luxe dans le d\u00e9sert<\/li>\n<li>Promenade sous les gorges du Todra \u00e0 Tinghir<\/li>\n<\/ul>\n<\/div>\n<p>&nbsp;<\/p>\n<hr \/>\n<p>&nbsp;<\/p>\n<div class=\"tour-content-what-included\">\n<h4 id=\"whats-included\">Ce qui est inclus<\/h4>\n<ul style=\"column-count: 2;\">\n<li>Transport aller-retour en v\u00e9hicule climatis\u00e9<\/li>\n<li><i class=\"tk tk-check\" aria-hidden=\"true\"><\/i>Service de prise en charge depuis votre h\u00f4tel ou riad<\/li>\n<li><i class=\"tk tk-check\" aria-hidden=\"true\"><\/i>Exp\u00e9rience de trekking \u00e0 dos de chameau<\/li>\n<li><i class=\"tk tk-check\" aria-hidden=\"true\"><\/i>Nuit\u00e9e dans un campement dans le d\u00e9sert du Sahara<\/li>\n<li><i class=\"tk tk-check\" aria-hidden=\"true\"><\/i>Repas : 2 petits-d\u00e9jeuners, 2 d\u00eeners<\/li>\n<li><i class=\"tk tk-times\"><\/i>Frais d\u2019entr\u00e9e aux attractions<\/li>\n<li><i class=\"tk tk-times\"><\/i>Pourboires (facultatifs)<\/li>\n<li><i class=\"tk tk-times\"><\/i>D\u00e9jeuner<\/li>\n<\/ul>\n<\/div>\n<p>&nbsp;<\/p>\n<hr \/>\n<p>&nbsp;<\/p>\n<div class=\"tour-content-add-information\">\n<div class=\"tour-content-add-information\">\n<h4 id=\"additional-info\">Informations suppl\u00e9mentaires :<\/h4>\n<ul style=\"column-count: 2;\">\n<li>Confirmation re\u00e7ue au moment de la r\u00e9servation<\/li>\n<li>Non accessible en fauteuil roulant<\/li>\n<li>Un minimum de 2 personnes est requis par r\u00e9servation<\/li>\n<li>Non recommand\u00e9 pour les voyageurs ayant des probl\u00e8mes de dos<\/li>\n<li>Non recommand\u00e9 pour les femmes enceintes<\/li>\n<li>La plupart des voyageurs peuvent participer<\/li>\n<li>Apportez des chaussures de marche confortables, de la cr\u00e8me solaire et un chapeau<\/li>\n<li>Des v\u00eatements chauds sont recommand\u00e9s pour les nuits dans le d\u00e9sert<\/li>\n<\/ul>\n<\/div>\n<\/div>\n<p>&nbsp;<\/p>\n<hr \/>\n<p>&nbsp;<\/p>\n<div class=\"tour-content-cancell-policy\">\n<h4 id=\"cancelation-policy\">Point de rencontre et prise en charge :<\/h4>\n<ul style=\"column-count: 2;\">\n<li><strong>Point de rencontre<\/strong> : Prise en charge \u00e0 votre h\u00f4tel situ\u00e9 dans le centre-ville de Marrakech le jour de la visite (ou au point le plus proche accessible en voiture de votre riad).<\/li>\n<li><strong>Instructions:<\/strong> Veuillez \u00eatre pr\u00eat dans le hall de votre h\u00f4tel 10 minutes avant l&#8217;heure de prise en charge pr\u00e9vue<\/li>\n<\/ul>\n<\/div>\n","protected":false},"excerpt":{"rendered":"<p>Pr\u00e9parez-vous pour une aventure palpitante lors d&#8217;un Circuit priv\u00e9 de 3 jours dans le d\u00e9sert de Marrakech \u00e0 F\u00e8s. Cette excursion priv\u00e9e d\u00e9sert Marrakech F\u00e8s offre un m\u00e9lange unique d&#8217;aventure <\/p>\n","protected":false},"featured_media":11136,"comment_status":"open","ping_status":"closed","template":"","meta":[],"product_cat":[179,182,187],"product_tag":[],"_links":{"self":[{"href":"https:\/\/www.marrakechbudgettours.com\/fr\/wp-json\/wp\/v2\/product\/12515"}],"collection":[{"href":"https:\/\/www.marrakechbudgettours.com\/fr\/wp-json\/wp\/v2\/product"}],"about":[{"href":"https:\/\/www.marrakechbudgettours.com\/fr\/wp-json\/wp\/v2\/types\/product"}],"replies":[{"embeddable":true,"href":"https:\/\/www.marrakechbudgettours.com\/fr\/wp-json\/wp\/v2\/comments?post=12515"}],"wp:featuredmedia":[{"embeddable":true,"href":"https:\/\/www.marrakechbudgettours.com\/fr\/wp-json\/wp\/v2\/media\/11136"}],"wp:attachment":[{"href":"https:\/\/www.marrakechbudgettours.com\/fr\/wp-json\/wp\/v2\/media?parent=12515"}],"wp:term":[{"taxonomy":"product_cat","embeddable":true,"href":"https:\/\/www.marrakechbudgettours.com\/fr\/wp-json\/wp\/v2\/product_cat?post=12515"},{"taxonomy":"product_tag","embeddable":true,"href":"https:\/\/www.marrakechbudgettours.com\/fr\/wp-json\/wp\/v2\/product_tag?post=12515"}],"curies":[{"name":"wp","href":"https:\/\/api.w.org\/{rel}","templated":true}]}}