{"id":12544,"date":"2024-07-20T11:15:51","date_gmt":"2024-07-20T09:15:51","guid":{"rendered":"https:\/\/marrakechbudgettours.com\/tour\/shared-day-trip-to-ourika-valley-atlas-mountans\/"},"modified":"2024-11-22T12:19:04","modified_gmt":"2024-11-22T11:19:04","slug":"excursion-atlas-et-vallee-de-lourika-au-depart-de-marrakech","status":"publish","type":"product","link":"https:\/\/www.marrakechbudgettours.com\/fr\/tour\/excursion-atlas-et-vallee-de-lourika-au-depart-de-marrakech\/","title":{"rendered":"EXCURSION ATLAS ET VALL\u00c9E DE L&#8217;OURIKA AU D\u00c9PART DE MARRAKECH"},"content":{"rendered":"<p>Partez pour une <strong>Excursion Atlas et vall\u00e9e de l&#8217;Ourika au d\u00e9part de Marrakech<\/strong>, un voyage fascinant qui vous transportera de la vibrante ville de Marrakech \u00e0 la beaut\u00e9 tranquille de la campagne marocaine. Cette aventure est id\u00e9ale pour les amateurs de nature, les passionn\u00e9s de culture et ceux qui recherchent un m\u00e9lange des deux. En tant que participant \u00e0 cette <strong>excursion partag\u00e9e vers la vall\u00e9e de l&#8217;Ourika et les montagnes de l&#8217;Atlas<\/strong>, vous traverserez des paysages pittoresques, admirerez les superbes cascades de la vall\u00e9e de l&#8217;Ourika et plongerez au c\u0153ur de la culture berb\u00e8re. Que vous voyagiez seul, avec des amis ou en famille, ce voyage promet une exp\u00e9rience enrichissante. Ne manquez pas cette <strong>excursion inoubliable dans la vall\u00e9e de l&#8217;Ourika au d\u00e9part de Marrakech<\/strong>.<\/p>\n<div class=\"tour-content-before\">\n<ul>\n<li>Profitez d&#8217;un trajet panoramique en direction de la vall\u00e9e de l&#8217;Ourika avec une vue splendide sur les montagnes de l&#8217;Atlas \u00e0 l&#8217;horizon.<\/li>\n<li>Traversez plusieurs villages berb\u00e8res en adobe et visitez-en un.<\/li>\n<li>Faites une randonn\u00e9e jusqu&#8217;aux cascades de Setti Fadma.<\/li>\n<li>R\u00e9galez-vous d\u2019un tajine berb\u00e8re au bord du ruisseau.<\/li>\n<li>Visitez un march\u00e9 berb\u00e8re hebdomadaire (le lundi).<\/li>\n<\/ul>\n<\/div>\n<p>&nbsp;<\/p>\n<hr \/>\n<p>&nbsp;<\/p>\n<div class=\"tour-content-what-included\">\n<h4 id=\"whats-included\">Ce qui est inclus<\/h4>\n<ul style=\"column-count: 2;\">\n<li><i class=\"tk tk-check\" aria-hidden=\"true\"><\/i>Transport aller-retour dans un v\u00e9hicule climatis\u00e9<\/li>\n<li><i class=\"tk tk-check\" aria-hidden=\"true\"><\/i>Service de prise en charge depuis votre h\u00f4tel ou Riad<\/li>\n<li><i class=\"tk tk-check\" aria-hidden=\"true\"><\/i>Visit of Authentic Berber House<\/li>\n<li><i class=\"tk tk-times\"><\/i>Pourboires (facultatifs)<\/li>\n<li><i class=\"tk tk-times\"><\/i>D\u00e9jeuner<\/li>\n<\/ul>\n<\/div>\n<p>&nbsp;<\/p>\n<div class=\"tour-content-add-information\">\n<hr \/>\n<p>&nbsp;<\/p>\n<h4 id=\"additional-info\">Informations suppl\u00e9mentaires<\/h4>\n<ul style=\"column-count: 2;\">\n<li>Confirmation re\u00e7ue au moment de la r\u00e9servation<\/li>\n<li>Non accessible en fauteuil roulant<\/li>\n<li>Un minimum de 2 personnes est requis par r\u00e9servation<\/li>\n<li>Non recommand\u00e9 pour les voyageurs ayant des probl\u00e8mes de dos<\/li>\n<li>Non recommand\u00e9 pour les femmes enceintes<\/li>\n<li>La plupart des voyageurs peuvent participer<\/li>\n<li>Apportez des chaussures de marche confortables, de la cr\u00e8me solaire et un chapeau<\/li>\n<li>Des v\u00eatements chauds sont recommand\u00e9s pour les nuits dans le d\u00e9sert<\/li>\n<\/ul>\n<\/div>\n<p>&nbsp;<\/p>\n<hr \/>\n<p>&nbsp;<\/p>\n<div class=\"tour-content-cancell-policy\">\n<h4 id=\"cancelation-policy\">Point de rencontre et prise en charge<\/h4>\n<ul style=\"column-count: 2;\">\n<li><strong>Point de rencontre<\/strong> : Prise en charge \u00e0 votre h\u00f4tel situ\u00e9 dans le centre-ville de Marrakech le jour de la visite (ou au point le plus proche accessible en voiture de votre riad).<\/li>\n<li><strong>Instructions:<\/strong> Veuillez \u00eatre pr\u00eat dans le hall de votre h\u00f4tel 10 minutes avant l&#8217;heure de prise en charge pr\u00e9vue.<\/li>\n<\/ul>\n<\/div>\n<div class=\"tour-content-cancell-policy\"><\/div>\n","protected":false},"excerpt":{"rendered":"<p>Partez pour une Excursion Atlas et vall\u00e9e de l&#8217;Ourika au d\u00e9part de Marrakech, un voyage fascinant qui vous transportera de la vibrante ville de Marrakech \u00e0 la beaut\u00e9 tranquille de <\/p>\n","protected":false},"featured_media":11222,"comment_status":"open","ping_status":"closed","template":"","meta":[],"product_cat":[182,290,284],"product_tag":[261],"_links":{"self":[{"href":"https:\/\/www.marrakechbudgettours.com\/fr\/wp-json\/wp\/v2\/product\/12544"}],"collection":[{"href":"https:\/\/www.marrakechbudgettours.com\/fr\/wp-json\/wp\/v2\/product"}],"about":[{"href":"https:\/\/www.marrakechbudgettours.com\/fr\/wp-json\/wp\/v2\/types\/product"}],"replies":[{"embeddable":true,"href":"https:\/\/www.marrakechbudgettours.com\/fr\/wp-json\/wp\/v2\/comments?post=12544"}],"wp:featuredmedia":[{"embeddable":true,"href":"https:\/\/www.marrakechbudgettours.com\/fr\/wp-json\/wp\/v2\/media\/11222"}],"wp:attachment":[{"href":"https:\/\/www.marrakechbudgettours.com\/fr\/wp-json\/wp\/v2\/media?parent=12544"}],"wp:term":[{"taxonomy":"product_cat","embeddable":true,"href":"https:\/\/www.marrakechbudgettours.com\/fr\/wp-json\/wp\/v2\/product_cat?post=12544"},{"taxonomy":"product_tag","embeddable":true,"href":"https:\/\/www.marrakechbudgettours.com\/fr\/wp-json\/wp\/v2\/product_tag?post=12544"}],"curies":[{"name":"wp","href":"https:\/\/api.w.org\/{rel}","templated":true}]}}