{"id":12576,"date":"2024-07-18T11:39:54","date_gmt":"2024-07-18T09:39:54","guid":{"rendered":"https:\/\/marrakechbudgettours.com\/tour\/shared-day-trip-to-essaouira\/"},"modified":"2024-10-07T11:41:11","modified_gmt":"2024-10-07T09:41:11","slug":"excursion-partagee-dune-journee-a-essaouira-au-depart-de-marrakech","status":"publish","type":"product","link":"https:\/\/www.marrakechbudgettours.com\/fr\/tour\/excursion-partagee-dune-journee-a-essaouira-au-depart-de-marrakech\/","title":{"rendered":"EXCURSION PARTAG\u00c9E D&#8217;UNE JOURN\u00c9E \u00c0 ESSAOUIRA AU D\u00c9PART DE MARRAKECH"},"content":{"rendered":"<p>Embarquez pour une captivante <strong>Excursion Partag\u00e9e d&#8217;une Journ\u00e9e \u00e0 Essaouira au d\u00e9part de Marrakech<\/strong>, un havre c\u00f4tier r\u00e9put\u00e9 pour son histoire riche et son atmosph\u00e8re vibrante. Parfait pour tous les types de voyageurs, qu&#8217;il s&#8217;agisse d&#8217;aventuriers solitaires ou de familles, cette excursion offre un m\u00e9lange agr\u00e9able d&#8217;immersion culturelle et de beaut\u00e9 pittoresque. Les points forts incluent la m\u00e9dina, class\u00e9e au patrimoine mondial de l&#8217;UNESCO, les souks anim\u00e9s, et le port vivant. D\u00e9couvrez le charme envo\u00fbtant de cette ville c\u00f4ti\u00e8re lors de nos <strong>Excursions d&#8217;une Journ\u00e9e \u00e0 Essaouira depuis Marrakech<\/strong>. Avec des guides experts et un transport confortable, cette <strong>Visite partag\u00e9e Essaouira au d\u00e9part de Marrakech<\/strong>\u00a0garantit une aventure inoubliable.<\/p>\n<div class=\"tour-content-before\">\n<ul>\n<li>Profitez de votre transport aller-retour climatis\u00e9 depuis Marrakech.<\/li>\n<li>Prenez votre temps pour fl\u00e2ner dans Essaouira \u00e0 votre guise.<\/li>\n<li>Admirez les arganiers et les ch\u00e8vres grimpeuses en route, si vous le souhaitez.<\/li>\n<li>Arr\u00eatez-vous \u00e0 la coop\u00e9rative d&#8217;huile d&#8217;argan en chemin.<\/li>\n<li>D\u00e9couvrez le port de p\u00eache d&#8217;Essaouira et ses bateaux bleus lors d&#8217;une promenade tranquille.<\/li>\n<li>Impr\u00e9gnez-vous de la cr\u00e9ativit\u00e9 dans les galeries d&#8217;art d&#8217;Essaouira au sein de la m\u00e9dina.<\/li>\n<li>Savourez un d\u00e9jeuner de fruits de mer frais sur la terrasse d\u2019un charmant caf\u00e9 \u00e0 Essaouira.<\/li>\n<li>D\u00e9tendez-vous sur la vaste plage de sable de 6 kilom\u00e8tres d&#8217;Essaouira.<\/li>\n<\/ul>\n<\/div>\n<p>&nbsp;<\/p>\n<hr \/>\n<div class=\"tour-content-add-information\">\n<p>&nbsp;<\/p>\n<\/div>\n<div class=\"tour-content-what-included\">\n<h4 id=\"whats-included\">Ce qui est inclus<\/h4>\n<ul style=\"column-count: 2;\">\n<li><i class=\"tk tk-check\" aria-hidden=\"true\"><\/i>Transport aller-retour dans un v\u00e9hicule climatis\u00e9<\/li>\n<li><i class=\"tk tk-check\" aria-hidden=\"true\"><\/i>Service de prise en charge depuis votre h\u00f4tel ou Riad<\/li>\n<li><i class=\"tk tk-check\" aria-hidden=\"true\"><\/i>Chauffeur professionnel<\/li>\n<li><i class=\"tk tk-times\"><\/i>Frais d&#8217;entr\u00e9e aux attractions<\/li>\n<li><i class=\"tk tk-times\"><\/i>Pourboires (facultatifs)<\/li>\n<li><i class=\"tk tk-times\"><\/i>D\u00e9jeuner<\/li>\n<\/ul>\n<\/div>\n<p>&nbsp;<\/p>\n<hr \/>\n<div class=\"tour-content-add-information\">\n<p>&nbsp;<\/p>\n<h4 id=\"additional-info\">Informations suppl\u00e9mentaires<\/h4>\n<ul style=\"column-count: 2;\">\n<li>Confirmation re\u00e7ue au moment de la r\u00e9servation<\/li>\n<li>Non accessible en fauteuil roulant<\/li>\n<li>Un minimum de 2 personnes est requis par r\u00e9servation<\/li>\n<li>Non recommand\u00e9 pour les voyageurs ayant des probl\u00e8mes de dos<\/li>\n<li>Non recommand\u00e9 pour les femmes enceintes<\/li>\n<li>La plupart des voyageurs peuvent participer<\/li>\n<li>Apportez des chaussures de marche confortables, de la cr\u00e8me solaire et un chapeau<\/li>\n<li>Des v\u00eatements chauds sont recommand\u00e9s pour les nuits dans le d\u00e9sert<\/li>\n<\/ul>\n<\/div>\n<p>&nbsp;<\/p>\n<hr \/>\n<p>&nbsp;<\/p>\n<div class=\"tour-content-cancell-policy\">\n<h4 id=\"cancelation-policy\">Point de rencontre et prise en charge<\/h4>\n<ul style=\"column-count: 2;\">\n<li><strong>Point de rencontre<\/strong> : Prise en charge \u00e0 votre h\u00f4tel situ\u00e9 dans le centre-ville de Marrakech le jour de la visite (ou au point le plus proche accessible en voiture de votre riad).<\/li>\n<li><strong>Instructions:<\/strong> Veuillez \u00eatre pr\u00eat dans le hall de votre h\u00f4tel 10 minutes avant l&#8217;heure de prise en charge pr\u00e9vue.<\/li>\n<\/ul>\n<\/div>\n<div class=\"tour-content-cancell-policy\"><\/div>\n","protected":false},"excerpt":{"rendered":"<p>Embarquez pour une captivante Excursion Partag\u00e9e d&#8217;une Journ\u00e9e \u00e0 Essaouira au d\u00e9part de Marrakech, un havre c\u00f4tier r\u00e9put\u00e9 pour son histoire riche et son atmosph\u00e8re vibrante. Parfait pour tous les <\/p>\n","protected":false},"featured_media":11174,"comment_status":"open","ping_status":"closed","template":"","meta":[],"product_cat":[182,181,290],"product_tag":[261],"_links":{"self":[{"href":"https:\/\/www.marrakechbudgettours.com\/fr\/wp-json\/wp\/v2\/product\/12576"}],"collection":[{"href":"https:\/\/www.marrakechbudgettours.com\/fr\/wp-json\/wp\/v2\/product"}],"about":[{"href":"https:\/\/www.marrakechbudgettours.com\/fr\/wp-json\/wp\/v2\/types\/product"}],"replies":[{"embeddable":true,"href":"https:\/\/www.marrakechbudgettours.com\/fr\/wp-json\/wp\/v2\/comments?post=12576"}],"wp:featuredmedia":[{"embeddable":true,"href":"https:\/\/www.marrakechbudgettours.com\/fr\/wp-json\/wp\/v2\/media\/11174"}],"wp:attachment":[{"href":"https:\/\/www.marrakechbudgettours.com\/fr\/wp-json\/wp\/v2\/media?parent=12576"}],"wp:term":[{"taxonomy":"product_cat","embeddable":true,"href":"https:\/\/www.marrakechbudgettours.com\/fr\/wp-json\/wp\/v2\/product_cat?post=12576"},{"taxonomy":"product_tag","embeddable":true,"href":"https:\/\/www.marrakechbudgettours.com\/fr\/wp-json\/wp\/v2\/product_tag?post=12576"}],"curies":[{"name":"wp","href":"https:\/\/api.w.org\/{rel}","templated":true}]}}