{"id":12578,"date":"2024-07-19T11:04:34","date_gmt":"2024-07-19T09:04:34","guid":{"rendered":"https:\/\/marrakechbudgettours.com\/tour\/shared-day-trip-to-ouzoud-falls\/"},"modified":"2024-10-07T12:14:52","modified_gmt":"2024-10-07T10:14:52","slug":"excursion-partagee-depart-de-marrakech-vers-les-cascades-douzoud","status":"publish","type":"product","link":"https:\/\/www.marrakechbudgettours.com\/fr\/tour\/excursion-partagee-depart-de-marrakech-vers-les-cascades-douzoud\/","title":{"rendered":"EXCURSION PARTAG\u00c9E D\u00c9PART DE MARRAKECH VERS LES CASCADES D&#8217;OUZOUD"},"content":{"rendered":"<p>Plongez-vous dans la grandeur de la nature avec notre <strong>Excursion partag\u00e9e Marrakech cascades d&#8217;Ouzoud<\/strong>. Cette excursion vous emm\u00e8ne des rues anim\u00e9es de Marrakech aux paisibles et \u00e9poustouflantes cascades d&#8217;Ouzoud. Parfaite pour les amoureux de la nature et les amateurs d&#8217;aventure, l&#8217;<strong>Excursion en groupe vers les cascades d&#8217;Ouzoud<\/strong> promet des vues \u00e0 couper le souffle et des exp\u00e9riences inoubliables. Vous traverserez des paysages pittoresques, rencontrerez la faune locale, et ressentirez la brume rafra\u00eechissante des cascades. Id\u00e9ale pour les voyageurs en solo, les couples et les familles, cette <strong>Excursion d&#8217;une journ\u00e9e aux cascades d&#8217;Ouzoud au d\u00e9part de Marrakech<\/strong> offre une \u00e9vasion unique dans la beaut\u00e9 naturelle du Maroc. Rejoignez-nous pour une <strong>Excursion partag\u00e9e d\u00e9part de Marrakech vers les cascades d&#8217;Ouzoud<\/strong> et cr\u00e9ez des souvenirs inoubliables.<\/p>\n<div class=\"tour-content-before\">\n<ul>\n<li>Profitez de votre transport aller-retour climatis\u00e9 depuis Marrakech.<\/li>\n<li>D\u00e9couvrez certaines des plus belles et plus hautes cascades du Maroc.<\/li>\n<li>Apprenez-en plus sur la culture berb\u00e8re d&#8217;aujourd&#8217;hui, et go\u00fbtez \u00e0 la cuisine berb\u00e8re.<\/li>\n<li>Admirez les paysages spectaculaires de montagne du Maroc.<\/li>\n<li>Ayez la chance d&#8217;observer la faune locale dans son habitat naturel.<\/li>\n<li>Capturez des photos \u00e0 couper le souffle aux cascades d&#8217;Ouzoud.<\/li>\n<\/ul>\n<\/div>\n<hr \/>\n<div class=\"tour-content-add-information\">\n<p>&nbsp;<\/p>\n<\/div>\n<div class=\"tour-content-what-included\">\n<h4 id=\"whats-included\">Ce qui est inclus<\/h4>\n<ul style=\"column-count: 2;\">\n<li><i class=\"tk tk-check\" aria-hidden=\"true\"><\/i>Transport aller-retour dans un v\u00e9hicule climatis\u00e9<\/li>\n<li><i class=\"tk tk-check\" aria-hidden=\"true\"><\/i>Service de prise en charge depuis votre h\u00f4tel ou Riad<\/li>\n<li><i class=\"tk tk-check\" aria-hidden=\"true\"><\/i>Chauffeur professionnel<\/li>\n<li><i class=\"tk tk-times\"><\/i>Frais d&#8217;entr\u00e9e aux attractions<\/li>\n<li><i class=\"tk tk-times\"><\/i>Pourboires (facultatifs)<\/li>\n<li><i class=\"tk tk-times\"><\/i>D\u00e9jeuner<\/li>\n<\/ul>\n<\/div>\n<p>&nbsp;<\/p>\n<hr \/>\n<div class=\"tour-content-add-information\">\n<p>&nbsp;<\/p>\n<h4 id=\"additional-info\">Informations suppl\u00e9mentaires<\/h4>\n<ul style=\"column-count: 2;\">\n<li>Confirmation re\u00e7ue au moment de la r\u00e9servation<\/li>\n<li>Non accessible en fauteuil roulant<\/li>\n<li>Un minimum de 2 personnes est requis par r\u00e9servation<\/li>\n<li>Non recommand\u00e9 pour les voyageurs ayant des probl\u00e8mes de dos<\/li>\n<li>Non recommand\u00e9 pour les femmes enceintes<\/li>\n<li>La plupart des voyageurs peuvent participer<\/li>\n<li>Apportez des chaussures de marche confortables, de la cr\u00e8me solaire et un chapeau<\/li>\n<li>Des v\u00eatements chauds sont recommand\u00e9s pour les nuits dans le d\u00e9sert<\/li>\n<\/ul>\n<\/div>\n<p>&nbsp;<\/p>\n<hr \/>\n<p>&nbsp;<\/p>\n<div class=\"tour-content-cancell-policy\">\n<h4 id=\"cancelation-policy\">Point de rencontre et prise en charge<\/h4>\n<ul style=\"column-count: 2;\">\n<li><strong>Point de rencontre<\/strong> : Prise en charge \u00e0 votre h\u00f4tel situ\u00e9 dans le centre-ville de Marrakech le jour de la visite (ou au point le plus proche accessible en voiture de votre riad).<\/li>\n<li><strong>Instructions:<\/strong> Veuillez \u00eatre pr\u00eat dans le hall de votre h\u00f4tel 10 minutes avant l&#8217;heure de prise en charge pr\u00e9vue.<\/li>\n<\/ul>\n<\/div>\n<div class=\"tour-content-cancell-policy\"><\/div>\n","protected":false},"excerpt":{"rendered":"<p>Plongez-vous dans la grandeur de la nature avec notre Excursion partag\u00e9e Marrakech cascades d&#8217;Ouzoud. Cette excursion vous emm\u00e8ne des rues anim\u00e9es de Marrakech aux paisibles et \u00e9poustouflantes cascades d&#8217;Ouzoud. Parfaite <\/p>\n","protected":false},"featured_media":11202,"comment_status":"open","ping_status":"closed","template":"","meta":[],"product_cat":[285,182,290],"product_tag":[261],"_links":{"self":[{"href":"https:\/\/www.marrakechbudgettours.com\/fr\/wp-json\/wp\/v2\/product\/12578"}],"collection":[{"href":"https:\/\/www.marrakechbudgettours.com\/fr\/wp-json\/wp\/v2\/product"}],"about":[{"href":"https:\/\/www.marrakechbudgettours.com\/fr\/wp-json\/wp\/v2\/types\/product"}],"replies":[{"embeddable":true,"href":"https:\/\/www.marrakechbudgettours.com\/fr\/wp-json\/wp\/v2\/comments?post=12578"}],"wp:featuredmedia":[{"embeddable":true,"href":"https:\/\/www.marrakechbudgettours.com\/fr\/wp-json\/wp\/v2\/media\/11202"}],"wp:attachment":[{"href":"https:\/\/www.marrakechbudgettours.com\/fr\/wp-json\/wp\/v2\/media?parent=12578"}],"wp:term":[{"taxonomy":"product_cat","embeddable":true,"href":"https:\/\/www.marrakechbudgettours.com\/fr\/wp-json\/wp\/v2\/product_cat?post=12578"},{"taxonomy":"product_tag","embeddable":true,"href":"https:\/\/www.marrakechbudgettours.com\/fr\/wp-json\/wp\/v2\/product_tag?post=12578"}],"curies":[{"name":"wp","href":"https:\/\/api.w.org\/{rel}","templated":true}]}}