{"id":12799,"date":"2024-07-21T12:51:39","date_gmt":"2024-07-21T10:51:39","guid":{"rendered":"https:\/\/marrakechbudgettours.com\/tour\/ouzoud-waterfalls-private-day-trip-from-marrakech-2\/"},"modified":"2024-10-19T14:25:20","modified_gmt":"2024-10-19T12:25:20","slug":"cascades-ouzoud-excursion-privee","status":"publish","type":"product","link":"https:\/\/www.marrakechbudgettours.com\/fr\/tour\/cascades-ouzoud-excursion-privee\/","title":{"rendered":"CASCADES D&#8217;OUZOUD EXCURSION PRIV\u00c9E D&#8217;UNE JOURN\u00c9E"},"content":{"rendered":"<p>Partez pour une <strong>Cascades d&#8217;Ouzoud Excursion priv\u00e9e d&#8217;une journ\u00e9e<\/strong>\u00a0au d\u00e9part de Marrakech et plongez au c\u0153ur de la beaut\u00e9 naturelle \u00e9poustouflante du Maroc. Cette aventure est id\u00e9ale pour les amoureux de la nature, les passionn\u00e9s de culture, et ceux qui cherchent \u00e0 s&#8217;\u00e9vader du tumulte de Marrakech. Lors de cette <strong>excursion d&#8217;une journ\u00e9e aux cascades d&#8217;Ouzoud<\/strong>, vous serez \u00e9merveill\u00e9 par les majestueuses chutes, vous randonnerez \u00e0 travers des gorges verdoyantes et vous rencontrerez la faune locale. La <strong>meilleure excursion de Marrakech aux cascades d&#8217;Ouzoud<\/strong> vous garantit une exp\u00e9rience inoubliable, alliant paysages \u00e0 couper le souffle et immersion culturelle. Que vous voyagiez seul, en couple ou en famille, cette <strong>visite personnalis\u00e9e des cascades d&#8217;Ouzoud<\/strong> promet une journ\u00e9e d&#8217;exploration, de d\u00e9tente et d&#8217;aventure.<\/p>\n<div class=\"tour-content-before\">\n<ul>\n<li>Admirez les spectaculaires <strong>chutes d&#8217;Ouzoud<\/strong><\/li>\n<li>Rejoignez une randonn\u00e9e panoramique avec un guide local<\/li>\n<li>Approchez les chutes de pr\u00e8s lors d&#8217;une balade en bateau<\/li>\n<li>D\u00e9tendez-vous avec une vue imprenable sur les cascades et d\u00e9gustez un d\u00e9jeuner<\/li>\n<li>Observez les singes sauvages autour des chutes<\/li>\n<\/ul>\n<p>&nbsp;<\/p>\n<\/div>\n<hr \/>\n<p>&nbsp;<\/p>\n<div class=\"tour-content-what-included\">\n<h4 id=\"whats-included\">Ce qui est inclus<\/h4>\n<ul style=\"column-count: 2;\">\n<li><i class=\"tk tk-check\" aria-hidden=\"true\"><\/i>Transport aller-retour dans un v\u00e9hicule climatis\u00e9<\/li>\n<li><i class=\"tk tk-check\" aria-hidden=\"true\"><\/i>Service de prise en charge depuis votre h\u00f4tel ou Riad<\/li>\n<li>Chauffeur professionnel<i class=\"tk tk-check\" aria-hidden=\"true\"><\/i><\/li>\n<li><i class=\"tk tk-times\"><\/i>Pourboires (facultatifs)<\/li>\n<li><i class=\"tk tk-times\"><\/i>D\u00e9jeuner<\/li>\n<\/ul>\n<\/div>\n<p>&nbsp;<\/p>\n<div class=\"tour-content-add-information\">\n<hr \/>\n<p>&nbsp;<\/p>\n<h4 id=\"additional-info\">Informations suppl\u00e9mentaires<\/h4>\n<ul style=\"column-count: 2;\">\n<li>Confirmation re\u00e7ue au moment de la r\u00e9servation<\/li>\n<li>Non accessible en fauteuil roulant<\/li>\n<li>Un minimum de 2 personnes est requis par r\u00e9servation<\/li>\n<li>Non recommand\u00e9 pour les voyageurs ayant des probl\u00e8mes de dos<\/li>\n<li>Non recommand\u00e9 pour les femmes enceintes<\/li>\n<li>La plupart des voyageurs peuvent participer<\/li>\n<li>Apportez des chaussures de marche confortables, de la cr\u00e8me solaire et un chapeau<\/li>\n<li>Des v\u00eatements chauds sont recommand\u00e9s pour les nuits dans le d\u00e9sert<\/li>\n<\/ul>\n<\/div>\n<p>&nbsp;<\/p>\n<hr \/>\n<p>&nbsp;<\/p>\n<div class=\"tour-content-cancell-policy\">\n<h4 id=\"cancelation-policy\">Point de rencontre et prise en charge<\/h4>\n<ul style=\"column-count: 2;\">\n<li><strong>Point de rencontre<\/strong> : Prise en charge \u00e0 votre h\u00f4tel situ\u00e9 dans le centre-ville de Marrakech le jour de la visite (ou au point le plus proche accessible en voiture de votre riad).<\/li>\n<li><strong>Instructions:<\/strong> Veuillez \u00eatre pr\u00eat dans le hall de votre h\u00f4tel 10 minutes avant l&#8217;heure de prise en charge pr\u00e9vue.<\/li>\n<\/ul>\n<\/div>\n<div class=\"tour-content-cancell-policy\"><\/div>\n","protected":false},"excerpt":{"rendered":"<p>Partez pour une Cascades d&#8217;Ouzoud Excursion priv\u00e9e d&#8217;une journ\u00e9e\u00a0au d\u00e9part de Marrakech et plongez au c\u0153ur de la beaut\u00e9 naturelle \u00e9poustouflante du Maroc. Cette aventure est id\u00e9ale pour les amoureux <\/p>\n","protected":false},"featured_media":11214,"comment_status":"open","ping_status":"closed","template":"","meta":[],"product_cat":[285,182,289],"product_tag":[],"_links":{"self":[{"href":"https:\/\/www.marrakechbudgettours.com\/fr\/wp-json\/wp\/v2\/product\/12799"}],"collection":[{"href":"https:\/\/www.marrakechbudgettours.com\/fr\/wp-json\/wp\/v2\/product"}],"about":[{"href":"https:\/\/www.marrakechbudgettours.com\/fr\/wp-json\/wp\/v2\/types\/product"}],"replies":[{"embeddable":true,"href":"https:\/\/www.marrakechbudgettours.com\/fr\/wp-json\/wp\/v2\/comments?post=12799"}],"wp:featuredmedia":[{"embeddable":true,"href":"https:\/\/www.marrakechbudgettours.com\/fr\/wp-json\/wp\/v2\/media\/11214"}],"wp:attachment":[{"href":"https:\/\/www.marrakechbudgettours.com\/fr\/wp-json\/wp\/v2\/media?parent=12799"}],"wp:term":[{"taxonomy":"product_cat","embeddable":true,"href":"https:\/\/www.marrakechbudgettours.com\/fr\/wp-json\/wp\/v2\/product_cat?post=12799"},{"taxonomy":"product_tag","embeddable":true,"href":"https:\/\/www.marrakechbudgettours.com\/fr\/wp-json\/wp\/v2\/product_tag?post=12799"}],"curies":[{"name":"wp","href":"https:\/\/api.w.org\/{rel}","templated":true}]}}