{"id":12801,"date":"2024-07-22T12:57:04","date_gmt":"2024-07-22T10:57:04","guid":{"rendered":"https:\/\/marrakechbudgettours.com\/tour\/private-day-trip-from-marrakech-to-ouarzazate-and-ait-ben-haddou\/"},"modified":"2024-10-22T12:33:30","modified_gmt":"2024-10-22T10:33:30","slug":"excursion-privee-ouarzazate-ait-ben-haddou","status":"publish","type":"product","link":"https:\/\/www.marrakechbudgettours.com\/fr\/tour\/excursion-privee-ouarzazate-ait-ben-haddou\/","title":{"rendered":"EXCURSION PRIV\u00c9E OUARZAZATE &#8211; AIT BEN HADDOU"},"content":{"rendered":"<p>Partez pour une <strong>Excursion priv\u00e9e Ouarzazate &#8211; A\u00eft Ben Haddou<\/strong>, o\u00f9 l\u2019histoire et Hollywood se rencontrent. Id\u00e9ale pour les passionn\u00e9s d\u2019histoire, les amateurs de cin\u00e9ma et les curieux de culture, cette aventure vous plonge au c\u0153ur des paysages cin\u00e9matographiques et des merveilles anciennes du Maroc. Explorez le l\u00e9gendaire A\u00eft Ben Haddou, un site class\u00e9 au patrimoine mondial de l\u2019UNESCO, et parcourez les d\u00e9cors embl\u00e9matiques ayant servi de cadre \u00e0 de nombreux films et s\u00e9ries. Cette <strong>visite priv\u00e9e de Marrakech \u00e0 Ouarzazate et Kasbah A\u00eft Ben Haddou <\/strong>s\u00e9duit autant par sa richesse historique que par la beaut\u00e9 \u00e9poustouflante de ses paysages. Que vous voyagiez seul, en famille ou entre amis, cette <strong>excursion personnalis\u00e9e \u00e0 Ouarzazate<\/strong> vous promet une exp\u00e9rience inoubliable. Rejoignez-nous dans cette <strong>excursion priv\u00e9e \u00e0 Ouarzazate<\/strong> et plongez dans un univers o\u00f9 pass\u00e9 et pr\u00e9sent se fondent harmonieusement.<\/p>\n<ul>\n<li>Traversez les montagnes du Haut Atlas.<\/li>\n<li>Admirez les sommets enneig\u00e9s de l\u2019Atlas et le col de Tizi N&#8217;Tichka.<\/li>\n<li>Suivez l\u2019ancienne route des caravanes commerciales de Telouet \u00e0 A\u00eft Ben Haddou.<\/li>\n<li>D\u00e9couvrez le village fortifi\u00e9 de la Kasbah A\u00eft Ben Haddou.<\/li>\n<li>Explorez Ouarzazate et ses c\u00e9l\u00e8bres studios de cin\u00e9ma Atlas.<\/li>\n<\/ul>\n<div class=\"tour-content-before\">\n<p>&nbsp;<\/p>\n<\/div>\n<hr \/>\n<p>&nbsp;<\/p>\n<div class=\"tour-content-what-included\">\n<h4 id=\"whats-included\">Ce qui est inclus<\/h4>\n<ul style=\"column-count: 2;\">\n<li><i class=\"tk tk-check\" aria-hidden=\"true\"><\/i>Transport aller-retour dans un v\u00e9hicule climatis\u00e9<\/li>\n<li><i class=\"tk tk-check\" aria-hidden=\"true\"><\/i>Service de prise en charge depuis votre h\u00f4tel ou Riad<\/li>\n<li><i class=\"tk tk-check\" aria-hidden=\"true\"><\/i>Chauffeur professionnel pendant le tour.<\/li>\n<li><i class=\"tk tk-times\"><\/i>Frais d&#8217;entr\u00e9e aux attractions<\/li>\n<li><i class=\"tk tk-times\"><\/i>Pourboires (facultatifs)<\/li>\n<li><i class=\"tk tk-times\"><\/i>D\u00e9jeuner<\/li>\n<\/ul>\n<\/div>\n<p>&nbsp;<\/p>\n<hr \/>\n<div class=\"tour-content-add-information\">\n<p>&nbsp;<\/p>\n<h4 id=\"additional-info\">Informations suppl\u00e9mentaires<\/h4>\n<ul style=\"column-count: 2;\">\n<li>Confirmation re\u00e7ue au moment de la r\u00e9servation<\/li>\n<li>Non accessible en fauteuil roulant<\/li>\n<li>Un minimum de 2 personnes est requis par r\u00e9servation<\/li>\n<li>Non recommand\u00e9 pour les voyageurs ayant des probl\u00e8mes de dos<\/li>\n<li>Non recommand\u00e9 pour les femmes enceintes<\/li>\n<li>La plupart des voyageurs peuvent participer<\/li>\n<li>Apportez des chaussures de marche confortables, de la cr\u00e8me solaire et un chapeau<\/li>\n<li>Des v\u00eatements chauds sont recommand\u00e9s pour les nuits dans le d\u00e9sert<\/li>\n<\/ul>\n<\/div>\n<p>&nbsp;<\/p>\n<hr \/>\n<p>&nbsp;<\/p>\n<div class=\"tour-content-cancell-policy\">\n<h4 id=\"cancelation-policy\">Point de rencontre et prise en charge<\/h4>\n<ul style=\"column-count: 2;\">\n<li><strong>Point de rencontre<\/strong> : Prise en charge \u00e0 votre h\u00f4tel situ\u00e9 dans le centre-ville de Marrakech le jour de la visite (ou au point le plus proche accessible en voiture de votre riad).<\/li>\n<li><strong>Instructions:<\/strong> Veuillez \u00eatre pr\u00eat dans le hall de votre h\u00f4tel 10 minutes avant l&#8217;heure de prise en charge pr\u00e9vue.<\/li>\n<\/ul>\n<\/div>\n<div class=\"tour-content-cancell-policy\"><\/div>\n","protected":false},"excerpt":{"rendered":"<p>Partez pour une Excursion priv\u00e9e Ouarzazate &#8211; A\u00eft Ben Haddou, o\u00f9 l\u2019histoire et Hollywood se rencontrent. Id\u00e9ale pour les passionn\u00e9s d\u2019histoire, les amateurs de cin\u00e9ma et les curieux de culture, <\/p>\n","protected":false},"featured_media":11276,"comment_status":"open","ping_status":"closed","template":"","meta":[],"product_cat":[182,289,291,186],"product_tag":[],"_links":{"self":[{"href":"https:\/\/www.marrakechbudgettours.com\/fr\/wp-json\/wp\/v2\/product\/12801"}],"collection":[{"href":"https:\/\/www.marrakechbudgettours.com\/fr\/wp-json\/wp\/v2\/product"}],"about":[{"href":"https:\/\/www.marrakechbudgettours.com\/fr\/wp-json\/wp\/v2\/types\/product"}],"replies":[{"embeddable":true,"href":"https:\/\/www.marrakechbudgettours.com\/fr\/wp-json\/wp\/v2\/comments?post=12801"}],"wp:featuredmedia":[{"embeddable":true,"href":"https:\/\/www.marrakechbudgettours.com\/fr\/wp-json\/wp\/v2\/media\/11276"}],"wp:attachment":[{"href":"https:\/\/www.marrakechbudgettours.com\/fr\/wp-json\/wp\/v2\/media?parent=12801"}],"wp:term":[{"taxonomy":"product_cat","embeddable":true,"href":"https:\/\/www.marrakechbudgettours.com\/fr\/wp-json\/wp\/v2\/product_cat?post=12801"},{"taxonomy":"product_tag","embeddable":true,"href":"https:\/\/www.marrakechbudgettours.com\/fr\/wp-json\/wp\/v2\/product_tag?post=12801"}],"curies":[{"name":"wp","href":"https:\/\/api.w.org\/{rel}","templated":true}]}}