{"id":12804,"date":"2024-07-25T11:51:44","date_gmt":"2024-07-25T09:51:44","guid":{"rendered":"https:\/\/marrakechbudgettours.com\/tour\/imlil-day-trip-from-marrakech\/"},"modified":"2024-10-22T12:54:29","modified_gmt":"2024-10-22T10:54:29","slug":"excursion-privee-vallee-imlil","status":"publish","type":"product","link":"https:\/\/www.marrakechbudgettours.com\/fr\/tour\/excursion-privee-vallee-imlil\/","title":{"rendered":"EXCURSION PRIV\u00c9E VALL\u00c9E D&#8217;IMLIL"},"content":{"rendered":"<p>\u00c9vadez-vous dans le Haut Atlas lors d&#8217;une <strong>Excursion priv\u00e9e vall\u00e9e d&#8217;imlil\u00a0au d\u00e9part de Marrakech<\/strong> et plongez au c\u0153ur des montagnes majestueuses du Haut Atlas. Ce voyage vous promet des paysages \u00e0 couper le souffle, une immersion dans la culture berb\u00e8re riche et des moments inoubliables. Id\u00e9ale pour les aventuriers, les amoureux de la nature et ceux \u00e0 la recherche d&#8217;une escapade paisible, cette <strong>randonn\u00e9e \u00e0 Imlil et dans le Haut Atlas<\/strong> offre un parfait \u00e9quilibre entre aventure et tranquillit\u00e9. D\u00e9couvrez la pittoresque vall\u00e9e d&#8217;Imlil, visitez des villages berb\u00e8res traditionnels et \u00e9merveillez-vous devant les vues imprenables. Que vous voyagiez seul, entre amis ou en famille, cette <strong>excursion priv\u00e9e d&#8217;une journ\u00e9e compl\u00e8te dans la vall\u00e9e d&#8217;Imlil<\/strong> vous laissera des souvenirs inoubliables. Rejoignez la <strong>meilleure excursion priv\u00e9e \u00e0 Imlil<\/strong> et explorez la beaut\u00e9 naturelle du Maroc comme jamais auparavant.<\/p>\n<ul>\n<li>Explorez les villages berb\u00e8res de la <strong>vall\u00e9e d&#8217;Imlil dans le Haut Atlas<\/strong>.<\/li>\n<li>Profitez d&#8217;une magnifique randonn\u00e9e dans la vall\u00e9e avec un guide de montagne.<\/li>\n<li>Savourez un repas local dans une maison berb\u00e8re.<\/li>\n<li>Admirez le Mont Toubkal, le plus haut sommet du Maroc et d&#8217;Afrique du Nord.<\/li>\n<\/ul>\n<div class=\"tour-content-before\">\n<p>&nbsp;<\/p>\n<\/div>\n<hr \/>\n<p>&nbsp;<\/p>\n<div class=\"tour-content-what-included\">\n<h4 id=\"whats-included\">Ce qui est inclus<\/h4>\n<ul style=\"column-count: 2;\">\n<li><i class=\"tk tk-check\" aria-hidden=\"true\"><\/i>Transport aller-retour dans un v\u00e9hicule climatis\u00e9<\/li>\n<li><i class=\"tk tk-check\" aria-hidden=\"true\"><\/i>Service de prise en charge depuis votre h\u00f4tel ou Riad<\/li>\n<li>Chauffeur professionnel<i class=\"tk tk-check\" aria-hidden=\"true\"><\/i><\/li>\n<li><i class=\"tk tk-times\"><\/i>Pourboires (facultatifs)<\/li>\n<li><i class=\"tk tk-times\"><\/i>D\u00e9jeuner<\/li>\n<\/ul>\n<\/div>\n<p>&nbsp;<\/p>\n<div class=\"tour-content-add-information\">\n<hr \/>\n<p>&nbsp;<\/p>\n<h4 id=\"additional-info\">Informations suppl\u00e9mentaires<\/h4>\n<ul style=\"column-count: 2;\">\n<li>Confirmation re\u00e7ue au moment de la r\u00e9servation<\/li>\n<li>Non accessible en fauteuil roulant<\/li>\n<li>Un minimum de 2 personnes est requis par r\u00e9servation<\/li>\n<li>Non recommand\u00e9 pour les voyageurs ayant des probl\u00e8mes de dos<\/li>\n<li>Non recommand\u00e9 pour les femmes enceintes<\/li>\n<li>La plupart des voyageurs peuvent participer<\/li>\n<li>Apportez des chaussures de marche confortables, de la cr\u00e8me solaire et un chapeau<\/li>\n<li>Des v\u00eatements chauds sont recommand\u00e9s pour les nuits dans le d\u00e9sert<\/li>\n<\/ul>\n<\/div>\n<p>&nbsp;<\/p>\n<hr \/>\n<p>&nbsp;<\/p>\n<div class=\"tour-content-cancell-policy\">\n<h4 id=\"cancelation-policy\">Point de rencontre et prise en charge<\/h4>\n<ul style=\"column-count: 2;\">\n<li><strong>Point de rencontre<\/strong> : Prise en charge \u00e0 votre h\u00f4tel situ\u00e9 dans le centre-ville de Marrakech le jour de la visite (ou au point le plus proche accessible en voiture de votre riad).<\/li>\n<li><strong>Instructions:<\/strong> Veuillez \u00eatre pr\u00eat dans le hall de votre h\u00f4tel 10 minutes avant l&#8217;heure de prise en charge pr\u00e9vue.<\/li>\n<\/ul>\n<\/div>\n<div class=\"tour-content-cancell-policy\"><\/div>\n<p>&nbsp;<\/p>\n","protected":false},"excerpt":{"rendered":"<p>\u00c9vadez-vous dans le Haut Atlas lors d&#8217;une Excursion priv\u00e9e vall\u00e9e d&#8217;imlil\u00a0au d\u00e9part de Marrakech et plongez au c\u0153ur des montagnes majestueuses du Haut Atlas. Ce voyage vous promet des paysages <\/p>\n","protected":false},"featured_media":11321,"comment_status":"open","ping_status":"closed","template":"","meta":[],"product_cat":[182,289,183],"product_tag":[],"_links":{"self":[{"href":"https:\/\/www.marrakechbudgettours.com\/fr\/wp-json\/wp\/v2\/product\/12804"}],"collection":[{"href":"https:\/\/www.marrakechbudgettours.com\/fr\/wp-json\/wp\/v2\/product"}],"about":[{"href":"https:\/\/www.marrakechbudgettours.com\/fr\/wp-json\/wp\/v2\/types\/product"}],"replies":[{"embeddable":true,"href":"https:\/\/www.marrakechbudgettours.com\/fr\/wp-json\/wp\/v2\/comments?post=12804"}],"wp:featuredmedia":[{"embeddable":true,"href":"https:\/\/www.marrakechbudgettours.com\/fr\/wp-json\/wp\/v2\/media\/11321"}],"wp:attachment":[{"href":"https:\/\/www.marrakechbudgettours.com\/fr\/wp-json\/wp\/v2\/media?parent=12804"}],"wp:term":[{"taxonomy":"product_cat","embeddable":true,"href":"https:\/\/www.marrakechbudgettours.com\/fr\/wp-json\/wp\/v2\/product_cat?post=12804"},{"taxonomy":"product_tag","embeddable":true,"href":"https:\/\/www.marrakechbudgettours.com\/fr\/wp-json\/wp\/v2\/product_tag?post=12804"}],"curies":[{"name":"wp","href":"https:\/\/api.w.org\/{rel}","templated":true}]}}