{"id":12825,"date":"2024-05-18T12:56:16","date_gmt":"2024-05-18T10:56:16","guid":{"rendered":"https:\/\/marrakechbudgettours.com\/tour\/agafay-desert-quad-camel-tour-with-dinner-show\/"},"modified":"2024-10-31T15:34:27","modified_gmt":"2024-10-31T14:34:27","slug":"diner-spectacle-dans-le-desert-dagafay-avec-quad-et-chameaux","status":"publish","type":"product","link":"https:\/\/www.marrakechbudgettours.com\/fr\/tour\/diner-spectacle-dans-le-desert-dagafay-avec-quad-et-chameaux\/","title":{"rendered":"D\u00ceNER SPECTACLE DANS LE D\u00c9SERT D&#8217;AGAFAY AVEC QUAD ET CHAMEAUX"},"content":{"rendered":"<p>Vivez une demi-journ\u00e9e inoubliable avec notre <strong>D\u00eener Spectacle dans le d\u00e9sert d&#8217;Agafay avec quad et chameaux<\/strong>, une exp\u00e9rience parfaite qui allie frissons et immersion culturelle. Cette aventure, pens\u00e9e pour les amateurs de sensations fortes et les passionn\u00e9s de culture, commence par une balade en quad \u00e0 travers les paysages grandioses du d\u00e9sert d\u2019Agafay, suivie d\u2019une paisible promenade en chameau au c\u0153ur des dunes. Alors que le jour laisse place \u00e0 la nuit, profitez d&#8217;un d\u00eener spectacle envo\u00fbtant sous le ciel \u00e9toil\u00e9 du d\u00e9sert. Que vous recherchiez une mont\u00e9e d&#8217;adr\u00e9naline ou un moment de d\u00e9tente, cette <strong>excursion dans le d\u00e9sert d&#8217;Agafay avec quad, chameau et d\u00eener spectacle<\/strong> a tout pour plaire.<\/p>\n<ul>\n<li>Traversez le d\u00e9sert d&#8217;Agafay \u00e0 dos de chameau<\/li>\n<li>Vivez une aventure exaltante en quad<\/li>\n<li>Habillez-vous en nomade avec un foulard bleu et une robe traditionnelle<\/li>\n<li>Prenez de magnifiques photos de votre groupe \u00e0 dos de chameau, avec le coucher du soleil en arri\u00e8re-plan<\/li>\n<li>Savourez une tasse de th\u00e9 \u00e0 la menthe dans un cadre authentique et chaleureux<\/li>\n<li>D\u00e9gustez un d\u00eener sous une tente berb\u00e8re<\/li>\n<\/ul>\n<p>&nbsp;<\/p>\n<hr \/>\n<p>&nbsp;<\/p>\n<div class=\"tour-content-what-included\">\n<h4 id=\"whats-included\">Ce qui est inclus<\/h4>\n<ul style=\"column-count: 2;\">\n<li><i class=\"tk tk-check\" aria-hidden=\"true\"><\/i>Transport aller-retour en v\u00e9hicule climatis\u00e9<\/li>\n<li><i class=\"tk tk-check\" aria-hidden=\"true\"><\/i>Prise en charge \u00e0 votre h\u00f4tel ou Riad<\/li>\n<li><i class=\"tk tk-check\" aria-hidden=\"true\"><\/i>Pause th\u00e9 \u00e0 la menthe authentique<\/li>\n<li><i class=\"tk tk-check\" aria-hidden=\"true\"><\/i>D\u00eener<\/li>\n<li><i class=\"tk tk-check\" aria-hidden=\"true\"><\/i>Chauffeur professionnel<\/li>\n<li><i class=\"tk tk-times\"><\/i>Frais d&#8217;entr\u00e9e aux attractions<\/li>\n<li><i class=\"tk tk-times\"><\/i>Pourboires (facultatifs)<\/li>\n<li><i class=\"tk tk-times\"><\/i>D\u00e9jeuner<\/li>\n<\/ul>\n<\/div>\n<p>&nbsp;<\/p>\n<hr \/>\n<p>&nbsp;<\/p>\n<div class=\"tour-content-add-information\">\n<div class=\"tour-content-add-information\">\n<div class=\"tour-content-add-information\">\n<div class=\"tour-content-add-information\">\n<h4 id=\"additional-info\">Informations suppl\u00e9mentaires :<\/h4>\n<ul style=\"column-count: 2;\">\n<li>Confirmation re\u00e7ue au moment de la r\u00e9servation<\/li>\n<li>Non accessible en fauteuil roulant<\/li>\n<li>Un minimum de 2 personnes est requis par r\u00e9servation<\/li>\n<li>Non recommand\u00e9 pour les voyageurs ayant des probl\u00e8mes de dos<\/li>\n<li>Non recommand\u00e9 pour les femmes enceintes<\/li>\n<li>La plupart des voyageurs peuvent participer<\/li>\n<li>Apportez des chaussures de marche confortables, de la cr\u00e8me solaire et un chapeau<\/li>\n<li>Des v\u00eatements chauds sont recommand\u00e9s pour les nuits dans le d\u00e9sert<\/li>\n<\/ul>\n<\/div>\n<\/div>\n<p>&nbsp;<\/p>\n<hr \/>\n<p>&nbsp;<\/p>\n<div class=\"tour-content-cancell-policy\">\n<h4 id=\"cancelation-policy\">Point de rencontre et prise en charge :<\/h4>\n<ul style=\"column-count: 2;\">\n<li><strong>Point de rencontre<\/strong> : Prise en charge \u00e0 votre h\u00f4tel situ\u00e9 dans le centre-ville de Marrakech le jour de la visite (ou au point le plus proche accessible en voiture de votre riad).<\/li>\n<li><strong>Instructions:<\/strong> Veuillez \u00eatre pr\u00eat dans le hall de votre h\u00f4tel 10 minutes avant l&#8217;heure de prise en charge pr\u00e9vue<\/li>\n<\/ul>\n<\/div>\n<p>&nbsp;<\/p>\n<\/div>\n<\/div>\n","protected":false},"excerpt":{"rendered":"<p><strong>D\u00eener dans le D\u00e9sert d&#8217;Agafay<br \/>\n<\/strong>S\u00e9lectionnez votre type de camp et vos activit\u00e9s:<strong><br \/>\n<\/strong><\/p>\n","protected":false},"featured_media":11355,"comment_status":"open","ping_status":"closed","template":"","meta":[],"product_cat":[179,182,177],"product_tag":[],"_links":{"self":[{"href":"https:\/\/www.marrakechbudgettours.com\/fr\/wp-json\/wp\/v2\/product\/12825"}],"collection":[{"href":"https:\/\/www.marrakechbudgettours.com\/fr\/wp-json\/wp\/v2\/product"}],"about":[{"href":"https:\/\/www.marrakechbudgettours.com\/fr\/wp-json\/wp\/v2\/types\/product"}],"replies":[{"embeddable":true,"href":"https:\/\/www.marrakechbudgettours.com\/fr\/wp-json\/wp\/v2\/comments?post=12825"}],"wp:featuredmedia":[{"embeddable":true,"href":"https:\/\/www.marrakechbudgettours.com\/fr\/wp-json\/wp\/v2\/media\/11355"}],"wp:attachment":[{"href":"https:\/\/www.marrakechbudgettours.com\/fr\/wp-json\/wp\/v2\/media?parent=12825"}],"wp:term":[{"taxonomy":"product_cat","embeddable":true,"href":"https:\/\/www.marrakechbudgettours.com\/fr\/wp-json\/wp\/v2\/product_cat?post=12825"},{"taxonomy":"product_tag","embeddable":true,"href":"https:\/\/www.marrakechbudgettours.com\/fr\/wp-json\/wp\/v2\/product_tag?post=12825"}],"curies":[{"name":"wp","href":"https:\/\/api.w.org\/{rel}","templated":true}]}}