{"id":12827,"date":"2024-07-28T13:22:43","date_gmt":"2024-07-28T11:22:43","guid":{"rendered":"https:\/\/marrakechbudgettours.com\/tour\/marrakesh-agafay-desert-dinner-under-the-stars\/"},"modified":"2024-11-02T13:03:21","modified_gmt":"2024-11-02T12:03:21","slug":"diner-sous-les-etoiles-au-desert-dagafay","status":"publish","type":"product","link":"https:\/\/www.marrakechbudgettours.com\/fr\/tour\/diner-sous-les-etoiles-au-desert-dagafay\/","title":{"rendered":"D\u00ceNER SOUS LES \u00c9TOILES AU D\u00c9SERT D&#8217;AGAFAY"},"content":{"rendered":"<p>Vivez l&#8217;enchantement d&#8217;un <strong>d\u00eener sous les \u00e9toiles au d\u00e9sert d&#8217;Agafay<\/strong> \u00e0 Marrakech. Pas besoin de parcourir le Sahara pour admirer un coucher de soleil dans le d\u00e9sert ! Cette soir\u00e9e magique vous offre un <strong>d\u00eener au coucher du soleil \u00e0 Agafay<\/strong>, vous permettant de profiter de la beaut\u00e9 d&#8217;un ciel \u00e9toil\u00e9 apr\u00e8s le spectacle du cr\u00e9puscule.<\/p>\n<p>Savourez un d\u00e9licieux repas au c\u0153ur de ce paysage unique. Go\u00fbtez aux saveurs locales avec un tajine fra\u00eechement pr\u00e9par\u00e9, suivi de p\u00e2tisseries traditionnelles et de th\u00e9 \u00e0 la menthe. Ce <strong>d\u00eener au d\u00e9sert d&#8217;Agafay<\/strong> promet une exp\u00e9rience culinaire inoubliable o\u00f9 la cuisine marocaine authentique se m\u00eale au charme des \u00e9toiles scintillantes.<\/p>\n<p>Rendez votre soir\u00e9e encore plus sp\u00e9ciale avec un <strong>d\u00eener-spectacle au d\u00e9sert d&#8217;Agafay<\/strong>. Profitez d\u2019un parfait m\u00e9lange de plaisirs culinaires et de performances captivantes, pour une nuit inoubliable dans le d\u00e9sert d\u2019Agafay.<\/p>\n<ul>\n<li>Vivez une exp\u00e9rience de d\u00eener unique.<\/li>\n<li>Go\u00fbtez \u00e0 la cuisine marocaine traditionnelle.<\/li>\n<li>Admirez le coucher du soleil sur le d\u00e9sert.<\/li>\n<li>Passez une soir\u00e9e romantique et m\u00e9morable au d\u00e9sert d&#8217;Agafay.<\/li>\n<\/ul>\n<div class=\"tour-content-before\">\n<p>&nbsp;<\/p>\n<\/div>\n<hr \/>\n<p>&nbsp;<\/p>\n<div class=\"tour-content-what-included\">\n<h4 id=\"whats-included\">Ce qui est inclus<\/h4>\n<ul style=\"column-count: 2;\">\n<li><i class=\"tk tk-check\" aria-hidden=\"true\"><\/i>Transport aller-retour en v\u00e9hicule climatis\u00e9<\/li>\n<li><i class=\"tk tk-check\" aria-hidden=\"true\"><\/i>Prise en charge \u00e0 votre h\u00f4tel ou Riad<\/li>\n<li><i class=\"tk tk-check\" aria-hidden=\"true\"><\/i>D\u00eener<\/li>\n<li><i class=\"tk tk-check\" aria-hidden=\"true\"><\/i>Chauffeur professionnel<\/li>\n<li><i class=\"tk tk-times\"><\/i>Frais d&#8217;entr\u00e9e aux attractions<\/li>\n<li><i class=\"tk tk-times\"><\/i>Pourboires (facultatifs)<\/li>\n<li><i class=\"tk tk-times\"><\/i>D\u00e9jeuner<\/li>\n<\/ul>\n<\/div>\n<p>&nbsp;<\/p>\n<hr \/>\n<p>&nbsp;<\/p>\n<div class=\"tour-content-add-information\">\n<div class=\"tour-content-add-information\">\n<div class=\"tour-content-add-information\">\n<div class=\"tour-content-add-information\">\n<h4 id=\"additional-info\">Informations suppl\u00e9mentaires :<\/h4>\n<ul style=\"column-count: 2;\">\n<li>Confirmation re\u00e7ue au moment de la r\u00e9servation<\/li>\n<li>Non accessible en fauteuil roulant<\/li>\n<li>Un minimum de 2 personnes est requis par r\u00e9servation<\/li>\n<li>Non recommand\u00e9 pour les voyageurs ayant des probl\u00e8mes de dos<\/li>\n<li>Non recommand\u00e9 pour les femmes enceintes<\/li>\n<li>La plupart des voyageurs peuvent participer<\/li>\n<li>Apportez des chaussures de marche confortables, de la cr\u00e8me solaire et un chapeau<\/li>\n<li>Des v\u00eatements chauds sont recommand\u00e9s pour les nuits dans le d\u00e9sert<\/li>\n<\/ul>\n<\/div>\n<\/div>\n<p>&nbsp;<\/p>\n<hr \/>\n<p>&nbsp;<\/p>\n<div class=\"tour-content-cancell-policy\">\n<h4 id=\"cancelation-policy\">Point de rencontre et prise en charge :<\/h4>\n<ul style=\"column-count: 2;\">\n<li><strong>Point de rencontre<\/strong> : Prise en charge \u00e0 votre h\u00f4tel situ\u00e9 dans le centre-ville de Marrakech le jour de la visite (ou au point le plus proche accessible en voiture de votre riad).<\/li>\n<li><strong>Instructions:<\/strong> Veuillez \u00eatre pr\u00eat dans le hall de votre h\u00f4tel 10 minutes avant l&#8217;heure de prise en charge pr\u00e9vue<\/li>\n<\/ul>\n<\/div>\n<p>&nbsp;<\/p>\n<\/div>\n<\/div>\n","protected":false},"excerpt":{"rendered":"<p>Vivez l&#8217;enchantement d&#8217;un d\u00eener sous les \u00e9toiles au d\u00e9sert d&#8217;Agafay \u00e0 Marrakech. Pas besoin de parcourir le Sahara pour admirer un coucher de soleil dans le d\u00e9sert ! Cette soir\u00e9e <\/p>\n","protected":false},"featured_media":11453,"comment_status":"open","ping_status":"closed","template":"","meta":[],"product_cat":[184,182,177],"product_tag":[],"_links":{"self":[{"href":"https:\/\/www.marrakechbudgettours.com\/fr\/wp-json\/wp\/v2\/product\/12827"}],"collection":[{"href":"https:\/\/www.marrakechbudgettours.com\/fr\/wp-json\/wp\/v2\/product"}],"about":[{"href":"https:\/\/www.marrakechbudgettours.com\/fr\/wp-json\/wp\/v2\/types\/product"}],"replies":[{"embeddable":true,"href":"https:\/\/www.marrakechbudgettours.com\/fr\/wp-json\/wp\/v2\/comments?post=12827"}],"wp:featuredmedia":[{"embeddable":true,"href":"https:\/\/www.marrakechbudgettours.com\/fr\/wp-json\/wp\/v2\/media\/11453"}],"wp:attachment":[{"href":"https:\/\/www.marrakechbudgettours.com\/fr\/wp-json\/wp\/v2\/media?parent=12827"}],"wp:term":[{"taxonomy":"product_cat","embeddable":true,"href":"https:\/\/www.marrakechbudgettours.com\/fr\/wp-json\/wp\/v2\/product_cat?post=12827"},{"taxonomy":"product_tag","embeddable":true,"href":"https:\/\/www.marrakechbudgettours.com\/fr\/wp-json\/wp\/v2\/product_tag?post=12827"}],"curies":[{"name":"wp","href":"https:\/\/api.w.org\/{rel}","templated":true}]}}