{"id":12834,"date":"2024-07-28T11:50:37","date_gmt":"2024-07-28T09:50:37","guid":{"rendered":"https:\/\/marrakechbudgettours.com\/tour\/atv-quad-biking-in-agafay-dunes-desert-marrakech-2\/"},"modified":"2024-10-29T13:19:41","modified_gmt":"2024-10-29T12:19:41","slug":"quad-agafay","status":"publish","type":"product","link":"https:\/\/www.marrakechbudgettours.com\/fr\/tour\/quad-agafay\/","title":{"rendered":"QUAD AU D\u00c9SERT AGAFAY"},"content":{"rendered":"<p>Vivez une aventure exaltante en quad dans les dunes et le d\u00e9sert d&#8217;Agafay pr\u00e8s de Marrakech. Cette excursion <strong>Quad au D\u00e9sert Agafay<\/strong> vous invite \u00e0 explorer la beaut\u00e9 sauvage du d\u00e9sert d\u2019Agafay, du d\u00e9sert de Marrakech et du paisible barrage.<\/p>\n<p>Votre parcours d\u00e9bute \u00e0 la base o\u00f9 un guide exp\u00e9riment\u00e9 vous donne un briefing de s\u00e9curit\u00e9. Ressentez l\u2019adr\u00e9naline monter d\u00e8s les premiers instants de cette <strong>excursion en quad au d\u00e9sert d&#8217;Agafay<\/strong>, traversant dunes, formations rocheuses et canyons cach\u00e9s. Ce tour hors des sentiers battus est une mani\u00e8re unique de d\u00e9couvrir les paysages \u00e0 couper le souffle du <strong>d\u00e9sert d&#8217;Agafay<\/strong>.<\/p>\n<p>Cette <strong>excursion en quad dans le d\u00e9sert d&#8217;Agafay<\/strong> vous permet de savourer le frisson de rouler \u00e0 travers les vastes collines arides. Id\u00e9ale pour les amateurs de sensations fortes, cette exp\u00e9rience m\u00eale adr\u00e9naline et beaut\u00e9 naturelle, ajoutant une touche m\u00e9morable \u00e0 votre s\u00e9jour \u00e0 Marrakech.<\/p>\n<ul>\n<li>Conduite en quad \u00e0 travers le d\u00e9sert d\u2019Agafay<\/li>\n<li>Parcourez les dunes en quad<\/li>\n<li>Admirez le coucher du soleil sur le d\u00e9sert<\/li>\n<li>Savourez un th\u00e9 \u00e0 la menthe avec les Berb\u00e8res<\/li>\n<\/ul>\n<div class=\"tour-content-before\">\n<p>&nbsp;<\/p>\n<\/div>\n<hr \/>\n<p>&nbsp;<\/p>\n<div class=\"tour-content-what-included\">\n<h4 id=\"whats-included\">Ce qui est inclus<\/h4>\n<ul style=\"column-count: 2;\">\n<li><i class=\"tk tk-check\" aria-hidden=\"true\"><\/i>Transport aller-retour en v\u00e9hicule climatis\u00e9<\/li>\n<li><i class=\"tk tk-check\" aria-hidden=\"true\"><\/i>Prise en charge \u00e0 votre h\u00f4tel ou Riad.<\/li>\n<li><i class=\"tk tk-check\" aria-hidden=\"true\"><\/i>Chauffeur professionnel<\/li>\n<li><i class=\"tk tk-times\"><\/i>Frais d&#8217;entr\u00e9e aux attractions<\/li>\n<li><i class=\"tk tk-times\"><\/i>Pourboires (facultatifs)<\/li>\n<li><i class=\"tk tk-times\"><\/i>D\u00e9jeuner<\/li>\n<\/ul>\n<\/div>\n<p>&nbsp;<\/p>\n<hr \/>\n<p>&nbsp;<\/p>\n<div class=\"tour-content-add-information\">\n<div class=\"tour-content-add-information\">\n<div class=\"tour-content-add-information\">\n<div class=\"tour-content-add-information\">\n<h4 id=\"additional-info\">Informations suppl\u00e9mentaires :<\/h4>\n<ul style=\"column-count: 2;\">\n<li>Confirmation re\u00e7ue au moment de la r\u00e9servation<\/li>\n<li>Non accessible en fauteuil roulant<\/li>\n<li>Un minimum de 2 personnes est requis par r\u00e9servation<\/li>\n<li>Non recommand\u00e9 pour les voyageurs ayant des probl\u00e8mes de dos<\/li>\n<li>Non recommand\u00e9 pour les femmes enceintes<\/li>\n<li>La plupart des voyageurs peuvent participer<\/li>\n<li>Apportez des chaussures de marche confortables, de la cr\u00e8me solaire et un chapeau<\/li>\n<li>Des v\u00eatements chauds sont recommand\u00e9s pour les nuits dans le d\u00e9sert<\/li>\n<\/ul>\n<\/div>\n<\/div>\n<p>&nbsp;<\/p>\n<hr \/>\n<p>&nbsp;<\/p>\n<div class=\"tour-content-cancell-policy\">\n<h4 id=\"cancelation-policy\">Point de rencontre et prise en charge :<\/h4>\n<ul style=\"column-count: 2;\">\n<li><strong>Point de rencontre<\/strong> : Prise en charge \u00e0 votre h\u00f4tel situ\u00e9 dans le centre-ville de Marrakech le jour de la visite (ou au point le plus proche accessible en voiture de votre riad).<\/li>\n<li><strong>Instructions:<\/strong> Veuillez \u00eatre pr\u00eat dans le hall de votre h\u00f4tel 10 minutes avant l&#8217;heure de prise en charge pr\u00e9vue<\/li>\n<\/ul>\n<\/div>\n<p>&nbsp;<\/p>\n<\/div>\n<\/div>\n","protected":false},"excerpt":{"rendered":"<p>Vivez une aventure exaltante en quad dans les dunes et le d\u00e9sert d&#8217;Agafay pr\u00e8s de Marrakech. Cette excursion Quad au D\u00e9sert Agafay vous invite \u00e0 explorer la beaut\u00e9 sauvage du <\/p>\n","protected":false},"featured_media":11424,"comment_status":"open","ping_status":"closed","template":"","meta":[],"product_cat":[182,177],"product_tag":[],"_links":{"self":[{"href":"https:\/\/www.marrakechbudgettours.com\/fr\/wp-json\/wp\/v2\/product\/12834"}],"collection":[{"href":"https:\/\/www.marrakechbudgettours.com\/fr\/wp-json\/wp\/v2\/product"}],"about":[{"href":"https:\/\/www.marrakechbudgettours.com\/fr\/wp-json\/wp\/v2\/types\/product"}],"replies":[{"embeddable":true,"href":"https:\/\/www.marrakechbudgettours.com\/fr\/wp-json\/wp\/v2\/comments?post=12834"}],"wp:featuredmedia":[{"embeddable":true,"href":"https:\/\/www.marrakechbudgettours.com\/fr\/wp-json\/wp\/v2\/media\/11424"}],"wp:attachment":[{"href":"https:\/\/www.marrakechbudgettours.com\/fr\/wp-json\/wp\/v2\/media?parent=12834"}],"wp:term":[{"taxonomy":"product_cat","embeddable":true,"href":"https:\/\/www.marrakechbudgettours.com\/fr\/wp-json\/wp\/v2\/product_cat?post=12834"},{"taxonomy":"product_tag","embeddable":true,"href":"https:\/\/www.marrakechbudgettours.com\/fr\/wp-json\/wp\/v2\/product_tag?post=12834"}],"curies":[{"name":"wp","href":"https:\/\/api.w.org\/{rel}","templated":true}]}}