{"id":12862,"date":"2024-08-08T12:17:28","date_gmt":"2024-08-08T10:17:28","guid":{"rendered":"https:\/\/marrakechbudgettours.com\/tour\/marrakech-palmeraie-quad-bike-experience-atv-off-road-tours\/"},"modified":"2024-11-19T16:53:48","modified_gmt":"2024-11-19T15:53:48","slug":"quad-palmeraie-marrakech","status":"publish","type":"product","link":"https:\/\/www.marrakechbudgettours.com\/fr\/tour\/quad-palmeraie-marrakech\/","title":{"rendered":"QUAD \u00c0 LA PALMERAIE DE MARRAKECH"},"content":{"rendered":"<p><strong>Balade en Quad dans la Palmeraie &#8211; Marrakech<\/strong><\/p>\n<p>Pr\u00e9parez-vous pour une aventure palpitante avec notre <strong>Balade en Quad \u00e0 la palmeraie de Marrakech<\/strong>\u00a0! Vivez une demi-journ\u00e9e d\u2019\u00e9vasion au c\u0153ur des paysages sauvages de la Palmeraie, o\u00f9 chaque acc\u00e9l\u00e9ration vous rapproche de l\u2019\u00e2me du Maroc.<\/p>\n<p>Commencez votre <strong>exp\u00e9rience en quad \u00e0 Marrakech<\/strong> en explorant les villages berb\u00e8res, v\u00e9ritables labyrinthes o\u00f9 chaque tournant r\u00e9v\u00e8le un mode de vie authentique et intemporel. Entre les majestueux palmiers et la poussi\u00e8re du d\u00e9sert soulev\u00e9e par votre quad, profitez de panoramas spectaculaires qui semblent s\u2019\u00e9tendre \u00e0 l\u2019infini.<\/p>\n<p>Ce n\u2019est pas juste une simple balade en quad : c\u2019est un v\u00e9ritable voyage. Que vous choisissiez de rouler en solo ou en duo, nos guides experts vous m\u00e8neront \u00e0 travers les secrets de la r\u00e9gion avec notre <strong>Tour Quad \u00e0 la Palmeraie Marrakech <\/strong>. Votre aventure prend une dimension unique avec une halte dans un village local, o\u00f9 vous serez accueilli chaleureusement. D\u00e9gustez un th\u00e9 marocain accompagn\u00e9 d\u2019une collation traditionnelle et partagez un moment d\u2019\u00e9change inoubliable.<\/p>\n<p>Votre <strong>exp\u00e9rience en quad \u00e0 Marrakech<\/strong> est synonyme de sensations fortes et de s\u00e9r\u00e9nit\u00e9. D\u00e8s votre arriv\u00e9e, notre \u00e9quipe veille \u00e0 votre s\u00e9curit\u00e9 avec un briefing complet, des casques adapt\u00e9s et des quads derni\u00e8re g\u00e9n\u00e9ration. Gr\u00e2ce \u00e0 une organisation sans faille, comprenant eau en bouteille et prise en charge depuis votre h\u00e9bergement, vous n\u2019aurez plus qu\u2019\u00e0 profiter de l\u2019aventure de votre vie.<\/p>\n<ul>\n<li>D\u00e9couvrez les paysages escarp\u00e9s et les terres rougeoyantes de la Palmeraie en quad<\/li>\n<li>Choisissez de piloter seul ou de partager un quad \u00e0 deux<\/li>\n<li>Apr\u00e8s votre balade en quad, d\u00e9tendez-vous autour d\u2019un th\u00e9 \u00e0 la menthe marocain<\/li>\n<li>Un guide exp\u00e9riment\u00e9 assure votre s\u00e9curit\u00e9 et vous accompagne tout au long du parcours<\/li>\n<\/ul>\n<div class=\"tour-content-before\">\n<p>&nbsp;<\/p>\n<\/div>\n<hr \/>\n<p>&nbsp;<\/p>\n<div class=\"tour-content-what-included\">\n<h4 id=\"whats-included\">Ce qui est inclus<\/h4>\n<ul style=\"column-count: 2;\">\n<li style=\"list-style-type: none;\">\n<ul style=\"column-count: 2;\">\n<li><i class=\"tk tk-check\" aria-hidden=\"true\"><\/i>Pick-up et drop off \u00e0 votre h\u00f4tel ou riad<\/li>\n<li><i class=\"tk tk-check\" aria-hidden=\"true\"><\/i>2-hour quad tour<\/li>\n<li><i class=\"tk tk-check\" aria-hidden=\"true\"><\/i>Th\u00e9 \u00e0 la menthe<\/li>\n<\/ul>\n<\/li>\n<\/ul>\n<ul style=\"column-count: 2;\">\n<li><i class=\"tk tk-times\"><\/i>Pourboires (facultatif)<\/li>\n<li><i class=\"tk tk-times\"><\/i>D\u00e9jeuner<\/li>\n<\/ul>\n<\/div>\n<p>&nbsp;<\/p>\n<hr \/>\n<p>&nbsp;<\/p>\n<div class=\"tour-content-add-information\">\n<div class=\"tour-content-add-information\">\n<h4 id=\"additional-info\">Informations compl\u00e9mentaires<\/h4>\n<ul style=\"column-count: 2;\">\n<li>Confirmation re\u00e7ue au moment de la r\u00e9servation<\/li>\n<li>Non accessible en fauteuil roulant<\/li>\n<li>Un minimum de 2 personnes est requis par r\u00e9servation<\/li>\n<li>Non recommand\u00e9 pour les voyageurs ayant des probl\u00e8mes de dos<\/li>\n<li>Non recommand\u00e9 pour les femmes enceintes<\/li>\n<li>La plupart des voyageurs peuvent participer<\/li>\n<li>Apportez des chaussures de marche confortables, de la cr\u00e8me solaire et un chapeau<\/li>\n<\/ul>\n<\/div>\n<p>&nbsp;<\/p>\n<hr \/>\n<p>&nbsp;<\/p>\n<div class=\"tour-content-cancell-policy\">\n<h4 id=\"cancelation-policy\">Point de rencontre et prise en charge<\/h4>\n<ul style=\"column-count: 2;\">\n<li><strong>Point de rencontre<\/strong>\u00a0: Prise en charge \u00e0 votre h\u00f4tel situ\u00e9 dans le centre-ville de Marrakech le jour de la visite (ou au point le plus proche accessible en voiture de votre riad).<\/li>\n<li><strong>Instructions:<\/strong>\u00a0Veuillez \u00eatre pr\u00eat dans le hall de votre h\u00f4tel 10 minutes avant l\u2019heure de prise en charge pr\u00e9vue<\/li>\n<\/ul>\n<\/div>\n<div class=\"tour-content-cancell-policy\"><\/div>\n<p>&nbsp;<\/p>\n<\/div>\n","protected":false},"excerpt":{"rendered":"<p>Balade en Quad dans la Palmeraie &#8211; Marrakech<br \/>\nPr\u00e9parez-vous pour une aventure palpitante avec notre Balade en Quad \u00e0 la palmeraie de Marrakech\u00a0! Vivez une demi-journ\u00e9e d\u2019\u00e9vasion au c\u0153ur des <\/p>\n","protected":false},"featured_media":11877,"comment_status":"open","ping_status":"closed","template":"","meta":[],"product_cat":[182,298],"product_tag":[209,314],"_links":{"self":[{"href":"https:\/\/www.marrakechbudgettours.com\/fr\/wp-json\/wp\/v2\/product\/12862"}],"collection":[{"href":"https:\/\/www.marrakechbudgettours.com\/fr\/wp-json\/wp\/v2\/product"}],"about":[{"href":"https:\/\/www.marrakechbudgettours.com\/fr\/wp-json\/wp\/v2\/types\/product"}],"replies":[{"embeddable":true,"href":"https:\/\/www.marrakechbudgettours.com\/fr\/wp-json\/wp\/v2\/comments?post=12862"}],"wp:featuredmedia":[{"embeddable":true,"href":"https:\/\/www.marrakechbudgettours.com\/fr\/wp-json\/wp\/v2\/media\/11877"}],"wp:attachment":[{"href":"https:\/\/www.marrakechbudgettours.com\/fr\/wp-json\/wp\/v2\/media?parent=12862"}],"wp:term":[{"taxonomy":"product_cat","embeddable":true,"href":"https:\/\/www.marrakechbudgettours.com\/fr\/wp-json\/wp\/v2\/product_cat?post=12862"},{"taxonomy":"product_tag","embeddable":true,"href":"https:\/\/www.marrakechbudgettours.com\/fr\/wp-json\/wp\/v2\/product_tag?post=12862"}],"curies":[{"name":"wp","href":"https:\/\/api.w.org\/{rel}","templated":true}]}}