{"id":12908,"date":"2024-08-12T13:12:32","date_gmt":"2024-08-12T11:12:32","guid":{"rendered":"https:\/\/marrakechbudgettours.com\/tour\/marrakech-airport-transfers-and-taxis\/"},"modified":"2024-12-06T11:49:37","modified_gmt":"2024-12-06T10:49:37","slug":"transferts-aeroport-marrakech","status":"publish","type":"product","link":"https:\/\/www.marrakechbudgettours.com\/fr\/tour\/transferts-aeroport-marrakech\/","title":{"rendered":"TRANSFERTS A\u00c9ROPORT DE MARRAKECH ET TAXIS DE\/VERS LA M\u00c9DINA ET LE CENTRE-VILLE DE MARRAKECH"},"content":{"rendered":"<p>Arrivez avec \u00e9l\u00e9gance gr\u00e2ce \u00e0 notre service de <strong>transferts a\u00e9roport de Marrakech<\/strong> et taxis, con\u00e7u pour les voyageurs en qu\u00eate de confort et de praticit\u00e9. Que vous arriviez ou partiez, notre <strong>transfert a\u00e9roport Marrakech<\/strong> vous garantit un trajet fluide depuis l&#8217;a\u00e9roport jusqu&#8217;\u00e0 votre destination, que ce soit dans la dynamique M\u00e9dina ou en plein centre-ville. Plus besoin d\u2019attendre ou de vous perdre sur des routes inconnues : nos chauffeurs professionnels vous conduiront l\u00e0 o\u00f9 vous devez aller, en toute simplicit\u00e9. Id\u00e9al pour les voyageurs solos, les couples ou les groupes, notre service de <strong>transport et taxi \u00e0 Marrakech<\/strong> assure une exp\u00e9rience priv\u00e9e, fiable et sans stress. Faites confiance \u00e0 notre <strong>transfert priv\u00e9 Marrakech a\u00e9roport<\/strong> pour commencer votre s\u00e9jour du bon pied.<\/p>\n<div class=\"tour-content-before\">\n<p>&nbsp;<\/p>\n<\/div>\n<hr \/>\n<p>&nbsp;<\/p>\n<div class=\"tour-content-what-included\">\n<h4 id=\"whats-included\">Ce qui est inclus<\/h4>\n<ul style=\"column-count: 2;\">\n<li><i class=\"tk tk-check\" aria-hidden=\"true\"><\/i>Service d&#8217;accueil \u00e0 l&#8217;a\u00e9roport<\/li>\n<li><i class=\"tk tk-check\" aria-hidden=\"true\"><\/i>V\u00e9hicule climatis\u00e9 pour votre transfert<\/li>\n<li><i class=\"tk tk-check\" aria-hidden=\"true\"><\/i>Chauffeur professionnel<\/li>\n<li><i class=\"tk tk-times\"><\/i>Pourboires (en option)<\/li>\n<\/ul>\n<\/div>\n<p>&nbsp;<\/p>\n<hr \/>\n<p>&nbsp;<\/p>\n<div class=\"tour-content-cancell-policy\">\n<h4 id=\"cancelation-policy\">Rencontre et prise en charge<\/h4>\n<ul style=\"column-count: 2;\">\n<li><strong>Point de rencontre:<\/strong> prise en charge \u00e0 l&#8217;a\u00e9roport de Marrakech Menara (RAK) ou \u00e0 votre h\u00f4tel du centre-ville de Marrakech (ou au point de prise en charge en voiture le plus proche de votre riad).<\/li>\n<li><strong>Heure de prise en charge:<\/strong> programm\u00e9e en fonction de l&#8217;heure d&#8217;arriv\u00e9e ou de d\u00e9part de votre vol<\/li>\n<li><strong>Instructions:<\/strong> \u00e0 votre arriv\u00e9e, cherchez votre chauffeur tenant une pancarte avec votre nom \u00e0 la sortie de l&#8217;a\u00e9roport. Pour les d\u00e9parts, veuillez \u00eatre pr\u00eat dans le hall de votre h\u00f4tel 10 minutes avant l&#8217;heure de prise en charge pr\u00e9vue (ou au point de prise en charge le plus proche de votre riad).<\/li>\n<\/ul>\n<\/div>\n<div class=\"tour-content-cancell-policy\"><\/div>\n<p>&nbsp;<\/p>\n","protected":false},"excerpt":{"rendered":"<p>Arrivez avec \u00e9l\u00e9gance gr\u00e2ce \u00e0 notre service de transferts a\u00e9roport de Marrakech et taxis, con\u00e7u pour les voyageurs en qu\u00eate de confort et de praticit\u00e9. Que vous arriviez ou partiez, <\/p>\n","protected":false},"featured_media":11914,"comment_status":"open","ping_status":"closed","template":"","meta":[],"product_cat":[182,318],"product_tag":[209,314],"_links":{"self":[{"href":"https:\/\/www.marrakechbudgettours.com\/fr\/wp-json\/wp\/v2\/product\/12908"}],"collection":[{"href":"https:\/\/www.marrakechbudgettours.com\/fr\/wp-json\/wp\/v2\/product"}],"about":[{"href":"https:\/\/www.marrakechbudgettours.com\/fr\/wp-json\/wp\/v2\/types\/product"}],"replies":[{"embeddable":true,"href":"https:\/\/www.marrakechbudgettours.com\/fr\/wp-json\/wp\/v2\/comments?post=12908"}],"wp:featuredmedia":[{"embeddable":true,"href":"https:\/\/www.marrakechbudgettours.com\/fr\/wp-json\/wp\/v2\/media\/11914"}],"wp:attachment":[{"href":"https:\/\/www.marrakechbudgettours.com\/fr\/wp-json\/wp\/v2\/media?parent=12908"}],"wp:term":[{"taxonomy":"product_cat","embeddable":true,"href":"https:\/\/www.marrakechbudgettours.com\/fr\/wp-json\/wp\/v2\/product_cat?post=12908"},{"taxonomy":"product_tag","embeddable":true,"href":"https:\/\/www.marrakechbudgettours.com\/fr\/wp-json\/wp\/v2\/product_tag?post=12908"}],"curies":[{"name":"wp","href":"https:\/\/api.w.org\/{rel}","templated":true}]}}