{"id":12911,"date":"2024-08-01T11:32:57","date_gmt":"2024-08-01T09:32:57","guid":{"rendered":"https:\/\/marrakechbudgettours.com\/tour\/marrakech-full-day-city-tour\/"},"modified":"2024-11-22T11:57:04","modified_gmt":"2024-11-22T10:57:04","slug":"visite-guidee-marrakech","status":"publish","type":"product","link":"https:\/\/www.marrakechbudgettours.com\/fr\/tour\/visite-guidee-marrakech\/","title":{"rendered":"VISITE GUID\u00c9E DE MARRAKECH D&#8217;UNE JOURN\u00c9E"},"content":{"rendered":"<p>Plongez dans une <strong>visite guid\u00e9e de Marrakech d&#8217;une journ\u00e9e<\/strong> qui d\u00e9voile les multiples facettes de cette ville historique. Accompagn\u00e9 par un <strong>guide touristique de Marrakech<\/strong>, explorez la splendeur des anciennes dynasties, l&#8217;\u00e9nergie du pr\u00e9sent et les promesses du futur.<\/p>\n<p>D\u00e9couvrez les merveilles architecturales qui font la renomm\u00e9e du Maroc, alors que Marrakech se r\u00e9v\u00e8le comme une ville de po\u00e9sie, d&#8217;art et de culture. Fl\u00e2nez dans les rues anim\u00e9es et les tr\u00e9sors cach\u00e9s de la <strong>M\u00e9dina de Marrakech<\/strong>, o\u00f9 chaque coin raconte l&#8217;histoire fascinante de son patrimoine et de son \u00e2me artistique.<\/p>\n<p>Cette <strong>visite de ville \u00e0 Marrakech<\/strong> offre une immersion compl\u00e8te au c\u0153ur de la cit\u00e9, vous garantissant une profonde admiration pour son charme unique et son h\u00e9ritage durable.<\/p>\n<ul>\n<li>D\u00e9couvrez le Palais Bahia, la Medersa Ben Youssef et les Tombeaux Saadiens, t\u00e9moins de l&#8217;art architectural, de la passion pour l&#8217;enseignement et de la fiert\u00e9 du sacrifice.<\/li>\n<li>Explorez le Jardin Majorelle et le Mus\u00e9e berb\u00e8re pour admirer des plantes exotiques et des \u0153uvres d&#8217;art inspir\u00e9es par la ville.<\/li>\n<\/ul>\n<div class=\"tour-content-before\">\n<p>&nbsp;<\/p>\n<\/div>\n<hr \/>\n<p>&nbsp;<\/p>\n<div class=\"tour-content-what-included\">\n<h4 id=\"whats-included\">What&#8217;s Included<\/h4>\n<ul style=\"column-count: 2;\">\n<li><i class=\"tk tk-check\" aria-hidden=\"true\"><\/i>Transport aller-retour dans un v\u00e9hicule climatis\u00e9<\/li>\n<li><i class=\"tk tk-check\" aria-hidden=\"true\"><\/i>Service de prise en charge depuis votre h\u00f4tel ou riad<\/li>\n<li><i class=\"tk tk-check\" aria-hidden=\"true\"><\/i>Local guide<\/li>\n<li><i class=\"tk tk-check\" aria-hidden=\"true\"><\/i>Chauffeur professionnel.<\/li>\n<li><i class=\"tk tk-times\"><\/i>Frais d&#8217;entr\u00e9e aux attractions<\/li>\n<li><i class=\"tk tk-times\"><\/i>Pourboires (en option)<\/li>\n<li><i class=\"tk tk-times\"><\/i>D\u00e9jeuner<\/li>\n<\/ul>\n<\/div>\n<p>&nbsp;<\/p>\n<hr \/>\n<p>&nbsp;<\/p>\n<div class=\"tour-content-add-information\">\n<div class=\"tour-content-add-information\">\n<div class=\"tour-content-add-information\">\n<h4 id=\"additional-info\">Informations suppl\u00e9mentaires :<\/h4>\n<ul style=\"column-count: 2;\">\n<li>Confirmation re\u00e7ue au moment de la r\u00e9servation<\/li>\n<li>Non accessible en fauteuil roulant<\/li>\n<li>Un minimum de 2 personnes est requis par r\u00e9servation<\/li>\n<li>Non recommand\u00e9 pour les voyageurs ayant des probl\u00e8mes de dos<\/li>\n<li>Non recommand\u00e9 pour les femmes enceintes<\/li>\n<li>La plupart des voyageurs peuvent participer<\/li>\n<li>Apportez des chaussures de marche confortables, de la cr\u00e8me solaire et un chapeau<\/li>\n<\/ul>\n<\/div>\n<\/div>\n<p>&nbsp;<\/p>\n<hr \/>\n<div class=\"tour-content-cancell-policy\">\n<p>&nbsp;<\/p>\n<div class=\"tour-content-cancell-policy\">\n<h4 id=\"cancelation-policy\">Point de rencontre et prise en charge :<\/h4>\n<ul style=\"column-count: 2;\">\n<li><strong>Point de rencontre<\/strong> : Prise en charge \u00e0 votre h\u00f4tel situ\u00e9 dans le Centre ville de Marrakech le jour de la visite (ou au point le plus proche accessible en voiture de votre riad).<\/li>\n<li><strong>Instructions:<\/strong> Veuillez \u00eatre pr\u00eat dans le hall de votre h\u00f4tel 10 minutes avant l&#8217;heure de prise en charge pr\u00e9vue<\/li>\n<\/ul>\n<\/div>\n<p>&nbsp;<\/p>\n<\/div>\n<\/div>\n<p>&nbsp;<\/p>\n","protected":false},"excerpt":{"rendered":"<p>Plongez dans une visite guid\u00e9e de Marrakech d&#8217;une journ\u00e9e qui d\u00e9voile les multiples facettes de cette ville historique. Accompagn\u00e9 par un guide touristique de Marrakech, explorez la splendeur des anciennes <\/p>\n","protected":false},"featured_media":11530,"comment_status":"open","ping_status":"closed","template":"","meta":[],"product_cat":[184,182,317],"product_tag":[],"_links":{"self":[{"href":"https:\/\/www.marrakechbudgettours.com\/fr\/wp-json\/wp\/v2\/product\/12911"}],"collection":[{"href":"https:\/\/www.marrakechbudgettours.com\/fr\/wp-json\/wp\/v2\/product"}],"about":[{"href":"https:\/\/www.marrakechbudgettours.com\/fr\/wp-json\/wp\/v2\/types\/product"}],"replies":[{"embeddable":true,"href":"https:\/\/www.marrakechbudgettours.com\/fr\/wp-json\/wp\/v2\/comments?post=12911"}],"wp:featuredmedia":[{"embeddable":true,"href":"https:\/\/www.marrakechbudgettours.com\/fr\/wp-json\/wp\/v2\/media\/11530"}],"wp:attachment":[{"href":"https:\/\/www.marrakechbudgettours.com\/fr\/wp-json\/wp\/v2\/media?parent=12911"}],"wp:term":[{"taxonomy":"product_cat","embeddable":true,"href":"https:\/\/www.marrakechbudgettours.com\/fr\/wp-json\/wp\/v2\/product_cat?post=12911"},{"taxonomy":"product_tag","embeddable":true,"href":"https:\/\/www.marrakechbudgettours.com\/fr\/wp-json\/wp\/v2\/product_tag?post=12911"}],"curies":[{"name":"wp","href":"https:\/\/api.w.org\/{rel}","templated":true}]}}