{"id":12995,"date":"2024-08-15T09:48:07","date_gmt":"2024-08-15T07:48:07","guid":{"rendered":"https:\/\/marrakechbudgettours.com\/tour\/transfer-marrakech-airport-palmeraie\/"},"modified":"2024-12-06T11:51:01","modified_gmt":"2024-12-06T10:51:01","slug":"transfert-aeroport-marrakech-palmeraie","status":"publish","type":"product","link":"https:\/\/www.marrakechbudgettours.com\/fr\/tour\/transfert-aeroport-marrakech-palmeraie\/","title":{"rendered":"TRANSFERT DE\/VERS A\u00c9ROPORT MARRAKECH &#8211; PALMERAIE"},"content":{"rendered":"<p>Optez pour un <strong>Transfert de\/vers a\u00e9roport marrakech &#8211; palmeraie<\/strong>\u00a0pour un trajet confortable et sans stress. Id\u00e9al pour les voyageurs solos, couples, familles ou professionnels, notre service allie ponctualit\u00e9 et professionnalisme.<\/p>\n<p>Que vous cherchiez un <strong>taxi Marrakech Palmeraie<\/strong> ou un <strong>taxi Palmeraie M\u00e9dina<\/strong>, profitez d\u2019un transport adapt\u00e9 \u00e0 vos besoins. Laissez-nous g\u00e9rer la logistique pendant que vous savourez le calme de la Palmeraie, loin de l\u2019agitation de la ville.<\/p>\n<p>&nbsp;<\/p>\n<div class=\"tour-content-before\">\n<p>&nbsp;<\/p>\n<\/div>\n<hr \/>\n<p>&nbsp;<\/p>\n<div class=\"tour-content-what-included\">\n<div class=\"tour-content-what-included\">\n<h4 id=\"whats-included\">Ce qui est inclus<\/h4>\n<ul style=\"column-count: 2;\">\n<li><i class=\"tk tk-check\" aria-hidden=\"true\"><\/i>Service d&#8217;accueil \u00e0 l&#8217;a\u00e9roport<\/li>\n<li><i class=\"tk tk-check\" aria-hidden=\"true\"><\/i>V\u00e9hicule climatis\u00e9 pour votre transfert<\/li>\n<li><i class=\"tk tk-check\" aria-hidden=\"true\"><\/i>Chauffeur professionnel<\/li>\n<li><i class=\"tk tk-times\"><\/i>Pourboires (en option)<\/li>\n<\/ul>\n<\/div>\n<p>&nbsp;<\/p>\n<hr \/>\n<p>&nbsp;<\/p>\n<div class=\"tour-content-cancell-policy\">\n<h4 id=\"cancelation-policy\">Rencontre et prise en charge<\/h4>\n<ul style=\"column-count: 2;\">\n<li><strong>Point de rencontre:<\/strong> prise en charge \u00e0 l&#8217;a\u00e9roport de Marrakech Menara (RAK) ou \u00e0 votre h\u00f4tel du centre-ville de Marrakech (ou au point de prise en charge en voiture le plus proche de votre riad).<\/li>\n<li><strong>Heure de prise en charge:<\/strong> programm\u00e9e en fonction de l&#8217;heure d&#8217;arriv\u00e9e ou de d\u00e9part de votre vol<\/li>\n<li><strong>Instructions:<\/strong> \u00e0 votre arriv\u00e9e, cherchez votre chauffeur tenant une pancarte avec votre nom \u00e0 la sortie de l&#8217;a\u00e9roport. Pour les d\u00e9parts, veuillez \u00eatre pr\u00eat dans le hall de votre h\u00f4tel 10 minutes avant l&#8217;heure de prise en charge pr\u00e9vue (ou au point de prise en charge le plus proche de votre riad).<\/li>\n<\/ul>\n<\/div>\n<div class=\"tour-content-cancell-policy\"><\/div>\n<p>&nbsp;<\/p>\n<\/div>\n","protected":false},"excerpt":{"rendered":"<p>Optez pour un Transfert de\/vers a\u00e9roport marrakech &#8211; palmeraie\u00a0pour un trajet confortable et sans stress. Id\u00e9al pour les voyageurs solos, couples, familles ou professionnels, notre service allie ponctualit\u00e9 et professionnalisme.<br \n<\/p>\n","protected":false},"featured_media":11911,"comment_status":"open","ping_status":"closed","template":"","meta":[],"product_cat":[182,318],"product_tag":[209,314],"_links":{"self":[{"href":"https:\/\/www.marrakechbudgettours.com\/fr\/wp-json\/wp\/v2\/product\/12995"}],"collection":[{"href":"https:\/\/www.marrakechbudgettours.com\/fr\/wp-json\/wp\/v2\/product"}],"about":[{"href":"https:\/\/www.marrakechbudgettours.com\/fr\/wp-json\/wp\/v2\/types\/product"}],"replies":[{"embeddable":true,"href":"https:\/\/www.marrakechbudgettours.com\/fr\/wp-json\/wp\/v2\/comments?post=12995"}],"wp:featuredmedia":[{"embeddable":true,"href":"https:\/\/www.marrakechbudgettours.com\/fr\/wp-json\/wp\/v2\/media\/11911"}],"wp:attachment":[{"href":"https:\/\/www.marrakechbudgettours.com\/fr\/wp-json\/wp\/v2\/media?parent=12995"}],"wp:term":[{"taxonomy":"product_cat","embeddable":true,"href":"https:\/\/www.marrakechbudgettours.com\/fr\/wp-json\/wp\/v2\/product_cat?post=12995"},{"taxonomy":"product_tag","embeddable":true,"href":"https:\/\/www.marrakechbudgettours.com\/fr\/wp-json\/wp\/v2\/product_tag?post=12995"}],"curies":[{"name":"wp","href":"https:\/\/api.w.org\/{rel}","templated":true}]}}