{"id":13032,"date":"2024-12-13T12:13:50","date_gmt":"2024-12-13T11:13:50","guid":{"rendered":"https:\/\/marrakechbudgettours.com\/?post_type=product&#038;p=13032"},"modified":"2024-12-18T11:00:56","modified_gmt":"2024-12-18T10:00:56","slug":"cours-de-cuisine-marrakech","status":"publish","type":"product","link":"https:\/\/www.marrakechbudgettours.com\/fr\/tour\/cours-de-cuisine-marrakech\/","title":{"rendered":"COURS DE CUISINE MARRAKECH"},"content":{"rendered":"<p>D\u00e9couvrez la magie de la cuisine marocaine \u00e0 travers un <strong>cours de cuisine Marrakech<\/strong> authentique. En utilisant des ingr\u00e9dients frais et locaux, apprenez \u00e0 pr\u00e9parer des plats traditionnels guid\u00e9 par des chefs locaux exp\u00e9riment\u00e9s. Ces <strong>ateliers de cuisine marocaine<\/strong> pratiques offrent une exp\u00e9rience culturelle unique, vous permettant d\u2019explorer les riches saveurs et techniques de la gastronomie marocaine.<\/p>\n<p>Certaines s\u00e9ances incluent une visite d\u2019un souk \u00e0 proximit\u00e9, o\u00f9 vous s\u00e9lectionnerez des produits frais et des \u00e9pices, ajoutant une immersion suppl\u00e9mentaire \u00e0 votre aventure culinaire. Que vous participiez \u00e0 un <strong>cours de cuisine marocaine avec un chef local<\/strong> en famille ou entre amis, chaque session se termine par le moment le plus attendu : d\u00e9guster les d\u00e9licieux plats que vous avez pr\u00e9par\u00e9s.<\/p>\n<p>Id\u00e9al pour les passionn\u00e9s de gastronomie et les voyageurs, ces <strong>cours de cuisine marocaine \u00e0 Marrakech<\/strong> vous laisseront des souvenirs inoubliables et des comp\u00e9tences pour recr\u00e9er les saveurs du Maroc chez vous.<\/p>\n<ul>\n<li>Apprenez les techniques authentiques de la cuisine marocaine<\/li>\n<li>D\u00e9gustez les cr\u00e9ations des chefs marocains exp\u00e9riment\u00e9s<\/li>\n<li>D\u00e9couvrez le rituel du th\u00e9 \u00e0 la menthe marocain<\/li>\n<li>Repartez avec des recettes de diff\u00e9rents plats marocains \u00e0 refaire chez vous<\/li>\n<\/ul>\n<div class=\"tour-content-before\">\n<p>&nbsp;<\/p>\n<\/div>\n<hr \/>\n<p>&nbsp;<\/p>\n<div class=\"tour-content-what-included\">\n<h4 id=\"whats-included\">Ce qui est inclus<\/h4>\n<ul style=\"column-count: 2;\">\n<li><i class=\"tk tk-check\" aria-hidden=\"true\"><\/i>Transport aller-retour dans un v\u00e9hicule climatis\u00e9<\/li>\n<li><i class=\"tk tk-check\" aria-hidden=\"true\"><\/i>D\u00e9jeuner<\/li>\n<li><i class=\"tk tk-check\" aria-hidden=\"true\"><\/i>Caf\u00e9 et\/ou th\u00e9<\/li>\n<li><i class=\"tk tk-times\"><\/i>Boissons suppl\u00e9mentaires<\/li>\n<li><i class=\"tk tk-times\"><\/i>Pourboires (en option)<i class=\"tk tk-times\"><\/i><\/li>\n<\/ul>\n<\/div>\n<p>&nbsp;<\/p>\n<hr \/>\n<p>&nbsp;<\/p>\n<div class=\"tour-content-add-information\">\n<div class=\"tour-content-add-information\">\n<div class=\"tour-content-add-information\">\n<h4 id=\"additional-info\">Informations suppl\u00e9mentaires :<\/h4>\n<ul style=\"column-count: 2;\">\n<li>Confirmation re\u00e7ue au moment de la r\u00e9servation<\/li>\n<li>Non accessible en fauteuil roulant<\/li>\n<li>La plupart des voyageurs peuvent participer<\/li>\n<li>Apportez des chaussures de marche confortables, de la cr\u00e8me solaire et un chapeau<\/li>\n<\/ul>\n<\/div>\n<\/div>\n<p>&nbsp;<\/p>\n<hr \/>\n<div class=\"tour-content-cancell-policy\">\n<p>&nbsp;<\/p>\n<div class=\"tour-content-cancell-policy\">\n<h4 id=\"cancelation-policy\">Point de rencontre et prise en charge :<\/h4>\n<ul style=\"column-count: 2;\">\n<li><strong>Point de rencontre<\/strong> : Prise en charge \u00e0 votre h\u00f4tel situ\u00e9 dans le Centre ville de Marrakech le jour de la visite (ou au point le plus proche accessible en voiture de votre riad).<\/li>\n<li><strong>Instructions:<\/strong> Veuillez \u00eatre pr\u00eat dans le hall de votre h\u00f4tel 10 minutes avant l&#8217;heure de prise en charge pr\u00e9vue<\/li>\n<\/ul>\n<\/div>\n<p>&nbsp;<\/p>\n<\/div>\n<\/div>\n<p>&nbsp;<\/p>\n","protected":false},"excerpt":{"rendered":"<p>D\u00e9couvrez la magie de la cuisine marocaine \u00e0 travers un cours de cuisine Marrakech authentique. En utilisant des ingr\u00e9dients frais et locaux, apprenez \u00e0 pr\u00e9parer des plats traditionnels guid\u00e9 par <\/p>\n","protected":false},"featured_media":13041,"comment_status":"open","ping_status":"closed","template":"","meta":[],"product_cat":[184,321,182],"product_tag":[],"_links":{"self":[{"href":"https:\/\/www.marrakechbudgettours.com\/fr\/wp-json\/wp\/v2\/product\/13032"}],"collection":[{"href":"https:\/\/www.marrakechbudgettours.com\/fr\/wp-json\/wp\/v2\/product"}],"about":[{"href":"https:\/\/www.marrakechbudgettours.com\/fr\/wp-json\/wp\/v2\/types\/product"}],"replies":[{"embeddable":true,"href":"https:\/\/www.marrakechbudgettours.com\/fr\/wp-json\/wp\/v2\/comments?post=13032"}],"wp:featuredmedia":[{"embeddable":true,"href":"https:\/\/www.marrakechbudgettours.com\/fr\/wp-json\/wp\/v2\/media\/13041"}],"wp:attachment":[{"href":"https:\/\/www.marrakechbudgettours.com\/fr\/wp-json\/wp\/v2\/media?parent=13032"}],"wp:term":[{"taxonomy":"product_cat","embeddable":true,"href":"https:\/\/www.marrakechbudgettours.com\/fr\/wp-json\/wp\/v2\/product_cat?post=13032"},{"taxonomy":"product_tag","embeddable":true,"href":"https:\/\/www.marrakechbudgettours.com\/fr\/wp-json\/wp\/v2\/product_tag?post=13032"}],"curies":[{"name":"wp","href":"https:\/\/api.w.org\/{rel}","templated":true}]}}